{"id":544,"date":"2023-05-08T16:11:46","date_gmt":"2023-05-08T16:11:46","guid":{"rendered":"https:\/\/jetav.ro\/?page_id=544"},"modified":"2025-08-14T10:27:31","modified_gmt":"2025-08-14T08:27:31","slug":"keen-and-curious","status":"publish","type":"page","link":"https:\/\/jetav.ro\/en\/pasionati-si-curiosi\/","title":{"rendered":"Passionate and curious"},"content":{"rendered":"<div class=\"container\"><img loading=\"lazy\" decoding=\"async\" class=\"aligncenter size-full wp-image-1849\" src=\"https:\/\/jetav.ro\/wp-content\/uploads\/JETAV_website_Pasionati-si-curiosi.png\" alt=\"\" width=\"1280\" height=\"614\" \/><\/p>\n<h2>When you are passionate about flying, the world is infinitely more beautiful from the cockpit! Now you have the chance to experience the magic of flight at the hands of JETAV Flight Academy flight simulators.<\/h2>\n<h3 class=\"yellow\">Whether you are a beginner or an aviation enthusiast, you can enjoy a unique experience suitable for any age.<\/h3>\n<p>For a simulator session you don&#039;t need to have knowledge in the field, but to go through a session where we can simulate a flight as real as possible, with more special procedures, such as turbulence, crosswind, storm, flight of night, engine failure, etc., we recommend 2 sessions.<\/p>\n<p><strong>The briefing will be conducted as follows:<\/strong><\/p>\n<ul class=\"styled\">\n<li>any aviation curiosity you have will be discussed;<\/li>\n<li>the dashboard will be explained;<\/li>\n<li>the data of the destination airport will be entered into the computer;<\/li>\n<li>weather conditions will be introduced (storm, wind, turbulence);<\/li>\n<li>it will be explained how to calculate the amount of kerosene required to the destination airport;<\/li>\n<li>the checklist will be made.<\/li>\n<\/ul>\n<div class=\"row-grid grid-gap grid-m columns-3\">\n<div><a class=\"btn-gradient btn-full\" href=\"#AirbusA320\">Airbus A320 Flight Simulator<\/a><\/div>\n<div><a class=\"btn-gradient btn-full\" href=\"#Boeing\">Boeing 737NG Flight Simulator<\/a><\/div>\n<div><a class=\"btn-gradient btn-full\" href=\"#SEP\">SEP Flight Simulator<\/a><\/div>\n<\/div>\n<\/div>\n<div class=\"container\">\n<div class=\"space-vertical-big\">\n<h2 class=\"yellow\">We offer you 5 sessions in the simulator for FREE!<\/h2>\n<p>Because your passion needs to be nurtured with knowledge and training with our flight academy pilot instructors, when you buy a 10-session subscription to either of the two flight simulators, you get 5 bonus sessions. You have 15 sessions for a complete experience!<\/p>\n<p>*The offer cannot be combined with other active promotions.<br \/>\n**Offer is for aviation enthusiasts and enthusiasts only and does not represent career training or therapy to treat the fear of flying.<\/p>\n<\/div>\n<\/div>\n<div class=\"container\">\n<div id=\"AirbusA320\" class=\"row-grid grid-gap grid-m grid-center columns-2\">\n<div>\n<h2>Airbus A320 simulator<\/h2>\n<p>With this state-of-the-art simulator dedicated to the Airbus A320 \u2013 one of the most popular and successful passenger aircraft in the world \u2013 you can experience the full dynamics of a real flight: from takeoffs and landings, to unforeseen situations and emergency scenarios. Here you can test everything, just like in the cockpit of an airliner. <\/p>\n<p>A session consists of 20 minutes of briefing and 1 hour of flight in the Airbus A320 simulator.<\/p>\n<div class=\"row-grid grid-m columns-1\">\n<div class=\"border-grey\">\n<div class=\"bg-dark-blue spaced-s\">\n<h4 class=\"white text-center no-margin\">MONDAY \u2013 SUNDAY<br \/>\n09:00 \u2013 22:00<\/h4>\n<\/div>\n<div>\n<h3 class=\"yellow text-center\">150 EUROS<\/h3>\n<\/div>\n<\/div>\n<\/div>\n<p><a class=\"btn-gradient\" href=\"https:\/\/wa.me\/40728354448\" target=\"_blank\" rel=\"noopener\"><i class=\"fab fa-whatsapp\"><\/i> Order via Whatsapp!<\/a><\/p>\n<\/div>\n<div><img decoding=\"async\" src=\"https:\/\/jetav.ro\/wp-content\/uploads\/JETAV_Airbus-A320_website_Pasionati-si-curiosi-Simulator-de-Zbor-Airbus-A320.png\" alt=\"Airbus A320 simulator\" \/><\/div>\n<\/div>\n<div id=\"Boeing\" class=\"row-grid grid-gap grid-m grid-center columns-2\">\n<div><img decoding=\"async\" src=\"https:\/\/jetav.ro\/wp-content\/uploads\/Simulator-Boeing-2.png\" alt=\"Boeing simulator\" \/><\/div>\n<div>\n<h2>Boeing 737 NG simulator<\/h2>\n<p>Do you want to have an unforgettable experience at the wheel of a 62000 kg B737, admire and experience an airport take-off\/landing from a sunny beach or between snowy mountains? Do you want to feel the adrenaline of a special case (engine failure\/fire\/storm)? Now you have the chance to be the captain yourself, at the helm of our B737NG simulator.<\/p>\n<p>A session consists of 20 minutes of briefing and 1 hour of flight in the Boeing 737 NG simulator.<\/p>\n<div class=\"row-grid grid-m columns-3\">\n<div class=\"border-grey\">\n<div class=\"bg-dark-blue spaced-s\">\n<h4 class=\"white text-center no-margin\">MONDAY FRIDAY<br \/>\n09:00 \u2013 17:00<\/h4>\n<\/div>\n<div>\n<h3 class=\"yellow text-center\">110 EUROS<\/h3>\n<\/div>\n<\/div>\n<div class=\"border-grey\">\n<div class=\"bg-dark-blue spaced-s\">\n<h4 class=\"white text-center no-margin\">MONDAY FRIDAY<br \/>\n17:00 \u2013 21:30<\/h4>\n<\/div>\n<div>\n<h3 class=\"yellow text-center\">125 EUROS<\/h3>\n<\/div>\n<\/div>\n<div class=\"border-grey\">\n<div class=\"bg-dark-blue spaced-s\">\n<h4 class=\"white text-center no-margin\">SATURDAY<br \/>\nSUNDAY<\/h4>\n<\/div>\n<div>\n<h3 class=\"yellow text-center\">140 EUROS<\/h3>\n<\/div>\n<\/div>\n<\/div>\n<p><a class=\"btn-gradient\" href=\"https:\/\/wa.me\/40728354448\" target=\"_blank\" rel=\"noopener\"><i class=\"fab fa-whatsapp\"><\/i> Order via Whatsapp!<\/a>\n<\/div>\n<\/div>\n<div id=\"SEP\" class=\"row-grid grid-gap grid-m grid-center columns-2\">\n<div>\n<h2>SEP simulator<\/h2>\n<p>If you&#039;re not ready for a big plane or you simply want to see what it&#039;s like in the cockpit of a recreational plane, we invite you to try the SEP (Single Engine Piston) simulator. You will be able to feel the adrenaline of a special case with engine failure, fire on board, or flying during a storm, etc.<\/p>\n<p>A simulator session consists of 15 minutes of briefing and 1 hour of flight in the SEP simulator.<\/p>\n<div class=\"row-grid grid-m columns-3\">\n<div class=\"border-grey\">\n<div class=\"bg-dark-blue spaced-s\">\n<h4 class=\"white text-center no-margin\">MONDAY FRIDAY<br \/>\n09:00 \u2013 17:00<\/h4>\n<\/div>\n<div>\n<h3 class=\"yellow text-center\">80 EUROS<\/h3>\n<\/div>\n<\/div>\n<div class=\"border-grey\">\n<div class=\"bg-dark-blue spaced-s\">\n<h4 class=\"white text-center no-margin\">MONDAY FRIDAY<br \/>\n17:00 \u2013 21:30<\/h4>\n<\/div>\n<div>\n<h3 class=\"yellow text-center\">80 EUROS<\/h3>\n<\/div>\n<\/div>\n<div class=\"border-grey\">\n<div class=\"bg-dark-blue spaced-s\">\n<h4 class=\"white text-center no-margin\">SATURDAY<br \/>\nSUNDAY<\/h4>\n<\/div>\n<div>\n<h3 class=\"yellow text-center\">80 EUROS<\/h3>\n<\/div>\n<\/div>\n<\/div>\n<p><a class=\"btn-gradient\" href=\"https:\/\/wa.me\/40728354448\" target=\"_blank\" rel=\"noopener\"><i class=\"fab fa-whatsapp\"><\/i> Order via Whatsapp!<\/a>\n<\/div>\n<div><img decoding=\"async\" src=\"https:\/\/jetav.ro\/wp-content\/uploads\/Simulator-SEP-1.png\" alt=\"SEP simulator\" \/><\/div>\n<\/div>\n<\/div>\n<div class=\"container\">\n<h3>Schedule a meeting<\/h3>\n\n<div class=\"wpcf7 no-js\" id=\"wpcf7-f1960-o1\" lang=\"ro-RO\" dir=\"ltr\" data-wpcf7-id=\"1960\">\n<div class=\"screen-reader-response\"><p role=\"status\" aria-live=\"polite\" aria-atomic=\"true\"><\/p> <ul><\/ul><\/div>\n<form action=\"\/en\/wp-json\/wp\/v2\/pages\/544#wpcf7-f1960-o1\" method=\"post\" class=\"wpcf7-form init\" aria-label=\"Contact form\" novalidate=\"novalidate\" data-status=\"init\" data-trp-original-action=\"\/en\/wp-json\/wp\/v2\/pages\/544#wpcf7-f1960-o1\">\n<fieldset class=\"hidden-fields-container\"><input type=\"hidden\" name=\"_wpcf7\" value=\"1960\" \/><input type=\"hidden\" name=\"_wpcf7_version\" value=\"6.1.5\" \/><input type=\"hidden\" name=\"_wpcf7_locale\" value=\"ro_RO\" \/><input type=\"hidden\" name=\"_wpcf7_unit_tag\" value=\"wpcf7-f1960-o1\" \/><input type=\"hidden\" name=\"_wpcf7_container_post\" value=\"0\" \/><input type=\"hidden\" name=\"_wpcf7_posted_data_hash\" value=\"\" \/>\n<\/fieldset>\n<div class=\"row-flex flex-m flex-gap\">\n\t<p><label><span class=\"wpcf7-form-control-wrap\" data-name=\"your-name\"><input size=\"40\" maxlength=\"400\" class=\"wpcf7-form-control wpcf7-text wpcf7-validates-as-required\" autocomplete=\"name\" aria-required=\"true\" aria-invalid=\"false\" placeholder=\"Your Name.\" value=\"\" type=\"text\" name=\"your-name\" \/><\/span> <\/label>\n\t<\/p>\n\t<p><label><span class=\"wpcf7-form-control-wrap\" data-name=\"your-email\"><input size=\"40\" maxlength=\"400\" class=\"wpcf7-form-control wpcf7-email wpcf7-validates-as-required wpcf7-text wpcf7-validates-as-email\" autocomplete=\"email\" aria-required=\"true\" aria-invalid=\"false\" placeholder=\"Email address\" value=\"\" type=\"email\" name=\"your-email\" \/><\/span> <\/label>\n\t<\/p>\n\t<p><label><span class=\"wpcf7-form-control-wrap\" data-name=\"telefon\"><input size=\"40\" maxlength=\"400\" class=\"wpcf7-form-control wpcf7-tel wpcf7-text wpcf7-validates-as-tel\" aria-invalid=\"false\" placeholder=\"Phone\" value=\"\" type=\"tel\" name=\"telefon\" \/><\/span> <\/label>\n\t<\/p>\n<\/div>\n<p><label><span class=\"wpcf7-form-control-wrap\" data-name=\"simulator\"><select class=\"wpcf7-form-control wpcf7-select\" aria-invalid=\"false\" name=\"simulator\"><option value=\"Simulator Boeing 737 NG\">Boeing 737 NG simulator<\/option><option value=\"Simulator Airbus A320\">Airbus A320 simulator<\/option><option value=\"Simulator SEP\">SEP simulator<\/option><\/select><\/span><\/label>\n<\/p>\n<div class=\"row-grid columns-2 grid-gap\">\n\t<div>\n\t\t<p><span class=\"wpcf7-form-control-wrap\" data-name=\"data\"><input class=\"wpcf7-form-control wpcf7-date wpcf7-validates-as-date\" aria-invalid=\"false\" value=\"\" type=\"date\" name=\"data\" \/><\/span>\n\t\t<\/p>\n\t<\/div>\n\t<div>\n\t\t<p><span class=\"wpcf7-form-control-wrap\" data-name=\"ora\"><input size=\"40\" maxlength=\"400\" class=\"wpcf7-form-control wpcf7-text\" aria-invalid=\"false\" placeholder=\"Hour\" value=\"\" type=\"text\" name=\"ora\" \/><\/span>\n\t\t<\/p>\n\t<\/div>\n<\/div>\n<p><label><span class=\"wpcf7-form-control-wrap\" data-name=\"your-message\"><textarea cols=\"40\" rows=\"10\" maxlength=\"2000\" class=\"wpcf7-form-control wpcf7-textarea\" aria-invalid=\"false\" placeholder=\"Message\" name=\"your-message\"><\/textarea><\/span> <\/label><br \/>\n<div class=\"cf7-cf-turnstile\" style=\"margin-top: 0px; margin-bottom: -15px;\"> <div id=\"cf-turnstile-cf7-1449917219\" class=\"cf-turnstile\" data-callback=\"turnstileCF7Callback\" data-sitekey=\"0x4AAAAAABs2fGidDok13ue4\" data-theme=\"light\" data-language=\"auto\" data-size=\"normal\" data-retry=\"auto\" data-retry-interval=\"1000\" data-refresh-expired=\"auto\" data-refresh-timeout=\"auto\" data-action=\"contact-form-7\" data-appearance=\"always\"><\/div> <style>.wpcf7-submit { pointer-events: none; opacity: 0.5; }<\/style> <script>document.addEventListener(\"DOMContentLoaded\", function() { setTimeout(function(){ var e=document.getElementById(\"cf-turnstile-cf7-1449917219\"); if(e&&!e.innerHTML.trim()){turnstile.render(e, {sitekey:\"0x4AAAAAABs2fGidDok13ue4\"});} }, 200); });<\/script> <br class=\"cf-turnstile-br cf-turnstile-br-cf7-1449917219\"> <style>#cf-turnstile-cf7-1449917219 { margin-left: -15px; }<\/style> <script>document.addEventListener(\"DOMContentLoaded\",function(){document.querySelectorAll('.wpcf7-form').forEach(function(e){e.addEventListener('submit',function(){if(document.getElementById('cf-turnstile-cf7-1449917219')){setTimeout(function(){turnstile.reset('#cf-turnstile-cf7-1449917219');},1000)}})})});<\/script> <\/div>\n<\/p>\n<p><span class=\"wpcf7-form-control-wrap\" data-name=\"accept-termeni\"><span class=\"wpcf7-form-control wpcf7-acceptance\"><span class=\"wpcf7-list-item\"><label><input type=\"checkbox\" name=\"accept-termeni\" value=\"1\" aria-invalid=\"false\" \/><span class=\"wpcf7-list-item-label\">I accept <a href=\"https:\/\/jetav.ro\/en\/terms-and-conditions\/\">terms and conditions<\/a> Jetav<\/span><\/label><\/span><\/span><\/span>\n<\/p>\n<p><input class=\"wpcf7-form-control wpcf7-submit has-spinner\" type=\"submit\" value=\"send\" \/>\n<\/p><div class=\"wpcf7-response-output\" aria-hidden=\"true\"><\/div>\n<input type=\"hidden\" name=\"trp-form-language\" value=\"en\"\/><\/form>\n<\/div>\n\n<\/div>\n<section class=\"bg-blue\">\n<div class=\"container\">\n<div class=\"row-flex flex-space flex-center-m flex-m\">\n<div>\n<h2 class=\"white no-margin\">We are at your disposal for any information<\/h2>\n<\/div>\n<div class=\"space-vertical row-flex flex-center\">\n<div>\n<h3 class=\"white\">CALL US<br \/>\n+4031 433 84 18<\/h3>\n<\/div>\n<\/div>\n<\/div>\n<\/div>\n<\/section>\n<div class=\"container\">\n<div id='gallery-1' class='gallery galleryid-544 gallery-columns-1 gallery-size-full'><figure class='gallery-item'>\n\t\t\t<div class='gallery-icon landscape'>\n\t\t\t\t<a href=\"https:\/\/jetav.ro\/wp-content\/uploads\/sim-1.jpg\" title=\"\" data-rl_title=\"\" class=\"rl-gallery-link\" data-rl_caption=\"\" data-rel=\"lightbox-gallery-1\" data-rl_><img loading=\"lazy\" decoding=\"async\" width=\"1320\" height=\"737\" src=\"https:\/\/jetav.ro\/wp-content\/uploads\/sim-1.jpg\" class=\"attachment-full size-full\" alt=\"\" srcset=\"https:\/\/jetav.ro\/wp-content\/uploads\/sim-1.jpg 1320w, https:\/\/jetav.ro\/wp-content\/uploads\/sim-1-680x380.jpg 680w, https:\/\/jetav.ro\/wp-content\/uploads\/sim-1-1024x572.jpg 1024w, https:\/\/jetav.ro\/wp-content\/uploads\/sim-1-768x429.jpg 768w, https:\/\/jetav.ro\/wp-content\/uploads\/sim-1-18x10.jpg 18w\" sizes=\"auto, (max-width: 1320px) 100vw, 1320px\" \/><\/a>\n\t\t\t<\/div><\/figure><figure class='gallery-item'>\n\t\t\t<div class='gallery-icon landscape'>\n\t\t\t\t<a href=\"https:\/\/jetav.ro\/wp-content\/uploads\/sim-2.jpg\" title=\"\" data-rl_title=\"\" class=\"rl-gallery-link\" data-rl_caption=\"\" data-rel=\"lightbox-gallery-1\" data-rl_><img loading=\"lazy\" decoding=\"async\" width=\"1320\" height=\"737\" src=\"https:\/\/jetav.ro\/wp-content\/uploads\/sim-2.jpg\" class=\"attachment-full size-full\" alt=\"\" srcset=\"https:\/\/jetav.ro\/wp-content\/uploads\/sim-2.jpg 1320w, https:\/\/jetav.ro\/wp-content\/uploads\/sim-2-680x380.jpg 680w, https:\/\/jetav.ro\/wp-content\/uploads\/sim-2-1024x572.jpg 1024w, https:\/\/jetav.ro\/wp-content\/uploads\/sim-2-768x429.jpg 768w, https:\/\/jetav.ro\/wp-content\/uploads\/sim-2-18x10.jpg 18w\" sizes=\"auto, (max-width: 1320px) 100vw, 1320px\" \/><\/a>\n\t\t\t<\/div><\/figure><figure class='gallery-item'>\n\t\t\t<div class='gallery-icon landscape'>\n\t\t\t\t<a href=\"https:\/\/jetav.ro\/wp-content\/uploads\/sim-3.jpg\" title=\"\" data-rl_title=\"\" class=\"rl-gallery-link\" data-rl_caption=\"\" data-rel=\"lightbox-gallery-1\" data-rl_><img loading=\"lazy\" decoding=\"async\" width=\"1320\" height=\"737\" src=\"https:\/\/jetav.ro\/wp-content\/uploads\/sim-3.jpg\" class=\"attachment-full size-full\" alt=\"\" srcset=\"https:\/\/jetav.ro\/wp-content\/uploads\/sim-3.jpg 1320w, https:\/\/jetav.ro\/wp-content\/uploads\/sim-3-680x380.jpg 680w, https:\/\/jetav.ro\/wp-content\/uploads\/sim-3-1024x572.jpg 1024w, https:\/\/jetav.ro\/wp-content\/uploads\/sim-3-768x429.jpg 768w, https:\/\/jetav.ro\/wp-content\/uploads\/sim-3-18x10.jpg 18w\" sizes=\"auto, (max-width: 1320px) 100vw, 1320px\" \/><\/a>\n\t\t\t<\/div><\/figure><figure class='gallery-item'>\n\t\t\t<div class='gallery-icon landscape'>\n\t\t\t\t<a href=\"https:\/\/jetav.ro\/wp-content\/uploads\/sim-4.jpg\" title=\"\" data-rl_title=\"\" class=\"rl-gallery-link\" data-rl_caption=\"\" data-rel=\"lightbox-gallery-1\" data-rl_><img loading=\"lazy\" decoding=\"async\" width=\"1320\" height=\"737\" src=\"https:\/\/jetav.ro\/wp-content\/uploads\/sim-4.jpg\" class=\"attachment-full size-full\" alt=\"\" srcset=\"https:\/\/jetav.ro\/wp-content\/uploads\/sim-4.jpg 1320w, https:\/\/jetav.ro\/wp-content\/uploads\/sim-4-680x380.jpg 680w, https:\/\/jetav.ro\/wp-content\/uploads\/sim-4-1024x572.jpg 1024w, https:\/\/jetav.ro\/wp-content\/uploads\/sim-4-768x429.jpg 768w, https:\/\/jetav.ro\/wp-content\/uploads\/sim-4-18x10.jpg 18w\" sizes=\"auto, (max-width: 1320px) 100vw, 1320px\" \/><\/a>\n\t\t\t<\/div><\/figure><figure class='gallery-item'>\n\t\t\t<div class='gallery-icon landscape'>\n\t\t\t\t<a href=\"https:\/\/jetav.ro\/wp-content\/uploads\/sim-5.jpg\" title=\"\" data-rl_title=\"\" class=\"rl-gallery-link\" data-rl_caption=\"\" data-rel=\"lightbox-gallery-1\" data-rl_><img loading=\"lazy\" decoding=\"async\" width=\"1320\" height=\"737\" src=\"https:\/\/jetav.ro\/wp-content\/uploads\/sim-5.jpg\" class=\"attachment-full size-full\" alt=\"\" srcset=\"https:\/\/jetav.ro\/wp-content\/uploads\/sim-5.jpg 1320w, https:\/\/jetav.ro\/wp-content\/uploads\/sim-5-680x380.jpg 680w, https:\/\/jetav.ro\/wp-content\/uploads\/sim-5-1024x572.jpg 1024w, https:\/\/jetav.ro\/wp-content\/uploads\/sim-5-768x429.jpg 768w, https:\/\/jetav.ro\/wp-content\/uploads\/sim-5-18x10.jpg 18w\" sizes=\"auto, (max-width: 1320px) 100vw, 1320px\" \/><\/a>\n\t\t\t<\/div><\/figure><figure class='gallery-item'>\n\t\t\t<div class='gallery-icon landscape'>\n\t\t\t\t<a href=\"https:\/\/jetav.ro\/wp-content\/uploads\/sim-6.jpg\" title=\"\" data-rl_title=\"\" class=\"rl-gallery-link\" data-rl_caption=\"\" data-rel=\"lightbox-gallery-1\" data-rl_><img loading=\"lazy\" decoding=\"async\" width=\"1320\" height=\"737\" src=\"https:\/\/jetav.ro\/wp-content\/uploads\/sim-6.jpg\" class=\"attachment-full size-full\" alt=\"\" srcset=\"https:\/\/jetav.ro\/wp-content\/uploads\/sim-6.jpg 1320w, https:\/\/jetav.ro\/wp-content\/uploads\/sim-6-680x380.jpg 680w, https:\/\/jetav.ro\/wp-content\/uploads\/sim-6-1024x572.jpg 1024w, https:\/\/jetav.ro\/wp-content\/uploads\/sim-6-768x429.jpg 768w, https:\/\/jetav.ro\/wp-content\/uploads\/sim-6-18x10.jpg 18w\" sizes=\"auto, (max-width: 1320px) 100vw, 1320px\" \/><\/a>\n\t\t\t<\/div><\/figure>\n\t\t<\/div>\n\n<\/div>","protected":false},"excerpt":{"rendered":"<p>Atunci c\u00e2nd e\u0219ti pasionat de zbor, lumea este infinit mai frumoas\u0103 din cockpit! Acum ai \u0219ansa s\u0103 experimentezi magia zborului la man\u0219a simulatoarelor de zbor JETAV Flight Academy. Fie c\u0103 e\u0219ti \u00eencep\u0103tor sau un entuziast al avia\u021biei, te po\u021bi bucura de o experienta unic\u0103 potrivit\u0103 pentru orice v\u00e2rst\u0103. Pentru o \u0219edin\u021b\u0103 de simulator nu trebuie [&hellip;]<\/p>\n","protected":false},"author":2,"featured_media":831,"parent":0,"menu_order":0,"comment_status":"closed","ping_status":"closed","template":"page-header.php","meta":{"footnotes":""},"class_list":["post-544","page","type-page","status-publish","has-post-thumbnail","hentry"],"_links":{"self":[{"href":"https:\/\/jetav.ro\/en\/wp-json\/wp\/v2\/pages\/544","targetHints":{"allow":["GET"]}}],"collection":[{"href":"https:\/\/jetav.ro\/en\/wp-json\/wp\/v2\/pages"}],"about":[{"href":"https:\/\/jetav.ro\/en\/wp-json\/wp\/v2\/types\/page"}],"author":[{"embeddable":true,"href":"https:\/\/jetav.ro\/en\/wp-json\/wp\/v2\/users\/2"}],"replies":[{"embeddable":true,"href":"https:\/\/jetav.ro\/en\/wp-json\/wp\/v2\/comments?post=544"}],"version-history":[{"count":59,"href":"https:\/\/jetav.ro\/en\/wp-json\/wp\/v2\/pages\/544\/revisions"}],"predecessor-version":[{"id":4606,"href":"https:\/\/jetav.ro\/en\/wp-json\/wp\/v2\/pages\/544\/revisions\/4606"}],"wp:featuredmedia":[{"embeddable":true,"href":"https:\/\/jetav.ro\/en\/wp-json\/wp\/v2\/media\/831"}],"wp:attachment":[{"href":"https:\/\/jetav.ro\/en\/wp-json\/wp\/v2\/media?parent=544"}],"curies":[{"name":"wp","href":"https:\/\/api.w.org\/{rel}","templated":true}]}}