{"id":515,"date":"2023-05-08T11:08:06","date_gmt":"2023-05-08T11:08:06","guid":{"rendered":"https:\/\/jetav.ro\/?page_id=515"},"modified":"2025-08-07T17:34:32","modified_gmt":"2025-08-07T15:34:32","slug":"therapeutic-programme-for-fear-of-flying","status":"publish","type":"page","link":"https:\/\/jetav.ro\/en\/program-terapeutic-pentru-teama-de-zbor\/","title":{"rendered":"Therapeutic program for fear of flying"},"content":{"rendered":"<div class=\"container\">\n<div id='gallery-1' class='gallery galleryid-515 gallery-columns-3 gallery-size-full'><figure class='gallery-item'>\n\t\t\t<div class='gallery-icon landscape'>\n\t\t\t\t<a href='https:\/\/jetav.ro\/wp-content\/uploads\/carusel-03.png' title=\"\" data-rl_title=\"\" class=\"rl-gallery-link\" data-rl_caption=\"\" data-rel=\"lightbox-gallery-1\"><img loading=\"lazy\" decoding=\"async\" width=\"1320\" height=\"609\" src=\"https:\/\/jetav.ro\/wp-content\/uploads\/carusel-03.png\" class=\"attachment-full size-full\" alt=\"\" srcset=\"https:\/\/jetav.ro\/wp-content\/uploads\/carusel-03.png 1320w, https:\/\/jetav.ro\/wp-content\/uploads\/carusel-03-680x314.png 680w, https:\/\/jetav.ro\/wp-content\/uploads\/carusel-03-1024x472.png 1024w, https:\/\/jetav.ro\/wp-content\/uploads\/carusel-03-768x354.png 768w, https:\/\/jetav.ro\/wp-content\/uploads\/carusel-03-18x8.png 18w\" sizes=\"auto, (max-width: 1320px) 100vw, 1320px\" \/><\/a>\n\t\t\t<\/div><\/figure><figure class='gallery-item'>\n\t\t\t<div class='gallery-icon landscape'>\n\t\t\t\t<a href='https:\/\/jetav.ro\/wp-content\/uploads\/carusel-02.png' title=\"\" data-rl_title=\"\" class=\"rl-gallery-link\" data-rl_caption=\"\" data-rel=\"lightbox-gallery-1\"><img loading=\"lazy\" decoding=\"async\" width=\"1320\" height=\"609\" src=\"https:\/\/jetav.ro\/wp-content\/uploads\/carusel-02.png\" class=\"attachment-full size-full\" alt=\"\" srcset=\"https:\/\/jetav.ro\/wp-content\/uploads\/carusel-02.png 1320w, https:\/\/jetav.ro\/wp-content\/uploads\/carusel-02-680x314.png 680w, https:\/\/jetav.ro\/wp-content\/uploads\/carusel-02-1024x472.png 1024w, https:\/\/jetav.ro\/wp-content\/uploads\/carusel-02-768x354.png 768w, https:\/\/jetav.ro\/wp-content\/uploads\/carusel-02-18x8.png 18w\" sizes=\"auto, (max-width: 1320px) 100vw, 1320px\" \/><\/a>\n\t\t\t<\/div><\/figure><figure class='gallery-item'>\n\t\t\t<div class='gallery-icon landscape'>\n\t\t\t\t<a href='https:\/\/jetav.ro\/wp-content\/uploads\/carusel-01.png' title=\"\" data-rl_title=\"\" class=\"rl-gallery-link\" data-rl_caption=\"\" data-rel=\"lightbox-gallery-1\"><img loading=\"lazy\" decoding=\"async\" width=\"1320\" height=\"609\" src=\"https:\/\/jetav.ro\/wp-content\/uploads\/carusel-01.png\" class=\"attachment-full size-full\" alt=\"\" srcset=\"https:\/\/jetav.ro\/wp-content\/uploads\/carusel-01.png 1320w, https:\/\/jetav.ro\/wp-content\/uploads\/carusel-01-680x314.png 680w, https:\/\/jetav.ro\/wp-content\/uploads\/carusel-01-1024x472.png 1024w, https:\/\/jetav.ro\/wp-content\/uploads\/carusel-01-768x354.png 768w, https:\/\/jetav.ro\/wp-content\/uploads\/carusel-01-18x8.png 18w\" sizes=\"auto, (max-width: 1320px) 100vw, 1320px\" \/><\/a>\n\t\t\t<\/div><\/figure>\n\t\t<\/div>\n\n<h2>GET RID OF THE FEAR OF FLYING EASILY!<\/h2>\n<p>If you are afraid of flying, we can solve your problem with this package that includes discussions with our pilots and specialists, flight in Boeing 737 or Airbus A320 simulators. Here you will have the opportunity to discover the work of pilots both in normal cases and in cases where many people have palpitations, such as abnormal or emergency ones.<\/p>\n<p><strong>A therapeutic simulator session consists of 20 minutes of briefing and 2 hours of flight on the 737NG or A320 simulator.<\/strong><\/p>\n<p>The ideal way to treat your fear of flying is to make a scenario in which we simulate a real flight such as Otopeni - Sibiu or Vienna - Innsbruk, together with a real pilot (who works as a pilot for a Romanian airline operator). Practically, you will have in-depth discussions with our instructors, who are active pilots, to understand the preparation of a &quot;head to tail&quot; flight. You will deepen certain technical and general aviation knowledge as well as statistical data or related to flight crew training. All this knowledge will help you overcome your fear of flying. For this package we recommend 2 cumulative simulator sessions.<\/p>\n<h3>Cost of a Boeing 737 seat:<\/h3>\n<div class=\"row-grid grid-m columns-3\">\n<div class=\"border-grey\">\n<div class=\"bg-dark-blue spaced-s\">\n<h4 class=\"white text-center no-margin\">MONDAY FRIDAY<br \/>\n09:00 \u2013 17:00<\/h4>\n<\/div>\n<div>\n<h3 class=\"yellow text-center\">220 EUROS<\/h3>\n<\/div>\n<\/div>\n<div class=\"border-grey\">\n<div class=\"bg-dark-blue spaced-s\">\n<h4 class=\"white text-center no-margin\">MONDAY FRIDAY<br \/>\n17:00 \u2013 21:30<\/h4>\n<\/div>\n<div>\n<h3 class=\"yellow text-center\">250 EUROS<\/h3>\n<\/div>\n<\/div>\n<div class=\"border-grey\">\n<div class=\"bg-dark-blue spaced-s\">\n<h4 class=\"white text-center no-margin\">SATURDAY<br \/>\nSUNDAY<\/h4>\n<\/div>\n<div>\n<h3 class=\"yellow text-center\">280 EUROS<\/h3>\n<\/div>\n<\/div>\n<p><a class=\"btn-gradient\" href=\"https:\/\/wa.me\/40728354448\" target=\"_blank\" rel=\"noopener\"><i class=\"fab fa-whatsapp\"><\/i> Order via Whatsapp!<\/a>\n<\/div>\n<h3>Cost of an Airbus A320 seat:<\/h3>\n<div class=\"row-grid grid-m\">\n<div class=\"border-grey\">\n<div class=\"bg-dark-blue spaced-s\">\n<h4 class=\"white text-center no-margin\">MONDAY \u2013 SUNDAY<br \/>\n09:00 \u2013 22:00<\/h4>\n<\/div>\n<div>\n<h3 class=\"yellow text-center\">300 EUROS<\/h3>\n<\/div>\n<\/div>\n<p><a class=\"btn-gradient\" href=\"https:\/\/wa.me\/40728354448\" target=\"_blank\" rel=\"noopener\"><i class=\"fab fa-whatsapp\"><\/i> Order via Whatsapp!<\/a>\n<\/div>\n<p><strong>The briefing will be conducted as follows: <\/strong><\/p>\n<ul class=\"styled\">\n<li>any aviation curiosity you may have will be discussed<\/li>\n<li>the dashboard will be explained<\/li>\n<li>the data of the destination airport will be entered into the computer<\/li>\n<li>weather conditions will be entered (storm, wind, turbulence)<\/li>\n<li>it will be explained how to calculate the amount of kerosene required to the destination airport<\/li>\n<li>the checklist will be checked.<\/li>\n<\/ul>\n<h3>What benefits do you get from the program?<\/h3>\n<ul class=\"styled\">\n<li>understanding your fears<\/li>\n<li>regaining control<\/li>\n<li>the pleasure of being on board an aircraft<\/li>\n<li>the joy of an aviation experience<\/li>\n<\/ul>\n<\/div>\n<section class=\"bg-blue\">\n<div class=\"container\">\n<div class=\"row-flex flex-space flex-center-m flex-m\">\n<div>\n<h2 class=\"white no-margin\">Need more details?<\/h2>\n<\/div>\n<div class=\"space-vertical row-flex flex-center\">\n<div><\/div>\n<div>\n<h3 class=\"white\"><small>CALL US<\/small><br \/>\n+4031 433 84 18<\/h3>\n<\/div>\n<\/div>\n<\/div>\n<\/div>\n<\/section>\n<div class=\"container\">\n<div id=\"register\" class=\"spaced-vertical\">\n<h3>Schedule an Aviophobia session<\/h3>\n\n<div class=\"wpcf7 no-js\" id=\"wpcf7-f822-o1\" lang=\"ro-RO\" dir=\"ltr\" data-wpcf7-id=\"822\">\n<div class=\"screen-reader-response\"><p role=\"status\" aria-live=\"polite\" aria-atomic=\"true\"><\/p> <ul><\/ul><\/div>\n<form action=\"\/en\/wp-json\/wp\/v2\/pages\/515#wpcf7-f822-o1\" method=\"post\" class=\"wpcf7-form init\" aria-label=\"Contact form\" novalidate=\"novalidate\" data-status=\"init\" data-trp-original-action=\"\/en\/wp-json\/wp\/v2\/pages\/515#wpcf7-f822-o1\">\n<fieldset class=\"hidden-fields-container\"><input type=\"hidden\" name=\"_wpcf7\" value=\"822\" \/><input type=\"hidden\" name=\"_wpcf7_version\" value=\"6.1.5\" \/><input type=\"hidden\" name=\"_wpcf7_locale\" value=\"ro_RO\" \/><input type=\"hidden\" name=\"_wpcf7_unit_tag\" value=\"wpcf7-f822-o1\" \/><input type=\"hidden\" name=\"_wpcf7_container_post\" value=\"0\" \/><input type=\"hidden\" name=\"_wpcf7_posted_data_hash\" value=\"\" \/>\n<\/fieldset>\n<div class=\"row-flex flex-m flex-gap\">\n\t<p><label><span class=\"wpcf7-form-control-wrap\" data-name=\"your-name\"><input size=\"40\" maxlength=\"400\" class=\"wpcf7-form-control wpcf7-text wpcf7-validates-as-required\" autocomplete=\"name\" aria-required=\"true\" aria-invalid=\"false\" placeholder=\"Your Name.\" value=\"\" type=\"text\" name=\"your-name\" \/><\/span> <\/label>\n\t<\/p>\n\t<p><label><span class=\"wpcf7-form-control-wrap\" data-name=\"your-email\"><input size=\"40\" maxlength=\"400\" class=\"wpcf7-form-control wpcf7-email wpcf7-validates-as-required wpcf7-text wpcf7-validates-as-email\" autocomplete=\"email\" aria-required=\"true\" aria-invalid=\"false\" placeholder=\"Email address\" value=\"\" type=\"email\" name=\"your-email\" \/><\/span> <\/label>\n\t<\/p>\n\t<p><label><span class=\"wpcf7-form-control-wrap\" data-name=\"phone\"><input size=\"40\" maxlength=\"400\" class=\"wpcf7-form-control wpcf7-tel wpcf7-text wpcf7-validates-as-tel\" aria-invalid=\"false\" placeholder=\"your mobile\" value=\"\" type=\"tel\" name=\"phone\" \/><\/span> <\/label>\n\t<\/p>\n<\/div>\n<p><span class=\"wpcf7-form-control-wrap\" data-name=\"your-subject\"><select class=\"wpcf7-form-control wpcf7-select\" aria-invalid=\"false\" name=\"your-subject\"><option value=\"SCAP\u0102 U\u0218OR DE FRICA DE ZBOR!\">GET RID OF THE FEAR OF FLYING EASILY!<\/option><\/select><\/span>\n<\/p>\n<p><label><span class=\"wpcf7-form-control-wrap\" data-name=\"simulator\"><select class=\"wpcf7-form-control wpcf7-select\" aria-invalid=\"false\" name=\"simulator\"><option value=\"Simulator Boeing 737 NG\">Boeing 737 NG simulator<\/option><option value=\"Simulator Airbus A320\">Airbus A320 simulator<\/option><\/select><\/span><\/label>\n<\/p>\n<p><label><span class=\"wpcf7-form-control-wrap\" data-name=\"your-message\"><textarea cols=\"40\" rows=\"10\" maxlength=\"2000\" class=\"wpcf7-form-control wpcf7-textarea\" aria-invalid=\"false\" placeholder=\"Message\" name=\"your-message\"><\/textarea><\/span> <\/label><br \/>\n<div class=\"cf7-cf-turnstile\" style=\"margin-top: 0px; margin-bottom: -15px;\"> <div id=\"cf-turnstile-cf7-1683892462\" class=\"cf-turnstile\" data-callback=\"turnstileCF7Callback\" data-sitekey=\"0x4AAAAAABs2fGidDok13ue4\" data-theme=\"light\" data-language=\"auto\" data-size=\"normal\" data-retry=\"auto\" data-retry-interval=\"1000\" data-refresh-expired=\"auto\" data-action=\"contact-form-7\" data-appearance=\"always\"><\/div> <style>.wpcf7-submit { pointer-events: none; opacity: 0.5; }<\/style> <script>document.addEventListener(\"DOMContentLoaded\", function() { setTimeout(function(){ var e=document.getElementById(\"cf-turnstile-cf7-1683892462\"); e&&!e.innerHTML.trim()&&(turnstile.remove(\"#cf-turnstile-cf7-1683892462\"), turnstile.render(\"#cf-turnstile-cf7-1683892462\", {sitekey:\"0x4AAAAAABs2fGidDok13ue4\"})); }, 100); });<\/script> <br class=\"cf-turnstile-br cf-turnstile-br-cf7-1683892462\"> <style>#cf-turnstile-cf7-1683892462 { margin-left: -15px; }<\/style> <script>document.addEventListener(\"DOMContentLoaded\",function(){document.querySelectorAll('.wpcf7-form').forEach(function(e){e.addEventListener('submit',function(){if(document.getElementById('cf-turnstile-cf7-1683892462')){setTimeout(function(){turnstile.reset('#cf-turnstile-cf7-1683892462');},1000)}})})});<\/script> <\/div>\n<\/p>\n<p><span class=\"wpcf7-form-control-wrap\" data-name=\"accept-termeni\"><span class=\"wpcf7-form-control wpcf7-acceptance\"><span class=\"wpcf7-list-item\"><label><input type=\"checkbox\" name=\"accept-termeni\" value=\"1\" aria-invalid=\"false\" \/><span class=\"wpcf7-list-item-label\">I accept <a href=\"https:\/\/jetav.ro\/en\/terms-and-conditions\/\">terms and conditions<\/a> Jetav<\/span><\/label><\/span><\/span><\/span>\n<\/p>\n<p><input class=\"wpcf7-form-control wpcf7-submit has-spinner\" type=\"submit\" value=\"send\" \/>\n<\/p><div class=\"wpcf7-response-output\" aria-hidden=\"true\"><\/div>\n<input type=\"hidden\" name=\"trp-form-language\" value=\"en\"\/><\/form>\n<\/div>\n\n<\/div>\n<h3>Frequent questions<\/h3>\n<div class=\"space-vertical\">\n<div class=\"faq\">\n<div class=\"faq_question\">What happens if the plane door opens during the flight?<\/div>\n<div class=\"faq_answer_container\">\n<div class=\"faq_answer\">This is impossible, contrary to many Hollywood scenarios. It is virtually impossible to open any of the cabin doors while the plane is in the air due to the pressure inside being greater than outside the plane.<\/div>\n<\/div>\n<\/div>\n<div class=\"faq\">\n<div class=\"faq_question\">What is the safest seat on the plane?<\/div>\n<div class=\"faq_answer_container\">\n<div class=\"faq_answer\">All seats are safe. However, the turbulence is felt more strongly behind the plane. If you want a smooth ride, choose a seat near the wings.<\/div>\n<\/div>\n<\/div>\n<div class=\"faq\">\n<div class=\"faq_question\">Do bulkier luggage make flying more difficult?<\/div>\n<div class=\"faq_answer_container\">\n<div class=\"faq_answer\">Not. Passengers and their luggage make up only 5-10% of the plane&#039;s weight. The weight of the luggage is before boarding and the average weight of the passengers is approximated by the cabin crew.<\/div>\n<\/div>\n<\/div>\n<div class=\"faq\">\n<div class=\"faq_question\">Is it dangerous to fly during a storm?<\/div>\n<div class=\"faq_answer_container\">\n<div class=\"faq_answer\">It is not dangerous to fly, but it is dangerous to land, because of a phenomenon called &quot;downburst&quot;, which makes the air descend, hitting the ground.<\/div>\n<\/div>\n<\/div>\n<div class=\"faq\">\n<div class=\"faq_question\">What are the most dangerous phases of flight?<\/div>\n<div class=\"faq_answer_container\">\n<div class=\"faq_answer\">We have three critical phases of flight \u2013 take-off, approach and landing \u2013 which add up to only 7% of the total flight, but during which 80% of on-board emergencies occur.<\/div>\n<\/div>\n<\/div>\n<\/div>\n<\/div>","protected":false},"excerpt":{"rendered":"<p>SCAP\u0102 U\u0218OR DE FRICA DE ZBOR! Dac\u0103 \u00eeti este fric\u0103 s\u0103 zbori noi \u00ee\u021bi putem rezolva problema cu ajutorul acestui pachet care include discu\u021bii cu pilo\u021bii \u0219i specialistii no\u0219tri, zbor \u00een simulatoarele Boeing 737 sau Airbus A320. Aici vei avea posibilitatea de a descoperi munca pilo\u021bilor at\u00e2t \u00een cazuri normale, c\u00e2t \u0219i \u00een cazurile \u00een [&hellip;]<\/p>\n","protected":false},"author":2,"featured_media":820,"parent":0,"menu_order":0,"comment_status":"closed","ping_status":"closed","template":"page-header.php","meta":{"footnotes":""},"class_list":["post-515","page","type-page","status-publish","has-post-thumbnail","hentry"],"_links":{"self":[{"href":"https:\/\/jetav.ro\/en\/wp-json\/wp\/v2\/pages\/515","targetHints":{"allow":["GET"]}}],"collection":[{"href":"https:\/\/jetav.ro\/en\/wp-json\/wp\/v2\/pages"}],"about":[{"href":"https:\/\/jetav.ro\/en\/wp-json\/wp\/v2\/types\/page"}],"author":[{"embeddable":true,"href":"https:\/\/jetav.ro\/en\/wp-json\/wp\/v2\/users\/2"}],"replies":[{"embeddable":true,"href":"https:\/\/jetav.ro\/en\/wp-json\/wp\/v2\/comments?post=515"}],"version-history":[{"count":21,"href":"https:\/\/jetav.ro\/en\/wp-json\/wp\/v2\/pages\/515\/revisions"}],"predecessor-version":[{"id":3403,"href":"https:\/\/jetav.ro\/en\/wp-json\/wp\/v2\/pages\/515\/revisions\/3403"}],"wp:featuredmedia":[{"embeddable":true,"href":"https:\/\/jetav.ro\/en\/wp-json\/wp\/v2\/media\/820"}],"wp:attachment":[{"href":"https:\/\/jetav.ro\/en\/wp-json\/wp\/v2\/media?parent=515"}],"curies":[{"name":"wp","href":"https:\/\/api.w.org\/{rel}","templated":true}]}}