{"id":511,"date":"2023-05-08T11:03:24","date_gmt":"2023-05-08T11:03:24","guid":{"rendered":"https:\/\/jetav.ro\/?page_id=511"},"modified":"2025-07-03T11:25:10","modified_gmt":"2025-07-03T09:25:10","slug":"team-building","status":"publish","type":"page","link":"https:\/\/jetav.ro\/en\/team-building\/","title":{"rendered":"Team building"},"content":{"rendered":"<div class=\"container\">\n<p><img loading=\"lazy\" decoding=\"async\" class=\"aligncenter size-full wp-image-1968\" src=\"https:\/\/jetav.ro\/wp-content\/uploads\/Banner-Jetav_teambuilding.jpg\" alt=\"\" width=\"1320\" height=\"638\" srcset=\"https:\/\/jetav.ro\/wp-content\/uploads\/Banner-Jetav_teambuilding.jpg 1320w, https:\/\/jetav.ro\/wp-content\/uploads\/Banner-Jetav_teambuilding-680x329.jpg 680w, https:\/\/jetav.ro\/wp-content\/uploads\/Banner-Jetav_teambuilding-1024x495.jpg 1024w, https:\/\/jetav.ro\/wp-content\/uploads\/Banner-Jetav_teambuilding-768x371.jpg 768w, https:\/\/jetav.ro\/wp-content\/uploads\/Banner-Jetav_teambuilding-18x9.jpg 18w\" sizes=\"auto, (max-width: 1320px) 100vw, 1320px\" \/><\/p>\n<div class=\"row-grid grid-gap grid-m columns-2-1\">\n<div>\n<h3>Choose a different teambuilding! Have fun with your colleagues and discover together the feeling of flying a Boeing 737NG.<\/h3>\n<p>At JETAV, we transform the cockpit into an interactive learning and fun space for your teams! <\/p>\n<p>You will have the chance to perform runway laps at some of the most impressive airports in the world, in varied weather conditions: turbulence, storm, crosswind or reduced visibility. Teambuilding at the flight simulator is a realistic, intense and extremely fun experience, which develops the spirit of collaboration and reveals the true potential of your team. <\/p>\n<p><strong>A simulator session consists of 30 minutes of briefing and one hour of flight in the B 737NG simulator.<\/strong><\/p>\n<h3>The briefing will take place as follows:<\/h3>\n<ul class=\"styled\">\n<li>any aviation curiosity you may have will be discussed<\/li>\n<li>the dashboard will be explained<\/li>\n<li>the data of the destination airport will be entered into the computer<\/li>\n<li>weather conditions will be entered (storm, wind, turbulence)<\/li>\n<li>it will be explained how to calculate the amount of kerosene required to the destination airport<\/li>\n<li>the checklist will be checked<\/li>\n<\/ul>\n<h2>Cost of a session:<\/h2>\n<div class=\"row-grid grid-m columns-3\">\n<div class=\"border-grey\">\n<div class=\"bg-dark-blue spaced-s\">\n<h4 class=\"white text-center no-margin\">MONDAY FRIDAY<br \/>\n09:00 - 17:00<\/h4>\n<\/div>\n<div>\n<h3 class=\"yellow text-center\">110 EUROS<\/h3>\n<\/div>\n<\/div>\n<div class=\"border-grey\">\n<div class=\"bg-dark-blue spaced-s\">\n<h4 class=\"white text-center no-margin\">MONDAY FRIDAY<br \/>\n17:00 - 21:30<\/h4>\n<\/div>\n<div>\n<h3 class=\"yellow text-center\">125 EUROS<\/h3>\n<\/div>\n<\/div>\n<div class=\"border-grey\">\n<div class=\"bg-dark-blue spaced-s\">\n<h4 class=\"white text-center no-margin\">SATURDAY<br \/>\nSUNDAY<\/h4>\n<\/div>\n<div>\n<h3 class=\"yellow text-center\">140 EUROS<\/h3>\n<\/div>\n<\/div>\n<\/div>\n<p><a class=\"btn-gradient\" href=\"https:\/\/wa.me\/40728354448\" target=\"_blank\" rel=\"noopener\"><i class=\"fab fa-whatsapp\"><\/i> Order via Whatsapp!<\/a>\n<\/div>\n<div class=\"spaced-s border-blue\">\n<h3>Sign up for an unforgettable team building<\/h3>\n\n<div class=\"wpcf7 no-js\" id=\"wpcf7-f1840-o1\" lang=\"ro-RO\" dir=\"ltr\" data-wpcf7-id=\"1840\">\n<div class=\"screen-reader-response\"><p role=\"status\" aria-live=\"polite\" aria-atomic=\"true\"><\/p> <ul><\/ul><\/div>\n<form action=\"\/en\/wp-json\/wp\/v2\/pages\/511#wpcf7-f1840-o1\" method=\"post\" class=\"wpcf7-form init\" aria-label=\"Contact form\" novalidate=\"novalidate\" data-status=\"init\" data-trp-original-action=\"\/en\/wp-json\/wp\/v2\/pages\/511#wpcf7-f1840-o1\">\n<fieldset class=\"hidden-fields-container\"><input type=\"hidden\" name=\"_wpcf7\" value=\"1840\" \/><input type=\"hidden\" name=\"_wpcf7_version\" value=\"6.1.5\" \/><input type=\"hidden\" name=\"_wpcf7_locale\" value=\"ro_RO\" \/><input type=\"hidden\" name=\"_wpcf7_unit_tag\" value=\"wpcf7-f1840-o1\" \/><input type=\"hidden\" name=\"_wpcf7_container_post\" value=\"0\" \/><input type=\"hidden\" name=\"_wpcf7_posted_data_hash\" value=\"\" \/>\n<\/fieldset>\n<p><label> <span class=\"wpcf7-form-control-wrap\" data-name=\"your-name\"><input size=\"40\" maxlength=\"400\" class=\"wpcf7-form-control wpcf7-text wpcf7-validates-as-required\" autocomplete=\"name\" aria-required=\"true\" aria-invalid=\"false\" placeholder=\"Your Name.\" value=\"\" type=\"text\" name=\"your-name\" \/><\/span> <\/label>\n<\/p>\n<p><label><span class=\"wpcf7-form-control-wrap\" data-name=\"your-email\"><input size=\"40\" maxlength=\"400\" class=\"wpcf7-form-control wpcf7-email wpcf7-validates-as-required wpcf7-text wpcf7-validates-as-email\" autocomplete=\"email\" aria-required=\"true\" aria-invalid=\"false\" placeholder=\"E-mail\" value=\"\" type=\"email\" name=\"your-email\" \/><\/span> <\/label>\n<\/p>\n<p><label><span class=\"wpcf7-form-control-wrap\" data-name=\"telefon\"><input size=\"40\" maxlength=\"400\" class=\"wpcf7-form-control wpcf7-tel wpcf7-text wpcf7-validates-as-tel\" aria-invalid=\"false\" placeholder=\"Phone\" value=\"\" type=\"tel\" name=\"telefon\" \/><\/span><\/label>\n<\/p>\n<div class=\"row-grid columns-2 grid-gap\">\n\t<div>\n\t\t<p><span class=\"wpcf7-form-control-wrap\" data-name=\"data\"><input class=\"wpcf7-form-control wpcf7-date wpcf7-validates-as-date\" aria-invalid=\"false\" value=\"\" type=\"date\" name=\"data\" \/><\/span>\n\t\t<\/p>\n\t<\/div>\n\t<div>\n\t\t<p><span class=\"wpcf7-form-control-wrap\" data-name=\"ora\"><input size=\"40\" maxlength=\"400\" class=\"wpcf7-form-control wpcf7-text\" aria-invalid=\"false\" placeholder=\"Hour\" value=\"\" type=\"text\" name=\"ora\" \/><\/span>\n\t\t<\/p>\n\t<\/div>\n<\/div>\n<p><label><span class=\"wpcf7-form-control-wrap\" data-name=\"your-message\"><textarea cols=\"40\" rows=\"10\" maxlength=\"2000\" class=\"wpcf7-form-control wpcf7-textarea\" aria-invalid=\"false\" placeholder=\"Message\" name=\"your-message\"><\/textarea><\/span> <\/label><br \/>\n<div class=\"cf7-cf-turnstile\" style=\"margin-top: 0px; margin-bottom: -15px;\"> <div id=\"cf-turnstile-cf7-882958896\" class=\"cf-turnstile\" data-callback=\"turnstileCF7Callback\" data-sitekey=\"0x4AAAAAABs2fGidDok13ue4\" data-theme=\"light\" data-language=\"auto\" data-size=\"normal\" data-retry=\"auto\" data-retry-interval=\"1000\" data-refresh-expired=\"auto\" data-refresh-timeout=\"auto\" data-action=\"contact-form-7\" data-appearance=\"always\"><\/div> <style>.wpcf7-submit { pointer-events: none; opacity: 0.5; }<\/style> <script>document.addEventListener(\"DOMContentLoaded\", function() { setTimeout(function(){ var e=document.getElementById(\"cf-turnstile-cf7-882958896\"); if(e&&!e.innerHTML.trim()){turnstile.render(e, {sitekey:\"0x4AAAAAABs2fGidDok13ue4\"});} }, 200); });<\/script> <br class=\"cf-turnstile-br cf-turnstile-br-cf7-882958896\"> <style>#cf-turnstile-cf7-882958896 { margin-left: -15px; }<\/style> <script>document.addEventListener(\"DOMContentLoaded\",function(){document.querySelectorAll('.wpcf7-form').forEach(function(e){e.addEventListener('submit',function(){if(document.getElementById('cf-turnstile-cf7-882958896')){setTimeout(function(){turnstile.reset('#cf-turnstile-cf7-882958896');},1000)}})})});<\/script> <\/div>\n<\/p>\n<p><span class=\"wpcf7-form-control-wrap\" data-name=\"accept-termeni\"><span class=\"wpcf7-form-control wpcf7-acceptance\"><span class=\"wpcf7-list-item\"><label><input type=\"checkbox\" name=\"accept-termeni\" value=\"1\" aria-invalid=\"false\" \/><span class=\"wpcf7-list-item-label\">I accept <a href=\"https:\/\/jetav.ro\/en\/terms-and-conditions\/\">terms and conditions<\/a> Jetav<\/span><\/label><\/span><\/span><\/span>\n<\/p>\n<p><input class=\"wpcf7-form-control wpcf7-submit has-spinner\" type=\"submit\" value=\"send\" \/>\n<\/p><div class=\"wpcf7-response-output\" aria-hidden=\"true\"><\/div>\n<input type=\"hidden\" name=\"trp-form-language\" value=\"en\"\/><\/form>\n<\/div>\n\n<\/div>\n<\/div>\n<\/div>\n<p>&nbsp;<\/p>\n<section class=\"bg-blue\">\n<div class=\"container\">\n<div class=\"row-flex flex-space flex-center-m flex-m\">\n<div>\n<h2 class=\"white no-margin\">We are at your disposal for any information<\/h2>\n<\/div>\n<div class=\"space-vertical row-flex flex-center\">\n<div>\n<h3 class=\"white\">CALL US<br \/>\n+40728 354 448<\/h3>\n<\/div>\n<\/div>\n<\/div>\n<\/div>\n<\/section>\n<div class=\"container\">\n<h2 class=\"text-center\">What students say about us<\/h2>\n<div data-src=\"https:\/\/cdn.trustindex.io\/loader.js?9087f3729423474ed876936f427\"><\/div>\n<\/div>","protected":false},"excerpt":{"rendered":"<p>Alege un teambuilding diferit! Distreaz\u0103-te cu colegii t\u0103i \u0219i descoperi\u021bi \u00eempreun\u0103 senza\u021bia pilot\u0103rii unui Boeing 737NG. La JETAV, transform\u0103m cabina de pilotaj \u00eentr-un spa\u021biu interactiv de \u00eenv\u0103\u021bare \u0219i distrac\u021bie pentru echipele tale! Ve\u021bi avea \u0219ansa s\u0103 efectua\u021bi ture de piste pe unele dintre cele mai impresionante aeroporturi din lume, \u00een condi\u021bii meteo variate: turbulen\u021be, furtun\u0103, [&hellip;]<\/p>\n","protected":false},"author":2,"featured_media":776,"parent":0,"menu_order":0,"comment_status":"closed","ping_status":"closed","template":"page-header.php","meta":{"footnotes":""},"class_list":["post-511","page","type-page","status-publish","has-post-thumbnail","hentry"],"_links":{"self":[{"href":"https:\/\/jetav.ro\/en\/wp-json\/wp\/v2\/pages\/511","targetHints":{"allow":["GET"]}}],"collection":[{"href":"https:\/\/jetav.ro\/en\/wp-json\/wp\/v2\/pages"}],"about":[{"href":"https:\/\/jetav.ro\/en\/wp-json\/wp\/v2\/types\/page"}],"author":[{"embeddable":true,"href":"https:\/\/jetav.ro\/en\/wp-json\/wp\/v2\/users\/2"}],"replies":[{"embeddable":true,"href":"https:\/\/jetav.ro\/en\/wp-json\/wp\/v2\/comments?post=511"}],"version-history":[{"count":13,"href":"https:\/\/jetav.ro\/en\/wp-json\/wp\/v2\/pages\/511\/revisions"}],"predecessor-version":[{"id":4341,"href":"https:\/\/jetav.ro\/en\/wp-json\/wp\/v2\/pages\/511\/revisions\/4341"}],"wp:featuredmedia":[{"embeddable":true,"href":"https:\/\/jetav.ro\/en\/wp-json\/wp\/v2\/media\/776"}],"wp:attachment":[{"href":"https:\/\/jetav.ro\/en\/wp-json\/wp\/v2\/media?parent=511"}],"curies":[{"name":"wp","href":"https:\/\/api.w.org\/{rel}","templated":true}]}}