{"id":482,"date":"2023-05-08T09:45:33","date_gmt":"2023-05-08T09:45:33","guid":{"rendered":"https:\/\/jetav.ro\/?page_id=482"},"modified":"2025-08-07T17:11:44","modified_gmt":"2025-08-07T15:11:44","slug":"career-guidance","status":"publish","type":"page","link":"https:\/\/jetav.ro\/en\/orientare-profesionala\/","title":{"rendered":"Professional orientation"},"content":{"rendered":"<div class=\"container\"><img loading=\"lazy\" decoding=\"async\" class=\"aligncenter size-full wp-image-1048\" src=\"https:\/\/jetav.ro\/wp-content\/uploads\/orientare-profesionala.jpeg\" alt=\"\" width=\"1620\" height=\"1080\" srcset=\"https:\/\/jetav.ro\/wp-content\/uploads\/orientare-profesionala.jpeg 1620w, https:\/\/jetav.ro\/wp-content\/uploads\/orientare-profesionala-680x453.jpeg 680w, https:\/\/jetav.ro\/wp-content\/uploads\/orientare-profesionala-1024x683.jpeg 1024w, https:\/\/jetav.ro\/wp-content\/uploads\/orientare-profesionala-768x512.jpeg 768w, https:\/\/jetav.ro\/wp-content\/uploads\/orientare-profesionala-1536x1024.jpeg 1536w, https:\/\/jetav.ro\/wp-content\/uploads\/orientare-profesionala-18x12.jpeg 18w\" sizes=\"auto, (max-width: 1620px) 100vw, 1620px\" \/><\/p>\n<div class=\"row-grid grid-gap grid-m columns-2-1\">\n<div>\n<h3>Come to a career guidance session with actionable advice!<\/h3>\n<p>It&#039;s your chance to discover your calling towards a new, fascinating career at altitude in our Boeing 737NG and Airbus A320 flight simulators.<\/p>\n<p>You will receive information from active pilots in the aviation world about everything the pilot profession means. You will find out the costs of the pilot school, the necessary steps to follow and the subjects you will learn. At the end of the session you will receive expert feedback from one of our pilots on your skills to start a career in aviation.<\/p>\n<p><strong>A simulator session consists of 1 hour of briefing and 2 hours of flight on the Boeing 737NG or Airbus A320 simulator. <\/strong><\/p>\n<h3>The briefing will take place as follows:<\/h3>\n<ul class=\"styled\">\n<li>any aviation curiosity you may have will be discussed<\/li>\n<li>the dashboard will be explained<\/li>\n<li>the data of the destination airport will be entered into the computer<\/li>\n<li>weather conditions will be entered (storm, wind, turbulence)<\/li>\n<li>it will be explained how to calculate the amount of kerosene required to the destination airport<\/li>\n<li>the checklist will be checked<\/li>\n<\/ul>\n<h2>Boeing 737NG costs<\/h2>\n<div class=\"row-grid grid-m columns-3\">\n<div class=\"border-grey\">\n<div class=\"bg-dark-blue spaced-s\">\n<h4 class=\"white text-center no-margin\">MONDAY FRIDAY<br \/>\n09:00 - 17:00<\/h4>\n<\/div>\n<div>\n<h3 class=\"yellow text-center\">220 EUROS<\/h3>\n<\/div>\n<\/div>\n<div class=\"border-grey\">\n<div class=\"bg-dark-blue spaced-s\">\n<h4 class=\"white text-center no-margin\">MONDAY FRIDAY<br \/>\n17:00 - 21:30<\/h4>\n<\/div>\n<div>\n<h3 class=\"yellow text-center\">250 EUROS<\/h3>\n<\/div>\n<\/div>\n<div class=\"border-grey\">\n<div class=\"bg-dark-blue spaced-s\">\n<h4 class=\"white text-center no-margin\">SATURDAY<br \/>\nSUNDAY<\/h4>\n<\/div>\n<div>\n<h3 class=\"yellow text-center\">280 EUROS<\/h3>\n<\/div>\n<\/div>\n<\/div>\n<h2>Airbus A320 costs<\/h2>\n<div class=\"row-grid grid-m columns-1\">\n<div class=\"border-grey\">\n<div class=\"bg-dark-blue spaced-s\">\n<h4 class=\"white text-center no-margin\">MONDAY \u2013 SUNDAY<br \/>\n09:00 \u2013 22:00<\/h4>\n<\/div>\n<div>\n<h3 class=\"yellow text-center\">300 EUROS<\/h3>\n<\/div>\n<\/div>\n<\/div>\n<\/div>\n<div>\n<div class=\"spaced-s border-blue\">\n<h3>Sign up for a career guidance session<\/h3>\n\n<div class=\"wpcf7 no-js\" id=\"wpcf7-f508-o1\" lang=\"ro-RO\" dir=\"ltr\" data-wpcf7-id=\"508\">\n<div class=\"screen-reader-response\"><p role=\"status\" aria-live=\"polite\" aria-atomic=\"true\"><\/p> <ul><\/ul><\/div>\n<form action=\"\/en\/wp-json\/wp\/v2\/pages\/482#wpcf7-f508-o1\" method=\"post\" class=\"wpcf7-form init\" aria-label=\"Contact form\" novalidate=\"novalidate\" data-status=\"init\" data-trp-original-action=\"\/en\/wp-json\/wp\/v2\/pages\/482#wpcf7-f508-o1\">\n<fieldset class=\"hidden-fields-container\"><input type=\"hidden\" name=\"_wpcf7\" value=\"508\" \/><input type=\"hidden\" name=\"_wpcf7_version\" value=\"6.1.5\" \/><input type=\"hidden\" name=\"_wpcf7_locale\" value=\"ro_RO\" \/><input type=\"hidden\" name=\"_wpcf7_unit_tag\" value=\"wpcf7-f508-o1\" \/><input type=\"hidden\" name=\"_wpcf7_container_post\" value=\"0\" \/><input type=\"hidden\" name=\"_wpcf7_posted_data_hash\" value=\"\" \/>\n<\/fieldset>\n<p><label> <span class=\"wpcf7-form-control-wrap\" data-name=\"your-name\"><input size=\"40\" maxlength=\"400\" class=\"wpcf7-form-control wpcf7-text wpcf7-validates-as-required\" autocomplete=\"name\" aria-required=\"true\" aria-invalid=\"false\" placeholder=\"Your Name.\" value=\"\" type=\"text\" name=\"your-name\" \/><\/span> <\/label>\n<\/p>\n<p><label><span class=\"wpcf7-form-control-wrap\" data-name=\"your-email\"><input size=\"40\" maxlength=\"400\" class=\"wpcf7-form-control wpcf7-email wpcf7-validates-as-required wpcf7-text wpcf7-validates-as-email\" autocomplete=\"email\" aria-required=\"true\" aria-invalid=\"false\" placeholder=\"E-mail\" value=\"\" type=\"email\" name=\"your-email\" \/><\/span> <\/label>\n<\/p>\n<p><label><span class=\"wpcf7-form-control-wrap\" data-name=\"telefon\"><input size=\"40\" maxlength=\"400\" class=\"wpcf7-form-control wpcf7-tel wpcf7-text wpcf7-validates-as-tel\" aria-invalid=\"false\" placeholder=\"Phone\" value=\"\" type=\"tel\" name=\"telefon\" \/><\/span><\/label>\n<\/p>\n<p><label><span class=\"wpcf7-form-control-wrap\" data-name=\"simulator\"><select class=\"wpcf7-form-control wpcf7-select\" aria-invalid=\"false\" name=\"simulator\"><option value=\"Simulator Boeing 737 NG\">Boeing 737 NG simulator<\/option><option value=\"Simulator Airbus A320\">Airbus A320 simulator<\/option><\/select><\/span><\/label>\n<\/p>\n<div class=\"row-grid columns-2 grid-gap\">\n\t<div>\n\t\t<p><span class=\"wpcf7-form-control-wrap\" data-name=\"data\"><input class=\"wpcf7-form-control wpcf7-date wpcf7-validates-as-date\" aria-invalid=\"false\" value=\"\" type=\"date\" name=\"data\" \/><\/span>\n\t\t<\/p>\n\t<\/div>\n\t<div>\n\t\t<p><span class=\"wpcf7-form-control-wrap\" data-name=\"ora\"><input size=\"40\" maxlength=\"400\" class=\"wpcf7-form-control wpcf7-text\" aria-invalid=\"false\" placeholder=\"Hour\" value=\"\" type=\"text\" name=\"ora\" \/><\/span>\n\t\t<\/p>\n\t<\/div>\n<\/div>\n<p><label><span class=\"wpcf7-form-control-wrap\" data-name=\"your-message\"><textarea cols=\"40\" rows=\"10\" maxlength=\"2000\" class=\"wpcf7-form-control wpcf7-textarea\" aria-invalid=\"false\" placeholder=\"Message\" name=\"your-message\"><\/textarea><\/span> <\/label><br \/>\n<div class=\"cf7-cf-turnstile\" style=\"margin-top: 0px; margin-bottom: -15px;\"> <div id=\"cf-turnstile-cf7-2081161919\" class=\"cf-turnstile\" data-callback=\"turnstileCF7Callback\" data-sitekey=\"0x4AAAAAABs2fGidDok13ue4\" data-theme=\"light\" data-language=\"auto\" data-size=\"normal\" data-retry=\"auto\" data-retry-interval=\"1000\" data-refresh-expired=\"auto\" data-refresh-timeout=\"auto\" data-action=\"contact-form-7\" data-appearance=\"always\"><\/div> <style>.wpcf7-submit { pointer-events: none; opacity: 0.5; }<\/style> <script>document.addEventListener(\"DOMContentLoaded\", function() { setTimeout(function(){ var e=document.getElementById(\"cf-turnstile-cf7-2081161919\"); if(e&&!e.innerHTML.trim()){turnstile.render(e, {sitekey:\"0x4AAAAAABs2fGidDok13ue4\"});} }, 200); });<\/script> <br class=\"cf-turnstile-br cf-turnstile-br-cf7-2081161919\"> <style>#cf-turnstile-cf7-2081161919 { margin-left: -15px; }<\/style> <script>document.addEventListener(\"DOMContentLoaded\",function(){document.querySelectorAll('.wpcf7-form').forEach(function(e){e.addEventListener('submit',function(){if(document.getElementById('cf-turnstile-cf7-2081161919')){setTimeout(function(){turnstile.reset('#cf-turnstile-cf7-2081161919');},1000)}})})});<\/script> <\/div>\n<\/p>\n<p><span class=\"wpcf7-form-control-wrap\" data-name=\"accept-termeni\"><span class=\"wpcf7-form-control wpcf7-acceptance\"><span class=\"wpcf7-list-item\"><label><input type=\"checkbox\" name=\"accept-termeni\" value=\"1\" aria-invalid=\"false\" \/><span class=\"wpcf7-list-item-label\">I accept <a href=\"https:\/\/jetav.ro\/en\/terms-and-conditions\/\">terms and conditions<\/a> Jetav<\/span><\/label><\/span><\/span><\/span>\n<\/p>\n<p><input class=\"wpcf7-form-control wpcf7-submit has-spinner\" type=\"submit\" value=\"send\" \/>\n<\/p><div class=\"wpcf7-response-output\" aria-hidden=\"true\"><\/div>\n<input type=\"hidden\" name=\"trp-form-language\" value=\"en\"\/><\/form>\n<\/div>\n\n<\/div>\n<\/div>\n<\/div>\n<\/div>\n<p>&nbsp;<\/p>\n<section class=\"bg-blue\">\n<div class=\"container\">\n<div class=\"row-flex flex-space flex-center-m flex-m\">\n<div>\n<h2 class=\"white no-margin\">We are at your disposal for any information<\/h2>\n<\/div>\n<div class=\"space-vertical row-flex flex-center\">\n<div>\n<h3 class=\"white\">CALL US<br \/>\n+40728 354 448<\/h3>\n<\/div>\n<\/div>\n<\/div>\n<\/div>\n<\/section>\n<div class=\"container\">\n<h2 class=\"text-center\">What students say about us<\/h2>\n<div data-src=\"https:\/\/cdn.trustindex.io\/loader.js?9087f3729423474ed876936f427\"><\/div>\n<\/div>","protected":false},"excerpt":{"rendered":"<p>Vino la o \u0219edin\u021b\u0103 de orientare profesional\u0103 cu sfaturi aplicabile! Este \u0219ansa ta s\u0103 \u00ee\u021bi descoperi chemarea spre o carier\u0103 la \u00een\u0103l\u021bime, nou\u0103, fascinant\u0103, \u00een simulatoarele nostre de zbor Boieng 737NG \u0219i Airbus A320. Vei primi informa\u021bii de la pilo\u021bi activi \u00een lumea avia\u021biei despre tot ceea ce \u00eenseamn\u0103 profesia de pilot. Vei afl\u0103 costurile [&hellip;]<\/p>\n","protected":false},"author":2,"featured_media":296,"parent":0,"menu_order":0,"comment_status":"closed","ping_status":"closed","template":"page-header.php","meta":{"footnotes":""},"class_list":["post-482","page","type-page","status-publish","has-post-thumbnail","hentry"],"_links":{"self":[{"href":"https:\/\/jetav.ro\/en\/wp-json\/wp\/v2\/pages\/482","targetHints":{"allow":["GET"]}}],"collection":[{"href":"https:\/\/jetav.ro\/en\/wp-json\/wp\/v2\/pages"}],"about":[{"href":"https:\/\/jetav.ro\/en\/wp-json\/wp\/v2\/types\/page"}],"author":[{"embeddable":true,"href":"https:\/\/jetav.ro\/en\/wp-json\/wp\/v2\/users\/2"}],"replies":[{"embeddable":true,"href":"https:\/\/jetav.ro\/en\/wp-json\/wp\/v2\/comments?post=482"}],"version-history":[{"count":12,"href":"https:\/\/jetav.ro\/en\/wp-json\/wp\/v2\/pages\/482\/revisions"}],"predecessor-version":[{"id":4555,"href":"https:\/\/jetav.ro\/en\/wp-json\/wp\/v2\/pages\/482\/revisions\/4555"}],"wp:featuredmedia":[{"embeddable":true,"href":"https:\/\/jetav.ro\/en\/wp-json\/wp\/v2\/media\/296"}],"wp:attachment":[{"href":"https:\/\/jetav.ro\/en\/wp-json\/wp\/v2\/media?parent=482"}],"curies":[{"name":"wp","href":"https:\/\/api.w.org\/{rel}","templated":true}]}}