{"id":442,"date":"2023-05-05T10:52:32","date_gmt":"2023-05-05T10:52:32","guid":{"rendered":"https:\/\/jetav.ro\/?page_id=442"},"modified":"2024-07-22T11:14:02","modified_gmt":"2024-07-22T09:14:02","slug":"children-activities","status":"publish","type":"page","link":"https:\/\/jetav.ro\/en\/activitati-copii\/","title":{"rendered":"Activities for children"},"content":{"rendered":"<div class=\"container\">\n<h3>We firmly believe that every child deserves the chance to see the world from the clouds and to discover their passions, those sparks that will lay the foundations for a beautiful future.<\/h3>\n<p>The dream of being a pilot or explorer of the sky can be turned into reality by visiting the flight simulators of the JETAV Aviation Academy or by participating in the activities carried out at the Strejnic Airport. Imagine the joy of your children when they step into the cockpit or navigate themselves from the plane&#039;s handle. It is a unique opportunity to go beyond the dream and live the adventure directly in the fascinating world of aviation.<\/p>\n<p>Our programs are specially created for preschoolers and students, with interactive and educational activities that will captivate them and teach them new concepts about airplanes and aerial navigation. Meeting our professional pilots provides a real and inspiring insight into what it means to be part of the world of aviation.<\/p>\n<p>We are happy to share our experience, that&#039;s why we welcome parents who want to give their children the chance to fulfill their dreams, through packages dedicated to them.<\/p>\n<\/div>\n<section class=\"bg-blue space-vertical\">\n<div class=\"container\">\n<div class=\"row-flex flex-space flex-center-m flex-m spaced-vertical\">\n<div>\n<h2 class=\"white\">Contact us for details<\/h2>\n<\/div>\n<div class=\"row-flex flex-center\">\n<div><\/div>\n<div>\n<h3 class=\"white\"><small>CALL US<\/small><br \/>\n+40 728 354 448<\/h3>\n<\/div>\n<\/div>\n<\/div>\n<\/div>\n<\/section>\n<section class=\"wrapper space-vertical\">\n<div class=\"container\">\n<div class=\"vouchers-listing\">\n<article>\n<div><a href=\"https:\/\/jetav.ro\/en\/jetav-summer-school\/\"><img loading=\"lazy\" decoding=\"async\" src=\"https:\/\/jetav.ro\/wp-content\/uploads\/Scoala-de-Vara.png\" width=\"420\" height=\"420\" \/><\/a><\/div>\n<header class=\"entry-header\">\n<h4 class=\"entry-title\">Summer school<\/h4>\n<\/header>\n<div class=\"entry-content\">Summer vacation is not about staying at home, it&#039;s time to explore with other flight enthusiasts.<\/div>\n<div class=\"price\">\n<h3 class=\"yellow\">From 350 Euros<\/h3>\n<\/div>\n<div class=\"more\"><a class=\"btn-gradient\" href=\"https:\/\/jetav.ro\/en\/jetav-summer-school\/\">Find out details<\/a><\/div>\n<\/article>\n<article>\n<div><a href=\"https:\/\/jetav.ro\/en\/school-otherwise-jetav\/\"><img loading=\"lazy\" decoding=\"async\" src=\"https:\/\/jetav.ro\/wp-content\/uploads\/Scoala-Altfel.png\" width=\"420\" height=\"420\" \/><\/a><\/div>\n<header class=\"entry-header\">\n<h4 class=\"entry-title\">Different school<\/h4>\n<\/header>\n<div class=\"entry-content\">The activities in our simulator have proven to be constructive and useful for children.<\/div>\n<div class=\"price\">\n<h3 class=\"yellow\">From 80 lei\/student<\/h3>\n<\/div>\n<div class=\"more\"><a class=\"btn-gradient\" href=\"https:\/\/jetav.ro\/en\/school-otherwise-jetav\/\">Find out details<\/a><\/div>\n<\/article>\n<article>\n<div><a href=\"#\"><img loading=\"lazy\" decoding=\"async\" src=\"https:\/\/jetav.ro\/wp-content\/uploads\/Pilot-pentru-o-Zi-Copii.png\" width=\"420\" height=\"420\" \/><\/a><\/div>\n<header class=\"entry-header\">\n<h4 class=\"entry-title\">Pilot for a day<\/h4>\n<\/header>\n<div class=\"entry-content\">It&#039;s your first FLYING LESSON! Feeling the magic of flight is one of the most captivating experiences you can have with your loved ones.<\/div>\n<div class=\"price\">\n<h3 class=\"yellow\">120 euros<\/h3>\n<\/div>\n<div class=\"more\"><a class=\"btn-gradient\" href=\"https:\/\/jetav.ro\/en\/pilot-for-a-day\/\">Find out details<\/a><\/div>\n<\/article>\n<article>\n<div><a href=\"https:\/\/jetav.ro\/en\/introductory-flight\/\"><img loading=\"lazy\" decoding=\"async\" src=\"https:\/\/jetav.ro\/wp-content\/uploads\/Zbor-Introductiv-Copii.png\" width=\"420\" height=\"420\" \/><\/a><\/div>\n<header class=\"entry-header\">\n<h4 class=\"entry-title\">Introductory flight<\/h4>\n<\/header>\n<div class=\"entry-content\">We invite you to a day full of adrenaline and fun! Enjoy fairytale views or give an inspiring gift that won&#039;t soon be forgotten!<\/div>\n<div class=\"price\">\n<h3 class=\"yellow\">From 170 Euros<\/h3>\n<\/div>\n<div class=\"more\"><a class=\"btn-gradient\" href=\"https:\/\/jetav.ro\/en\/introductory-flight\/\">Find out details<\/a><\/div>\n<\/article>\n<\/div>\n<\/div>\n<\/section>\n<div class=\"container\">\n<h2 class=\"text-center\">WHAT CUSTOMERS SAY ABOUT US<\/h2>\n<div data-src=\"https:\/\/cdn.trustindex.io\/loader.js?9087f3729423474ed876936f427\"><\/div>\n<\/div>\n<section id=\"register\" class=\"spaced-vertical\">\n<div class=\"container\">\n<h2 class=\"text-center\">Order an activity for your child<\/h2>\n\n<div class=\"wpcf7 no-js\" id=\"wpcf7-f1753-o1\" lang=\"ro-RO\" dir=\"ltr\" data-wpcf7-id=\"1753\">\n<div class=\"screen-reader-response\"><p role=\"status\" aria-live=\"polite\" aria-atomic=\"true\"><\/p> <ul><\/ul><\/div>\n<form action=\"\/en\/wp-json\/wp\/v2\/pages\/442#wpcf7-f1753-o1\" method=\"post\" class=\"wpcf7-form init\" aria-label=\"Contact form\" novalidate=\"novalidate\" data-status=\"init\" data-trp-original-action=\"\/en\/wp-json\/wp\/v2\/pages\/442#wpcf7-f1753-o1\">\n<fieldset class=\"hidden-fields-container\"><input type=\"hidden\" name=\"_wpcf7\" value=\"1753\" \/><input type=\"hidden\" name=\"_wpcf7_version\" value=\"6.1.5\" \/><input type=\"hidden\" name=\"_wpcf7_locale\" value=\"ro_RO\" \/><input type=\"hidden\" name=\"_wpcf7_unit_tag\" value=\"wpcf7-f1753-o1\" \/><input type=\"hidden\" name=\"_wpcf7_container_post\" value=\"0\" \/><input type=\"hidden\" name=\"_wpcf7_posted_data_hash\" value=\"\" \/>\n<\/fieldset>\n<div class=\"row-flex flex-m flex-gap\">\n\t<p><label><span class=\"wpcf7-form-control-wrap\" data-name=\"your-name\"><input size=\"40\" maxlength=\"400\" class=\"wpcf7-form-control wpcf7-text wpcf7-validates-as-required\" autocomplete=\"name\" aria-required=\"true\" aria-invalid=\"false\" placeholder=\"Your Name.\" value=\"\" type=\"text\" name=\"your-name\" \/><\/span> <\/label>\n\t<\/p>\n\t<p><label><span class=\"wpcf7-form-control-wrap\" data-name=\"your-email\"><input size=\"40\" maxlength=\"400\" class=\"wpcf7-form-control wpcf7-email wpcf7-validates-as-required wpcf7-text wpcf7-validates-as-email\" autocomplete=\"email\" aria-required=\"true\" aria-invalid=\"false\" placeholder=\"Email address\" value=\"\" type=\"email\" name=\"your-email\" \/><\/span> <\/label>\n\t<\/p>\n\t<p><label><span class=\"wpcf7-form-control-wrap\" data-name=\"phone\"><input size=\"40\" maxlength=\"400\" class=\"wpcf7-form-control wpcf7-tel wpcf7-text wpcf7-validates-as-tel\" aria-invalid=\"false\" placeholder=\"your mobile\" value=\"\" type=\"tel\" name=\"phone\" \/><\/span> <\/label>\n\t<\/p>\n<\/div>\n<div class=\"row-flex flex-m flex-gap\">\n\t<p><span class=\"wpcf7-form-control-wrap\" data-name=\"your-subject\"><select class=\"wpcf7-form-control wpcf7-select wpcf7-validates-as-required\" aria-required=\"true\" aria-invalid=\"false\" name=\"your-subject\"><option value=\"\u0218coala de var\u0103 la simulator\">Simulator summer school<\/option><option value=\"\u0218coala de var\u0103 la aerodrom\">Summer school at the airfield<\/option><option value=\"\u0218coala Altfel la simulator\">Otherwise school in the simulator<\/option><option value=\"Pilot pentru o zi\">Pilot for a day<\/option><option value=\"Zbor introductiv\">Introductory flight<\/option><\/select><\/span>\n\t<\/p>\n\t<p><span class=\"wpcf7-form-control-wrap\" data-name=\"nr-activitati\"><select class=\"wpcf7-form-control wpcf7-select wpcf7-validates-as-required\" aria-required=\"true\" aria-invalid=\"false\" name=\"nr-activitati\"><option value=\"1 persoan\u0103\">1 person<\/option><option value=\"2 persoane\">2 persons<\/option><option value=\"3 persoane\">3 people<\/option><option value=\"4 persoane\">4 people<\/option><option value=\"5 persoane\">5 people<\/option><\/select><\/span>\n\t<\/p>\n<\/div>\n<p><label><span class=\"wpcf7-form-control-wrap\" data-name=\"your-message\"><textarea cols=\"40\" rows=\"10\" maxlength=\"2000\" class=\"wpcf7-form-control wpcf7-textarea\" aria-invalid=\"false\" placeholder=\"Message\" name=\"your-message\"><\/textarea><\/span> <\/label><br \/>\n<div class=\"cf7-cf-turnstile\" style=\"margin-top: 0px; margin-bottom: -15px;\"> <div id=\"cf-turnstile-cf7-4154515416\" class=\"cf-turnstile\" data-callback=\"turnstileCF7Callback\" data-sitekey=\"0x4AAAAAABs2fGidDok13ue4\" data-theme=\"light\" data-language=\"auto\" data-size=\"normal\" data-retry=\"auto\" data-retry-interval=\"1000\" data-refresh-expired=\"auto\" data-refresh-timeout=\"auto\" data-action=\"contact-form-7\" data-appearance=\"always\"><\/div> <style>.wpcf7-submit { pointer-events: none; opacity: 0.5; }<\/style> <script>document.addEventListener(\"DOMContentLoaded\", function() { setTimeout(function(){ var e=document.getElementById(\"cf-turnstile-cf7-4154515416\"); if(e&&!e.innerHTML.trim()){turnstile.render(e, {sitekey:\"0x4AAAAAABs2fGidDok13ue4\"});} }, 200); });<\/script> <br class=\"cf-turnstile-br cf-turnstile-br-cf7-4154515416\"> <style>#cf-turnstile-cf7-4154515416 { margin-left: -15px; }<\/style> <script>document.addEventListener(\"DOMContentLoaded\",function(){document.querySelectorAll('.wpcf7-form').forEach(function(e){e.addEventListener('submit',function(){if(document.getElementById('cf-turnstile-cf7-4154515416')){setTimeout(function(){turnstile.reset('#cf-turnstile-cf7-4154515416');},1000)}})})});<\/script> <\/div>\n<\/p>\n<p><span class=\"wpcf7-form-control-wrap\" data-name=\"accept-termeni\"><span class=\"wpcf7-form-control wpcf7-acceptance\"><span class=\"wpcf7-list-item\"><label><input type=\"checkbox\" name=\"accept-termeni\" value=\"1\" aria-invalid=\"false\" \/><span class=\"wpcf7-list-item-label\">I accept <a href=\"https:\/\/jetav.ro\/en\/terms-and-conditions\/\">terms and conditions<\/a> Jetav<\/span><\/label><\/span><\/span><\/span>\n<\/p>\n<p><input class=\"wpcf7-form-control wpcf7-submit has-spinner\" type=\"submit\" value=\"send\" \/>\n<\/p><div class=\"wpcf7-response-output\" aria-hidden=\"true\"><\/div>\n<input type=\"hidden\" name=\"trp-form-language\" value=\"en\"\/><\/form>\n<\/div>\n\n<\/div>\n<\/section>\n<div class=\"container\">\n<div id='gallery-1' class='gallery galleryid-442 gallery-columns-3 gallery-size-medium'><figure class='gallery-item'>\n\t\t\t<div class='gallery-icon landscape'>\n\t\t\t\t<a href='https:\/\/jetav.ro\/wp-content\/uploads\/9.png' title=\"\" data-rl_title=\"\" class=\"rl-gallery-link\" data-rl_caption=\"\" data-rel=\"lightbox-gallery-1\"><img loading=\"lazy\" decoding=\"async\" width=\"680\" height=\"380\" src=\"https:\/\/jetav.ro\/wp-content\/uploads\/9-680x380.png\" class=\"attachment-medium size-medium\" alt=\"\" srcset=\"https:\/\/jetav.ro\/wp-content\/uploads\/9-680x380.png 680w, https:\/\/jetav.ro\/wp-content\/uploads\/9-1024x572.png 1024w, https:\/\/jetav.ro\/wp-content\/uploads\/9-768x429.png 768w, https:\/\/jetav.ro\/wp-content\/uploads\/9-18x10.png 18w, https:\/\/jetav.ro\/wp-content\/uploads\/9.png 1320w\" sizes=\"auto, (max-width: 680px) 100vw, 680px\" \/><\/a>\n\t\t\t<\/div><\/figure><figure class='gallery-item'>\n\t\t\t<div class='gallery-icon landscape'>\n\t\t\t\t<a href='https:\/\/jetav.ro\/wp-content\/uploads\/8.png' title=\"\" data-rl_title=\"\" class=\"rl-gallery-link\" data-rl_caption=\"\" data-rel=\"lightbox-gallery-1\"><img loading=\"lazy\" decoding=\"async\" width=\"680\" height=\"380\" src=\"https:\/\/jetav.ro\/wp-content\/uploads\/8-680x380.png\" class=\"attachment-medium size-medium\" alt=\"\" srcset=\"https:\/\/jetav.ro\/wp-content\/uploads\/8-680x380.png 680w, https:\/\/jetav.ro\/wp-content\/uploads\/8-1024x572.png 1024w, https:\/\/jetav.ro\/wp-content\/uploads\/8-768x429.png 768w, https:\/\/jetav.ro\/wp-content\/uploads\/8-18x10.png 18w, https:\/\/jetav.ro\/wp-content\/uploads\/8.png 1320w\" sizes=\"auto, (max-width: 680px) 100vw, 680px\" \/><\/a>\n\t\t\t<\/div><\/figure><figure class='gallery-item'>\n\t\t\t<div class='gallery-icon landscape'>\n\t\t\t\t<a href='https:\/\/jetav.ro\/wp-content\/uploads\/7.png' title=\"\" data-rl_title=\"\" class=\"rl-gallery-link\" data-rl_caption=\"\" data-rel=\"lightbox-gallery-1\"><img loading=\"lazy\" decoding=\"async\" width=\"680\" height=\"380\" src=\"https:\/\/jetav.ro\/wp-content\/uploads\/7-680x380.png\" class=\"attachment-medium size-medium\" alt=\"\" srcset=\"https:\/\/jetav.ro\/wp-content\/uploads\/7-680x380.png 680w, https:\/\/jetav.ro\/wp-content\/uploads\/7-1024x572.png 1024w, https:\/\/jetav.ro\/wp-content\/uploads\/7-768x429.png 768w, https:\/\/jetav.ro\/wp-content\/uploads\/7-18x10.png 18w, https:\/\/jetav.ro\/wp-content\/uploads\/7.png 1320w\" sizes=\"auto, (max-width: 680px) 100vw, 680px\" \/><\/a>\n\t\t\t<\/div><\/figure><figure class='gallery-item'>\n\t\t\t<div class='gallery-icon landscape'>\n\t\t\t\t<a href='https:\/\/jetav.ro\/wp-content\/uploads\/5.png' title=\"\" data-rl_title=\"\" class=\"rl-gallery-link\" data-rl_caption=\"\" data-rel=\"lightbox-gallery-1\"><img loading=\"lazy\" decoding=\"async\" width=\"680\" height=\"380\" src=\"https:\/\/jetav.ro\/wp-content\/uploads\/5-680x380.png\" class=\"attachment-medium size-medium\" alt=\"\" srcset=\"https:\/\/jetav.ro\/wp-content\/uploads\/5-680x380.png 680w, https:\/\/jetav.ro\/wp-content\/uploads\/5-1024x572.png 1024w, https:\/\/jetav.ro\/wp-content\/uploads\/5-768x429.png 768w, https:\/\/jetav.ro\/wp-content\/uploads\/5-18x10.png 18w, https:\/\/jetav.ro\/wp-content\/uploads\/5.png 1320w\" sizes=\"auto, (max-width: 680px) 100vw, 680px\" \/><\/a>\n\t\t\t<\/div><\/figure><figure class='gallery-item'>\n\t\t\t<div class='gallery-icon landscape'>\n\t\t\t\t<a href='https:\/\/jetav.ro\/wp-content\/uploads\/3.png' title=\"\" data-rl_title=\"\" class=\"rl-gallery-link\" data-rl_caption=\"\" data-rel=\"lightbox-gallery-1\"><img loading=\"lazy\" decoding=\"async\" width=\"680\" height=\"380\" src=\"https:\/\/jetav.ro\/wp-content\/uploads\/3-680x380.png\" class=\"attachment-medium size-medium\" alt=\"\" srcset=\"https:\/\/jetav.ro\/wp-content\/uploads\/3-680x380.png 680w, https:\/\/jetav.ro\/wp-content\/uploads\/3-1024x572.png 1024w, https:\/\/jetav.ro\/wp-content\/uploads\/3-768x429.png 768w, https:\/\/jetav.ro\/wp-content\/uploads\/3-18x10.png 18w, https:\/\/jetav.ro\/wp-content\/uploads\/3.png 1320w\" sizes=\"auto, (max-width: 680px) 100vw, 680px\" \/><\/a>\n\t\t\t<\/div><\/figure><figure class='gallery-item'>\n\t\t\t<div class='gallery-icon landscape'>\n\t\t\t\t<a href='https:\/\/jetav.ro\/wp-content\/uploads\/2.png' title=\"\" data-rl_title=\"\" class=\"rl-gallery-link\" data-rl_caption=\"\" data-rel=\"lightbox-gallery-1\"><img loading=\"lazy\" decoding=\"async\" width=\"680\" height=\"380\" src=\"https:\/\/jetav.ro\/wp-content\/uploads\/2-680x380.png\" class=\"attachment-medium size-medium\" alt=\"\" srcset=\"https:\/\/jetav.ro\/wp-content\/uploads\/2-680x380.png 680w, https:\/\/jetav.ro\/wp-content\/uploads\/2-1024x572.png 1024w, https:\/\/jetav.ro\/wp-content\/uploads\/2-768x429.png 768w, https:\/\/jetav.ro\/wp-content\/uploads\/2-18x10.png 18w, https:\/\/jetav.ro\/wp-content\/uploads\/2.png 1320w\" sizes=\"auto, (max-width: 680px) 100vw, 680px\" \/><\/a>\n\t\t\t<\/div><\/figure>\n\t\t<\/div>\n\n<\/div>","protected":false},"excerpt":{"rendered":"<p>Noi credem cu t\u0103rie c\u0103 fiecare copil merit\u0103 \u0219ansa de a vedea lumea din nori \u0219i de a-\u0219i descoperi pasiunile, acele sc\u00e2ntei ce vor pune bazele unui viitor frumos. Visul de a fi pilot sau explorator al cerului poate fi transformat \u00een realitate prin vizita la simulatoarele de zbor ale Academiei de Avia\u021bie JETAV sau [&hellip;]<\/p>\n","protected":false},"author":2,"featured_media":882,"parent":0,"menu_order":0,"comment_status":"closed","ping_status":"closed","template":"page-header.php","meta":{"footnotes":""},"class_list":["post-442","page","type-page","status-publish","has-post-thumbnail","hentry"],"_links":{"self":[{"href":"https:\/\/jetav.ro\/en\/wp-json\/wp\/v2\/pages\/442","targetHints":{"allow":["GET"]}}],"collection":[{"href":"https:\/\/jetav.ro\/en\/wp-json\/wp\/v2\/pages"}],"about":[{"href":"https:\/\/jetav.ro\/en\/wp-json\/wp\/v2\/types\/page"}],"author":[{"embeddable":true,"href":"https:\/\/jetav.ro\/en\/wp-json\/wp\/v2\/users\/2"}],"replies":[{"embeddable":true,"href":"https:\/\/jetav.ro\/en\/wp-json\/wp\/v2\/comments?post=442"}],"version-history":[{"count":21,"href":"https:\/\/jetav.ro\/en\/wp-json\/wp\/v2\/pages\/442\/revisions"}],"predecessor-version":[{"id":2484,"href":"https:\/\/jetav.ro\/en\/wp-json\/wp\/v2\/pages\/442\/revisions\/2484"}],"wp:featuredmedia":[{"embeddable":true,"href":"https:\/\/jetav.ro\/en\/wp-json\/wp\/v2\/media\/882"}],"wp:attachment":[{"href":"https:\/\/jetav.ro\/en\/wp-json\/wp\/v2\/media?parent=442"}],"curies":[{"name":"wp","href":"https:\/\/api.w.org\/{rel}","templated":true}]}}