{"id":399,"date":"2023-05-05T07:39:49","date_gmt":"2023-05-05T07:39:49","guid":{"rendered":"https:\/\/jetav.ro\/?page_id=399"},"modified":"2025-08-08T15:58:23","modified_gmt":"2025-08-08T13:58:23","slug":"activitiesagrement","status":"publish","type":"page","link":"https:\/\/jetav.ro\/en\/activitatiagrement\/","title":{"rendered":"Leisure activities"},"content":{"rendered":"<div class=\"container\">\n<div class=\"row-grid grid-gap grid-center grid-m columns-2-1\">\n<div>\n<h2 class=\"yellow\">Are you looking for an immersive experience?<\/h2>\n<p>You&#039;ve come to the right place, because the JETAV Aviation School has three packages for you that you must try at least once in your life! If the spirit of adventure is in you and you&#039;re curious to know what it&#039;s like to be in the cockpit of a plane in flight, take your loved ones with you and let&#039;s discover something you never thought you could do on the weekend.<\/p>\n<\/div>\n<div><img loading=\"lazy\" decoding=\"async\" class=\"aligncenter size-full wp-image-899\" src=\"https:\/\/jetav.ro\/wp-content\/uploads\/agrement-clip.png\" alt=\"\" width=\"393\" height=\"393\" srcset=\"https:\/\/jetav.ro\/wp-content\/uploads\/agrement-clip.png 393w, https:\/\/jetav.ro\/wp-content\/uploads\/agrement-clip-12x12.png 12w, https:\/\/jetav.ro\/wp-content\/uploads\/agrement-clip-120x120.png 120w\" sizes=\"auto, (max-width: 393px) 100vw, 393px\" \/><\/div>\n<\/div>\n<\/div>\n<section class=\"bg-blue space-vertical\">\n<div class=\"container\">\n<div class=\"row-flex flex-space flex-center-m flex-m spaced-vertical\">\n<div>\n<h2 class=\"white\">Contact us for details<\/h2>\n<\/div>\n<div class=\"row-flex flex-center\">\n<div><\/div>\n<div>\n<h3 class=\"white\"><small>CALL US<\/small><br \/>\n+40 728 354 448<\/h3>\n<\/div>\n<\/div>\n<\/div>\n<\/div>\n<\/section>\n<section class=\"wrapper space-vertical\">\n<div class=\"container\">\n<div class=\"row-grid grid-gap grid-m columns-3-1\">\n<div class=\"activities-listing\">\n<article>\n<div><a href=\"https:\/\/jetav.ro\/en\/pilot-for-a-day\/\"><img loading=\"lazy\" decoding=\"async\" src=\"https:\/\/jetav.ro\/wp-content\/uploads\/Pilot-pentru-zi.png\" width=\"420\" height=\"420\" \/><\/a><\/div>\n<header class=\"entry-header\">\n<h3 class=\"entry-title\">Pilot for a day<\/h3>\n<\/header>\n<div class=\"entry-content\">It&#039;s your first FLYING LESSON! Feeling the magic of flight is one of the most captivating experiences you can have with your loved ones.<\/div>\n<div class=\"price\">\n<h3 class=\"yellow\">150 euros<\/h3>\n<\/div>\n<div class=\"more\"><a class=\"btn-gradient\" href=\"https:\/\/jetav.ro\/en\/pilot-for-a-day\/\">Find out details<\/a><\/div>\n<\/article>\n<article>\n<div><a href=\"https:\/\/jetav.ro\/en\/introductory-flight\/\"><img loading=\"lazy\" decoding=\"async\" src=\"https:\/\/jetav.ro\/wp-content\/uploads\/zbor-introductiv.png\" width=\"420\" height=\"420\" \/><\/a><\/div>\n<header class=\"entry-header\">\n<h3 class=\"entry-title\">Introductory flight<\/h3>\n<\/header>\n<div class=\"entry-content\">We invite you to a day full of adrenaline and fun! Enjoy fairytale views or give an inspiring gift that won&#039;t soon be forgotten!<\/div>\n<div class=\"price\">\n<h3 class=\"yellow\">190-230 Euros<\/h3>\n<\/div>\n<div class=\"more\"><a class=\"btn-gradient\" href=\"https:\/\/jetav.ro\/en\/introductory-flight\/\">Find out details<\/a><\/div>\n<\/article>\n<\/div>\n<div style=\"background-image: url('https:\/\/jetav.ro\/wp-content\/uploads\/ad-experienta.png'); background-position: center center; background-size: cover;\">\n<div class=\"bg-gradient-top h-tower spaced row-flex\">\n<div class=\"space-vertical-big\">\n<h3 class=\"yellow\">Do you want to give a unique experience?<\/h3>\n<p><a class=\"btn-out-white\" href=\"#register\">Order now<\/a><\/p>\n<\/div>\n<\/div>\n<\/div>\n<\/div>\n<\/div>\n<\/section>\n<div class=\"container\">\n<h2 class=\"text-center\">WHAT CUSTOMERS SAY ABOUT US<\/h2>\n<div data-src=\"https:\/\/cdn.trustindex.io\/loader.js?9087f3729423474ed876936f427\"><\/div>\n<\/div>\n<div class=\"container\"><img decoding=\"async\" src=\"https:\/\/jetav.ro\/wp-content\/uploads\/jetav-plane.png\" alt=\"\" \/><\/div>\n<section id=\"register\" class=\"spaced-vertical\">\n<div class=\"container\">\n<h2 class=\"text-center\">Order an experience<\/h2>\n\n<div class=\"wpcf7 no-js\" id=\"wpcf7-f409-o1\" lang=\"ro-RO\" dir=\"ltr\" data-wpcf7-id=\"409\">\n<div class=\"screen-reader-response\"><p role=\"status\" aria-live=\"polite\" aria-atomic=\"true\"><\/p> <ul><\/ul><\/div>\n<form action=\"\/en\/wp-json\/wp\/v2\/pages\/399#wpcf7-f409-o1\" method=\"post\" class=\"wpcf7-form init\" aria-label=\"Contact form\" novalidate=\"novalidate\" data-status=\"init\" data-trp-original-action=\"\/en\/wp-json\/wp\/v2\/pages\/399#wpcf7-f409-o1\">\n<fieldset class=\"hidden-fields-container\"><input type=\"hidden\" name=\"_wpcf7\" value=\"409\" \/><input type=\"hidden\" name=\"_wpcf7_version\" value=\"6.1.5\" \/><input type=\"hidden\" name=\"_wpcf7_locale\" value=\"ro_RO\" \/><input type=\"hidden\" name=\"_wpcf7_unit_tag\" value=\"wpcf7-f409-o1\" \/><input type=\"hidden\" name=\"_wpcf7_container_post\" value=\"0\" \/><input type=\"hidden\" name=\"_wpcf7_posted_data_hash\" value=\"\" \/>\n<\/fieldset>\n<div class=\"row-flex flex-m flex-gap\">\n\t<p><label><span class=\"wpcf7-form-control-wrap\" data-name=\"your-name\"><input size=\"40\" maxlength=\"400\" class=\"wpcf7-form-control wpcf7-text wpcf7-validates-as-required\" autocomplete=\"name\" aria-required=\"true\" aria-invalid=\"false\" placeholder=\"Your Name.\" value=\"\" type=\"text\" name=\"your-name\" \/><\/span> <\/label>\n\t<\/p>\n\t<p><label><span class=\"wpcf7-form-control-wrap\" data-name=\"your-email\"><input size=\"40\" maxlength=\"400\" class=\"wpcf7-form-control wpcf7-email wpcf7-validates-as-required wpcf7-text wpcf7-validates-as-email\" autocomplete=\"email\" aria-required=\"true\" aria-invalid=\"false\" placeholder=\"Email address\" value=\"\" type=\"email\" name=\"your-email\" \/><\/span> <\/label>\n\t<\/p>\n\t<p><label><span class=\"wpcf7-form-control-wrap\" data-name=\"phone\"><input size=\"40\" maxlength=\"400\" class=\"wpcf7-form-control wpcf7-tel wpcf7-text wpcf7-validates-as-tel\" aria-invalid=\"false\" placeholder=\"your mobile\" value=\"\" type=\"tel\" name=\"phone\" \/><\/span> <\/label>\n\t<\/p>\n<\/div>\n<div class=\"row-flex flex-m flex-gap\">\n\t<p><span class=\"wpcf7-form-control-wrap\" data-name=\"your-subject\"><select class=\"wpcf7-form-control wpcf7-select wpcf7-validates-as-required\" aria-required=\"true\" aria-invalid=\"false\" name=\"your-subject\"><option value=\"Pilot pentru o zi\">Pilot for a day<\/option><option value=\"Zbor introductiv\">Introductory flight<\/option><\/select><\/span>\n\t<\/p>\n\t<p><span class=\"wpcf7-form-control-wrap\" data-name=\"nr-activitati\"><input size=\"40\" maxlength=\"400\" class=\"wpcf7-form-control wpcf7-text\" aria-invalid=\"false\" placeholder=\"Choose the number of activities\" value=\"\" type=\"text\" name=\"nr-activitati\" \/><\/span>\n\t<\/p>\n<\/div>\n<p><label><span class=\"wpcf7-form-control-wrap\" data-name=\"your-message\"><textarea cols=\"40\" rows=\"10\" maxlength=\"2000\" class=\"wpcf7-form-control wpcf7-textarea\" aria-invalid=\"false\" placeholder=\"Message\" name=\"your-message\"><\/textarea><\/span> <\/label><br \/>\n<div class=\"cf7-cf-turnstile\" style=\"margin-top: 0px; margin-bottom: -15px;\"> <div id=\"cf-turnstile-cf7-3054089333\" class=\"cf-turnstile\" data-callback=\"turnstileCF7Callback\" data-sitekey=\"0x4AAAAAABs2fGidDok13ue4\" data-theme=\"light\" data-language=\"auto\" data-size=\"normal\" data-retry=\"auto\" data-retry-interval=\"1000\" data-refresh-expired=\"auto\" data-refresh-timeout=\"auto\" data-action=\"contact-form-7\" data-appearance=\"always\"><\/div> <style>.wpcf7-submit { pointer-events: none; opacity: 0.5; }<\/style> <script>document.addEventListener(\"DOMContentLoaded\", function() { setTimeout(function(){ var e=document.getElementById(\"cf-turnstile-cf7-3054089333\"); if(e&&!e.innerHTML.trim()){turnstile.render(e, {sitekey:\"0x4AAAAAABs2fGidDok13ue4\"});} }, 200); });<\/script> <br class=\"cf-turnstile-br cf-turnstile-br-cf7-3054089333\"> <style>#cf-turnstile-cf7-3054089333 { margin-left: -15px; }<\/style> <script>document.addEventListener(\"DOMContentLoaded\",function(){document.querySelectorAll('.wpcf7-form').forEach(function(e){e.addEventListener('submit',function(){if(document.getElementById('cf-turnstile-cf7-3054089333')){setTimeout(function(){turnstile.reset('#cf-turnstile-cf7-3054089333');},1000)}})})});<\/script> <\/div>\n<\/p>\n<p><span class=\"wpcf7-form-control-wrap\" data-name=\"accept-termeni\"><span class=\"wpcf7-form-control wpcf7-acceptance\"><span class=\"wpcf7-list-item\"><label><input type=\"checkbox\" name=\"accept-termeni\" value=\"1\" aria-invalid=\"false\" \/><span class=\"wpcf7-list-item-label\">I accept <a href=\"https:\/\/jetav.ro\/en\/terms-and-conditions\/\">terms and conditions<\/a> Jetav<\/span><\/label><\/span><\/span><\/span>\n<\/p>\n<p><input class=\"wpcf7-form-control wpcf7-submit has-spinner\" type=\"submit\" value=\"send\" \/>\n<\/p><div class=\"wpcf7-response-output\" aria-hidden=\"true\"><\/div>\n<input type=\"hidden\" name=\"trp-form-language\" value=\"en\"\/><\/form>\n<\/div>\n\n<\/section>","protected":false},"excerpt":{"rendered":"<p>E\u0219ti \u00een c\u0103utarea unei experien\u021be captivante? Ai ajuns \u00een locul potrivit, pentru c\u0103 \u0218coala de Avia\u021bie JETAV are pentru tine trei pachete pe care trebuie s\u0103 le \u00eencerci m\u0103car o dat\u0103 \u00een via\u021b\u0103! Dac\u0103 spiritul aventurii este \u00een tine \u0219i e\u0219ti curios s\u0103 afli cum este s\u0103 fii la man\u0219a unui avion \u00een zbor, ia [&hellip;]<\/p>\n","protected":false},"author":2,"featured_media":898,"parent":0,"menu_order":0,"comment_status":"closed","ping_status":"closed","template":"page-header.php","meta":{"footnotes":""},"class_list":["post-399","page","type-page","status-publish","has-post-thumbnail","hentry"],"_links":{"self":[{"href":"https:\/\/jetav.ro\/en\/wp-json\/wp\/v2\/pages\/399","targetHints":{"allow":["GET"]}}],"collection":[{"href":"https:\/\/jetav.ro\/en\/wp-json\/wp\/v2\/pages"}],"about":[{"href":"https:\/\/jetav.ro\/en\/wp-json\/wp\/v2\/types\/page"}],"author":[{"embeddable":true,"href":"https:\/\/jetav.ro\/en\/wp-json\/wp\/v2\/users\/2"}],"replies":[{"embeddable":true,"href":"https:\/\/jetav.ro\/en\/wp-json\/wp\/v2\/comments?post=399"}],"version-history":[{"count":35,"href":"https:\/\/jetav.ro\/en\/wp-json\/wp\/v2\/pages\/399\/revisions"}],"predecessor-version":[{"id":4581,"href":"https:\/\/jetav.ro\/en\/wp-json\/wp\/v2\/pages\/399\/revisions\/4581"}],"wp:featuredmedia":[{"embeddable":true,"href":"https:\/\/jetav.ro\/en\/wp-json\/wp\/v2\/media\/898"}],"wp:attachment":[{"href":"https:\/\/jetav.ro\/en\/wp-json\/wp\/v2\/media?parent=399"}],"curies":[{"name":"wp","href":"https:\/\/api.w.org\/{rel}","templated":true}]}}