{"id":32,"date":"2023-03-14T15:29:22","date_gmt":"2023-03-14T15:29:22","guid":{"rendered":"https:\/\/jetav.ro\/?page_id=32"},"modified":"2024-07-22T09:51:08","modified_gmt":"2024-07-22T07:51:08","slug":"courses","status":"publish","type":"page","link":"https:\/\/jetav.ro\/en\/cursuri\/","title":{"rendered":"courses"},"content":{"rendered":"<div class=\"container\">\n<div class=\"even-odd\">\n<section><img loading=\"lazy\" decoding=\"async\" class=\"alignnone size-full wp-image-253\" src=\"https:\/\/jetav.ro\/wp-content\/uploads\/cursuri-insotitori-bord.jpg\" alt=\"\" width=\"640\" height=\"335\" srcset=\"https:\/\/jetav.ro\/wp-content\/uploads\/cursuri-insotitori-bord.jpg 640w, https:\/\/jetav.ro\/wp-content\/uploads\/cursuri-insotitori-bord-18x9.jpg 18w\" sizes=\"auto, (max-width: 640px) 100vw, 640px\" \/><\/p>\n<div class=\"even-odd-content\">\n<h2>Flight attendant courses<\/h2>\n<p>We invite you to the JETAV courses for the training of Cabin Crew Members!<\/p>\n<p>Our courses are aimed at people with no previous experience who want to pursue a dream career in aviation, but also those who need further training.<\/p>\n<p><a class=\"btn-out\" href=\"https:\/\/jetav.ro\/en\/courses\/flight-attendant-courses\/\">DISCOVER THE COURSES<\/a><\/p>\n<\/div>\n<\/section>\n<section><img loading=\"lazy\" decoding=\"async\" class=\"alignnone size-full wp-image-256\" src=\"https:\/\/jetav.ro\/wp-content\/uploads\/cursuri-piloti.jpg\" alt=\"\" width=\"640\" height=\"335\" srcset=\"https:\/\/jetav.ro\/wp-content\/uploads\/cursuri-piloti.jpg 640w, https:\/\/jetav.ro\/wp-content\/uploads\/cursuri-piloti-18x9.jpg 18w\" sizes=\"auto, (max-width: 640px) 100vw, 640px\" \/><\/p>\n<div class=\"even-odd-content\">\n<h2>Pilot courses<\/h2>\n<p>Do you want to fly for pleasure with your PPL or are you keen to explore an elite career because your dream is to be an airline pilot?<\/p>\n<p>Choose the modules you need and let&#039;s spread your wings where you want!<\/p>\n<p><a class=\"btn-out\" href=\"https:\/\/jetav.ro\/en\/category\/pilot-courses\/\">DISCOVER THE COURSES<\/a><\/p>\n<\/div>\n<\/section>\n<section><img loading=\"lazy\" decoding=\"async\" class=\"alignnone size-full wp-image-255\" src=\"https:\/\/jetav.ro\/wp-content\/uploads\/cursuri-perfectionare.jpg\" alt=\"\" width=\"640\" height=\"335\" srcset=\"https:\/\/jetav.ro\/wp-content\/uploads\/cursuri-perfectionare.jpg 640w, https:\/\/jetav.ro\/wp-content\/uploads\/cursuri-perfectionare-18x9.jpg 18w\" sizes=\"auto, (max-width: 640px) 100vw, 640px\" \/><\/p>\n<div class=\"even-odd-content\">\n<h2>Advanced courses<\/h2>\n<p>Even the best need a little help to reach their full potential! We can prepare you to excel in English, to successfully take job interviews at major airlines, or to specialize on the Boeing 737NG.<\/p>\n<p><a class=\"btn-out\" href=\"https:\/\/jetav.ro\/en\/courses\/pilots-training-courses\/\">DISCOVER THE COURSES<\/a><\/p>\n<\/div>\n<\/section>\n<section><img loading=\"lazy\" decoding=\"async\" class=\"alignnone size-full wp-image-254\" src=\"https:\/\/jetav.ro\/wp-content\/uploads\/cursuri-introductive.jpg\" alt=\"\" width=\"640\" height=\"335\" srcset=\"https:\/\/jetav.ro\/wp-content\/uploads\/cursuri-introductive.jpg 640w, https:\/\/jetav.ro\/wp-content\/uploads\/cursuri-introductive-18x9.jpg 18w\" sizes=\"auto, (max-width: 640px) 100vw, 640px\" \/><\/p>\n<div class=\"even-odd-content\">\n<h2>Introductory courses<\/h2>\n<p>Stop thinking if you want to see your dream come true!<\/p>\n<p>JETAV Flight Academy can open your way to a beautiful future that you only dreamed of, but didn&#039;t have the courage to pursue. Your first steps in aviation start here with introductory courses!<\/p>\n<p><a class=\"btn-out\" href=\"https:\/\/jetav.ro\/en\/courses\/introductory-courses\/\">DISCOVER THE COURSES<\/a><\/p>\n<\/div>\n<\/section>\n<\/div>\n<h2>Our students<\/h2>\n<div id='gallery-1' class='gallery galleryid-32 gallery-columns-3 gallery-size-thumbnail'><figure class='gallery-item'>\n\t\t\t<div class='gallery-icon landscape'>\n\t\t\t\t<a href='https:\/\/jetav.ro\/wp-content\/uploads\/Cursantii-nostri-3.png' title=\"\" data-rl_title=\"\" class=\"rl-gallery-link\" data-rl_caption=\"\" data-rel=\"lightbox-gallery-1\"><img loading=\"lazy\" decoding=\"async\" width=\"420\" height=\"420\" src=\"https:\/\/jetav.ro\/wp-content\/uploads\/Cursantii-nostri-3-420x420.png\" class=\"attachment-thumbnail size-thumbnail\" alt=\"\" srcset=\"https:\/\/jetav.ro\/wp-content\/uploads\/Cursantii-nostri-3-420x420.png 420w, https:\/\/jetav.ro\/wp-content\/uploads\/Cursantii-nostri-3-12x12.png 12w, https:\/\/jetav.ro\/wp-content\/uploads\/Cursantii-nostri-3-120x120.png 120w, https:\/\/jetav.ro\/wp-content\/uploads\/Cursantii-nostri-3.png 424w\" sizes=\"auto, (max-width: 420px) 100vw, 420px\" \/><\/a>\n\t\t\t<\/div><\/figure><figure class='gallery-item'>\n\t\t\t<div class='gallery-icon landscape'>\n\t\t\t\t<a href='https:\/\/jetav.ro\/wp-content\/uploads\/Cursantii-nostri-2.png' title=\"\" data-rl_title=\"\" class=\"rl-gallery-link\" data-rl_caption=\"\" data-rel=\"lightbox-gallery-1\"><img loading=\"lazy\" decoding=\"async\" width=\"420\" height=\"420\" src=\"https:\/\/jetav.ro\/wp-content\/uploads\/Cursantii-nostri-2-420x420.png\" class=\"attachment-thumbnail size-thumbnail\" alt=\"\" srcset=\"https:\/\/jetav.ro\/wp-content\/uploads\/Cursantii-nostri-2-420x420.png 420w, https:\/\/jetav.ro\/wp-content\/uploads\/Cursantii-nostri-2-12x12.png 12w, https:\/\/jetav.ro\/wp-content\/uploads\/Cursantii-nostri-2-120x120.png 120w, https:\/\/jetav.ro\/wp-content\/uploads\/Cursantii-nostri-2.png 424w\" sizes=\"auto, (max-width: 420px) 100vw, 420px\" \/><\/a>\n\t\t\t<\/div><\/figure><figure class='gallery-item'>\n\t\t\t<div class='gallery-icon landscape'>\n\t\t\t\t<a href='https:\/\/jetav.ro\/wp-content\/uploads\/Cursantii-nostri-1.png' title=\"\" data-rl_title=\"\" class=\"rl-gallery-link\" data-rl_caption=\"\" data-rel=\"lightbox-gallery-1\"><img loading=\"lazy\" decoding=\"async\" width=\"420\" height=\"420\" src=\"https:\/\/jetav.ro\/wp-content\/uploads\/Cursantii-nostri-1-420x420.png\" class=\"attachment-thumbnail size-thumbnail\" alt=\"\" srcset=\"https:\/\/jetav.ro\/wp-content\/uploads\/Cursantii-nostri-1-420x420.png 420w, https:\/\/jetav.ro\/wp-content\/uploads\/Cursantii-nostri-1-12x12.png 12w, https:\/\/jetav.ro\/wp-content\/uploads\/Cursantii-nostri-1-120x120.png 120w, https:\/\/jetav.ro\/wp-content\/uploads\/Cursantii-nostri-1.png 424w\" sizes=\"auto, (max-width: 420px) 100vw, 420px\" \/><\/a>\n\t\t\t<\/div><\/figure>\n\t\t<\/div>\n\n<h2>Reviews<\/h2>\n<div data-src=\"https:\/\/cdn.trustindex.io\/loader.js?9087f3729423474ed876936f427\"><\/div>\n<\/div>\n<section class=\"bg-blue\">\n<div class=\"container\">\n<div class=\"row-flex flex-space flex-center-m flex-m\">\n<div>\n<h2 class=\"white no-margin\">Contact us for details<\/h2>\n<\/div>\n<div class=\"space-vertical row-flex flex-center\">\n<div><\/div>\n<div>\n<h3 class=\"white\"><small>CALL US<\/small><br \/>\n+40 728 354 448<\/h3>\n<\/div>\n<\/div>\n<\/div>\n<\/div>\n<\/section>","protected":false},"excerpt":{"rendered":"<p>Cursuri \u00eenso\u021bitori de bord Te invit\u0103m la cursurile JETAV pentru formarea Membrilor Echipajului de Cabin\u0103! Cursurile noastre se adreseaz\u0103 persoanelor f\u0103r\u0103 experien\u021b\u0103 anterioar\u0103 care \u00ee\u0219i doresc s\u0103 urmeze o carier\u0103 de vis \u00een avia\u021bie, dar \u0219i celor care au nevoie de cursuri pentru perfec\u021bionare ulterioar\u0103. DESCOPER\u0102 CURSURILE Cursuri pilo\u021bi \u00ce\u021bi dore\u0219ti s\u0103 zbori de pl\u0103cere [&hellip;]<\/p>\n","protected":false},"author":2,"featured_media":737,"parent":0,"menu_order":0,"comment_status":"closed","ping_status":"closed","template":"page-header.php","meta":{"footnotes":""},"class_list":["post-32","page","type-page","status-publish","has-post-thumbnail","hentry"],"_links":{"self":[{"href":"https:\/\/jetav.ro\/en\/wp-json\/wp\/v2\/pages\/32","targetHints":{"allow":["GET"]}}],"collection":[{"href":"https:\/\/jetav.ro\/en\/wp-json\/wp\/v2\/pages"}],"about":[{"href":"https:\/\/jetav.ro\/en\/wp-json\/wp\/v2\/types\/page"}],"author":[{"embeddable":true,"href":"https:\/\/jetav.ro\/en\/wp-json\/wp\/v2\/users\/2"}],"replies":[{"embeddable":true,"href":"https:\/\/jetav.ro\/en\/wp-json\/wp\/v2\/comments?post=32"}],"version-history":[{"count":6,"href":"https:\/\/jetav.ro\/en\/wp-json\/wp\/v2\/pages\/32\/revisions"}],"predecessor-version":[{"id":2463,"href":"https:\/\/jetav.ro\/en\/wp-json\/wp\/v2\/pages\/32\/revisions\/2463"}],"wp:featuredmedia":[{"embeddable":true,"href":"https:\/\/jetav.ro\/en\/wp-json\/wp\/v2\/media\/737"}],"wp:attachment":[{"href":"https:\/\/jetav.ro\/en\/wp-json\/wp\/v2\/media?parent=32"}],"curies":[{"name":"wp","href":"https:\/\/api.w.org\/{rel}","templated":true}]}}