{"id":311,"date":"2023-04-28T13:32:43","date_gmt":"2023-04-28T13:32:43","guid":{"rendered":"https:\/\/jetav.ro\/?page_id=311"},"modified":"2025-02-20T13:21:37","modified_gmt":"2025-02-20T11:21:37","slug":"aeromed-clinic","status":"publish","type":"page","link":"https:\/\/jetav.ro\/en\/aeromed-clinic\/","title":{"rendered":"CLINICAL AEROMED"},"content":{"rendered":"<div class=\"container\">\n<div class=\"row-grid grid-gap grid-m columns-2\">\n<div>\n<h2>ABOUT AEROMED CLINIC<\/h2>\n<p>AEROMED CLINIC was established in 2007, with the object of its activity being the medical examination and certification of aeronautical personnel in civil aviation, in accordance with EASA provisions.<\/p>\n<p>Licensed and authorized personnel in medical practice, with training in aeronautical medicine, work in the company. Doctors are designated and authorized by the Romanian Civil Aeronautical Authority as independent medical examiners - AME - and can perform medical examinations and certifications in accordance with the limitations mentioned in the authorization for medical services.<\/p>\n<\/div>\n<div><img loading=\"lazy\" decoding=\"async\" src=\"https:\/\/jetav.ro\/wp-content\/uploads\/medical-clinic.jpg\" alt=\"\" width=\"644\" height=\"408\" \/><\/div>\n<\/div>\n<div class=\"space-vertical\">\n<h2 class=\"text-center uppercase\">Medical services<\/h2>\n<p class=\"text-center\">We are reliable suppliers for the aeronautical industry in Romania<\/p>\n<\/div>\n<div class=\"row-grid grid-gap grid-m columns-3\">\n<article>\n<div class=\"row-flex flex-center flex-gap\">\n<div><img loading=\"lazy\" decoding=\"async\" src=\"https:\/\/jetav.ro\/wp-content\/uploads\/aero-01.png\" alt=\"\" width=\"120\" height=\"120\" \/><\/div>\n<header class=\"entry-header\">\n<h3 class=\"entry-title\">CLASS 1 REVALIDATION<\/h3>\n<p>Revalidation\/renewal of the medical certificate intended for Class I pilots.<\/p>\n<p><a class=\"btn-gradient\" href=\"https:\/\/aeromed-clinic.ro\/programare\/alege_data\/6\" target=\"_blank\" rel=\"noopener\">Find out more<\/a><\/p>\n<\/header>\n<\/div>\n<\/article>\n<article>\n<div class=\"row-flex flex-center flex-gap\">\n<div><img loading=\"lazy\" decoding=\"async\" src=\"https:\/\/jetav.ro\/wp-content\/uploads\/aero-03.png\" alt=\"\" width=\"120\" height=\"120\" \/><\/div>\n<header class=\"entry-header\">\n<h3 class=\"entry-title\">CABIN CREW REVALIDATION<\/h3>\n<p>Revalidation\/renewal of the medical certificate intended for cabin staff.<\/p>\n<p><a class=\"btn-gradient\" href=\"https:\/\/aeromed-clinic.ro\/programare\/alege_data\/8\" target=\"_blank\" rel=\"noopener\">Find out more<\/a><\/p>\n<\/header>\n<\/div>\n<\/article>\n<article>\n<div class=\"row-flex flex-center flex-gap\">\n<div><img loading=\"lazy\" decoding=\"async\" src=\"https:\/\/jetav.ro\/wp-content\/uploads\/aero-03.png\" alt=\"\" width=\"120\" height=\"120\" \/><\/div>\n<header class=\"entry-header\">\n<h3 class=\"entry-title\">INITIAL CREW CABIN<\/h3>\n<p>Issuance of the initial medical certificate intended for the cabin staff.<\/p>\n<p><a class=\"btn-gradient\" href=\"https:\/\/aeromed-clinic.ro\/programare\/alege_data\/3\" target=\"_blank\" rel=\"noopener\">Find out more<\/a><\/p>\n<\/header>\n<\/div>\n<\/article>\n<article>\n<div class=\"row-flex flex-center flex-gap\">\n<div><img loading=\"lazy\" decoding=\"async\" src=\"https:\/\/jetav.ro\/wp-content\/uploads\/aero-02.png\" alt=\"\" width=\"120\" height=\"120\" \/><\/div>\n<header class=\"entry-header\">\n<h3 class=\"entry-title\">CLASS 2 REVALIDATION<\/h3>\n<p>Renewal\/revalidation of the medical certificate intended for Class II pilots.<\/p>\n<p><a class=\"btn-gradient\" href=\"https:\/\/aeromed-clinic.ro\/programare\/alege_data\/7\" target=\"_blank\" rel=\"noopener\">Find out more<\/a><\/p>\n<\/header>\n<\/div>\n<\/article>\n<article>\n<div class=\"row-flex flex-center flex-gap\">\n<div><img loading=\"lazy\" decoding=\"async\" src=\"https:\/\/jetav.ro\/wp-content\/uploads\/aero-02.png\" alt=\"\" width=\"120\" height=\"120\" \/><\/div>\n<header class=\"entry-header\">\n<h3 class=\"entry-title\">CLASS 2 INITIAL<\/h3>\n<p>Issuance of the initial medical certificate intended for Class II pilots.<\/p>\n<p><a class=\"btn-gradient\" href=\"https:\/\/aeromed-clinic.ro\/programare\/alege_data\/5\" target=\"_blank\" rel=\"noopener\">Find out more<\/a><\/p>\n<\/header>\n<\/div>\n<\/article>\n<article>\n<div class=\"row-flex flex-center flex-gap\">\n<div><img loading=\"lazy\" decoding=\"async\" src=\"https:\/\/jetav.ro\/wp-content\/uploads\/aero-04.png\" alt=\"\" width=\"120\" height=\"120\" \/><\/div>\n<header class=\"entry-header\">\n<h3 class=\"entry-title\">CLASS 3 REVALIDATION<\/h3>\n<p>Revalidation\/renewal of the medical certificate intended for CTA conducting or CTA information personnel.<\/p>\n<p><a class=\"btn-gradient\" href=\"https:\/\/aeromed-clinic.ro\/contact\" target=\"_blank\" rel=\"noopener\">Find out more<\/a><\/p>\n<\/header>\n<\/div>\n<\/article>\n<\/div>\n<\/div>\n<section class=\"bg-blue\">\n<div class=\"container\">\n<div class=\"row-flex flex-space flex-center-m flex-m\">\n<div>\n<h2 class=\"white no-margin\">Contact us for more details<\/h2>\n<\/div>\n<div class=\"space-vertical row-flex flex-center\">\n<div><\/div>\n<div>\n<h3 class=\"white\">CALL US<br \/>\n031 433 84 16<\/h3>\n<\/div>\n<\/div>\n<\/div>\n<\/div>\n<\/section>\n<div class=\"container\">\n<section>\n<h2>WHAT CUSTOMERS SAY ABOUT US<\/h2>\n<div data-src=\"https:\/\/cdn.trustindex.io\/loader.js?9087f3729423474ed876936f427\"><\/div>\n<\/section>\n<section>\n<h2>SEND US AN EMAIL<\/h2>\n\n<div class=\"wpcf7 no-js\" id=\"wpcf7-f88-o1\" lang=\"ro-RO\" dir=\"ltr\" data-wpcf7-id=\"88\">\n<div class=\"screen-reader-response\"><p role=\"status\" aria-live=\"polite\" aria-atomic=\"true\"><\/p> <ul><\/ul><\/div>\n<form action=\"\/en\/wp-json\/wp\/v2\/pages\/311#wpcf7-f88-o1\" method=\"post\" class=\"wpcf7-form init\" aria-label=\"Contact form\" novalidate=\"novalidate\" data-status=\"init\" data-trp-original-action=\"\/en\/wp-json\/wp\/v2\/pages\/311#wpcf7-f88-o1\">\n<fieldset class=\"hidden-fields-container\"><input type=\"hidden\" name=\"_wpcf7\" value=\"88\" \/><input type=\"hidden\" name=\"_wpcf7_version\" value=\"6.1.5\" \/><input type=\"hidden\" name=\"_wpcf7_locale\" value=\"ro_RO\" \/><input type=\"hidden\" name=\"_wpcf7_unit_tag\" value=\"wpcf7-f88-o1\" \/><input type=\"hidden\" name=\"_wpcf7_container_post\" value=\"0\" \/><input type=\"hidden\" name=\"_wpcf7_posted_data_hash\" value=\"\" \/>\n<\/fieldset>\n<div class=\"row-flex flex-m flex-gap\">\n\t<p><label><span class=\"wpcf7-form-control-wrap\" data-name=\"your-name\"><input size=\"40\" maxlength=\"400\" class=\"wpcf7-form-control wpcf7-text wpcf7-validates-as-required\" autocomplete=\"name\" aria-required=\"true\" aria-invalid=\"false\" placeholder=\"Your Name.\" value=\"\" type=\"text\" name=\"your-name\" \/><\/span> <\/label>\n\t<\/p>\n\t<p><label><span class=\"wpcf7-form-control-wrap\" data-name=\"phone\"><input size=\"40\" maxlength=\"400\" class=\"wpcf7-form-control wpcf7-tel wpcf7-text wpcf7-validates-as-tel\" aria-invalid=\"false\" placeholder=\"your mobile\" value=\"\" type=\"tel\" name=\"phone\" \/><\/span> <\/label>\n\t<\/p>\n<\/div>\n<div class=\"row-flex flex-m flex-gap\">\n\t<p><label><span class=\"wpcf7-form-control-wrap\" data-name=\"your-email\"><input size=\"40\" maxlength=\"400\" class=\"wpcf7-form-control wpcf7-email wpcf7-validates-as-required wpcf7-text wpcf7-validates-as-email\" autocomplete=\"email\" aria-required=\"true\" aria-invalid=\"false\" placeholder=\"Email address\" value=\"\" type=\"email\" name=\"your-email\" \/><\/span> <\/label>\n\t<\/p>\n\t<p><label><span class=\"wpcf7-form-control-wrap\" data-name=\"your-subject\"><input size=\"40\" maxlength=\"400\" class=\"wpcf7-form-control wpcf7-text wpcf7-validates-as-required\" aria-required=\"true\" aria-invalid=\"false\" placeholder=\"Topic\" value=\"\" type=\"text\" name=\"your-subject\" \/><\/span> <\/label>\n\t<\/p>\n<\/div>\n<p><label><span class=\"wpcf7-form-control-wrap\" data-name=\"your-message\"><textarea cols=\"40\" rows=\"10\" maxlength=\"2000\" class=\"wpcf7-form-control wpcf7-textarea\" aria-invalid=\"false\" placeholder=\"Message\" name=\"your-message\"><\/textarea><\/span> <\/label><br \/>\n<div class=\"cf7-cf-turnstile\" style=\"margin-top: 0px; margin-bottom: -15px;\"> <div id=\"cf-turnstile-cf7-155232372\" class=\"cf-turnstile\" data-callback=\"turnstileCF7Callback\" data-sitekey=\"0x4AAAAAABs2fGidDok13ue4\" data-theme=\"light\" data-language=\"auto\" data-size=\"normal\" data-retry=\"auto\" data-retry-interval=\"1000\" data-refresh-expired=\"auto\" data-refresh-timeout=\"auto\" data-action=\"contact-form-7\" data-appearance=\"always\"><\/div> <style>.wpcf7-submit { pointer-events: none; opacity: 0.5; }<\/style> <script>document.addEventListener(\"DOMContentLoaded\", function() { setTimeout(function(){ var e=document.getElementById(\"cf-turnstile-cf7-155232372\"); if(e&&!e.innerHTML.trim()){turnstile.render(e, {sitekey:\"0x4AAAAAABs2fGidDok13ue4\"});} }, 200); });<\/script> <br class=\"cf-turnstile-br cf-turnstile-br-cf7-155232372\"> <style>#cf-turnstile-cf7-155232372 { margin-left: -15px; }<\/style> <script>document.addEventListener(\"DOMContentLoaded\",function(){document.querySelectorAll('.wpcf7-form').forEach(function(e){e.addEventListener('submit',function(){if(document.getElementById('cf-turnstile-cf7-155232372')){setTimeout(function(){turnstile.reset('#cf-turnstile-cf7-155232372');},1000)}})})});<\/script> <\/div>\n<\/p>\n<p><span class=\"wpcf7-form-control-wrap\" data-name=\"accept-termeni\"><span class=\"wpcf7-form-control wpcf7-acceptance\"><span class=\"wpcf7-list-item\"><label><input type=\"checkbox\" name=\"accept-termeni\" value=\"1\" aria-invalid=\"false\" \/><span class=\"wpcf7-list-item-label\">I accept <a href=\"https:\/\/jetav.ro\/en\/terms-and-conditions\/\">terms and conditions<\/a> Jetav<\/span><\/label><\/span><\/span><\/span>\n<\/p>\n<p><input class=\"wpcf7-form-control wpcf7-submit has-spinner\" type=\"submit\" value=\"send\" \/>\n<\/p><div class=\"wpcf7-response-output\" aria-hidden=\"true\"><\/div>\n<input type=\"hidden\" name=\"trp-form-language\" value=\"en\"\/><\/form>\n<\/div>\n\n<\/section>\n<\/div>","protected":false},"excerpt":{"rendered":"<p>DESPRE AEROMED CLINIC AEROMED CLINIC, s-a \u00eenfiin\u021bat \u00een anul 2007 av\u00e2nd ca obiect de activitatea examinarea \u0219i certificarea medical\u0103 a personalului aeronautic din avia\u021bia civil\u0103, \u00een concordan\u021b\u0103 cu prevederile EASA. \u00cen societate activeaz\u0103 personal licen\u021biat \u0219i autorizat \u00een practica medical\u0103, cu pregatire \u00een medicina aeronautic\u0103. Medicii sunt desemna\u021bi \u0219i autoriza\u021bi de Autoritatea Aeronautic\u0103 Civil\u0103 Rom\u00e2n\u0103 [&hellip;]<\/p>\n","protected":false},"author":2,"featured_media":798,"parent":0,"menu_order":0,"comment_status":"closed","ping_status":"closed","template":"page-header.php","meta":{"footnotes":""},"class_list":["post-311","page","type-page","status-publish","has-post-thumbnail","hentry"],"_links":{"self":[{"href":"https:\/\/jetav.ro\/en\/wp-json\/wp\/v2\/pages\/311","targetHints":{"allow":["GET"]}}],"collection":[{"href":"https:\/\/jetav.ro\/en\/wp-json\/wp\/v2\/pages"}],"about":[{"href":"https:\/\/jetav.ro\/en\/wp-json\/wp\/v2\/types\/page"}],"author":[{"embeddable":true,"href":"https:\/\/jetav.ro\/en\/wp-json\/wp\/v2\/users\/2"}],"replies":[{"embeddable":true,"href":"https:\/\/jetav.ro\/en\/wp-json\/wp\/v2\/comments?post=311"}],"version-history":[{"count":5,"href":"https:\/\/jetav.ro\/en\/wp-json\/wp\/v2\/pages\/311\/revisions"}],"predecessor-version":[{"id":3621,"href":"https:\/\/jetav.ro\/en\/wp-json\/wp\/v2\/pages\/311\/revisions\/3621"}],"wp:featuredmedia":[{"embeddable":true,"href":"https:\/\/jetav.ro\/en\/wp-json\/wp\/v2\/media\/798"}],"wp:attachment":[{"href":"https:\/\/jetav.ro\/en\/wp-json\/wp\/v2\/media?parent=311"}],"curies":[{"name":"wp","href":"https:\/\/api.w.org\/{rel}","templated":true}]}}