{"id":286,"date":"2023-04-28T09:13:31","date_gmt":"2023-04-28T09:13:31","guid":{"rendered":"https:\/\/jetav.ro\/?page_id=286"},"modified":"2025-08-07T16:52:41","modified_gmt":"2025-08-07T14:52:41","slug":"flight-simulators","status":"publish","type":"page","link":"https:\/\/jetav.ro\/en\/simulatoare-de-zbor\/","title":{"rendered":"Flight simulators"},"content":{"rendered":"<div class=\"container\">We are the only Aviation School in Romania that offers a unique and as authentic a flight experience as possible: in an Airbus A320, Boeing 737NG simulator or in a Single Engine Piston recreational plane simulator. This way we ensure that the pilots and crew members we train are fully prepared for any situation, and that the curious and aviation enthusiasts have a captivating and memorable experience.<\/p>\n<div class=\"row-grid grid-gap grid-m columns-2 space-top\">\n<div><img loading=\"lazy\" decoding=\"async\" class=\"aligncenter size-full wp-image-1581\" src=\"https:\/\/jetav.ro\/wp-content\/uploads\/JETAV_Airbus-A320_website_Simulatoare-de-zbor-Simulator-de-Zbor-Airbus-A320.png\" alt=\"\" width=\"859\" height=\"611\" \/><\/div>\n<div>\n<h3>Airbus A320 simulator<\/h3>\n<p>Every flight in the Airbus A320 simulator is a memorable and educational adventure. No matter your age or level of experience \u2014 here, children, grandparents, or any aviation enthusiast can feel the excitement and joy of flight! <\/p>\n<p>With this state-of-the-art simulator dedicated to the Airbus A320 \u2013 one of the most popular and successful passenger aircraft in the world \u2013 you can experience the full dynamics of a real flight: from takeoffs and landings, to unforeseen situations and emergency scenarios. Here you can test everything, just like in the cockpit of an airliner. <\/p>\n<p><a class=\"btn-gradient\" href=\"https:\/\/jetav.ro\/en\/airbus-320-flight-simulator\/\">Find out details<\/a><\/p>\n<\/div>\n<\/div>\n<div class=\"row-grid grid-gap grid-m columns-2 space-top\">\n<div><img loading=\"lazy\" decoding=\"async\" class=\"aligncenter size-full wp-image-1581\" src=\"https:\/\/jetav.ro\/wp-content\/uploads\/Simulator-de-Zbor-Boeing-737NG-1.png\" alt=\"\" width=\"859\" height=\"611\" srcset=\"https:\/\/jetav.ro\/wp-content\/uploads\/Simulator-de-Zbor-Boeing-737NG-1.png 859w, https:\/\/jetav.ro\/wp-content\/uploads\/Simulator-de-Zbor-Boeing-737NG-1-680x484.png 680w, https:\/\/jetav.ro\/wp-content\/uploads\/Simulator-de-Zbor-Boeing-737NG-1-768x546.png 768w, https:\/\/jetav.ro\/wp-content\/uploads\/Simulator-de-Zbor-Boeing-737NG-1-18x12.png 18w\" sizes=\"auto, (max-width: 859px) 100vw, 859px\" \/><\/div>\n<div>\n<h3>Boeing 737NG simulator<\/h3>\n<p>When you are passionate about flying, the world is infinitely more beautiful from the cockpit! Now you have the chance to experience the feeling of flying yourself from the cockpit of the Boeing 737 passenger plane.<\/p>\n<p>It doesn&#039;t matter the experience or the minimum and maximum age, for us it matters that every aviation enthusiast and curiosity has a great experience with our pilots trained to guide you on this story-telling journey. Do you want to give a unique gift, organize a teambuilding like never before or treat your fear of flying? We invite you to fly!<\/p>\n<p><a class=\"btn-gradient\" href=\"https:\/\/jetav.ro\/en\/boeing-737ng-flight-simulator\/\">Find out details<\/a><\/p>\n<\/div>\n<\/div>\n<div class=\"row-grid grid-gap grid-m columns-2 space-top\">\n<div><img loading=\"lazy\" decoding=\"async\" class=\"aligncenter size-full wp-image-1621\" src=\"https:\/\/jetav.ro\/wp-content\/uploads\/SEP-page-1.png\" alt=\"\" width=\"859\" height=\"611\" srcset=\"https:\/\/jetav.ro\/wp-content\/uploads\/SEP-page-1.png 859w, https:\/\/jetav.ro\/wp-content\/uploads\/SEP-page-1-680x484.png 680w, https:\/\/jetav.ro\/wp-content\/uploads\/SEP-page-1-768x546.png 768w, https:\/\/jetav.ro\/wp-content\/uploads\/SEP-page-1-18x12.png 18w\" sizes=\"auto, (max-width: 859px) 100vw, 859px\" \/><\/div>\n<div>\n<h2>SEP-MEP simulator<\/h2>\n<p>If you want to experience the authentic feeling of flying but without being in a real plane, we invite you to the SEP-MEP airplane sleeve, equipped with a single piston engine (SEP) or two piston engines (MEP).<\/p>\n<p>The simulator reproduces emergency situations, various flight conditions, helping pilots practice take-off, flight and landing procedures.<\/p>\n<p>Through practice a pilot can maintain or improve his navigation skills in a safe and efficient manner using the flight instruments. Want to give a unique gift to an aviation enthusiast?<\/p>\n<p><a class=\"btn-gradient\" href=\"https:\/\/jetav.ro\/en\/sep-mep-flight-simulator\/\">Find out details<\/a><\/p>\n<\/div>\n<\/div>\n<\/div>\n<p>&nbsp;<\/p>\n<section class=\"bg-blue\">\n<div class=\"container\">\n<div class=\"row-flex flex-space flex-center-m flex-m\">\n<div>\n<h2 class=\"white no-margin\">Schedule a meeting<\/h2>\n<\/div>\n<div class=\"space-vertical row-flex flex-center\">\n<div><\/div>\n<div>\n<h3 class=\"white\">CALL US<br \/>\n0728 354 448<\/h3>\n<\/div>\n<\/div>\n<\/div>\n<\/div>\n<\/section>\n<div class=\"container\">\n<div id='gallery-1' class='gallery galleryid-286 gallery-columns-3 gallery-size-medium'><figure class='gallery-item'>\n\t\t\t<div class='gallery-icon landscape'>\n\t\t\t\t<a href='https:\/\/jetav.ro\/wp-content\/uploads\/B737NG-1.png' title=\"\" data-rl_title=\"\" class=\"rl-gallery-link\" data-rl_caption=\"\" data-rel=\"lightbox-gallery-1\"><img loading=\"lazy\" decoding=\"async\" width=\"424\" height=\"424\" src=\"https:\/\/jetav.ro\/wp-content\/uploads\/B737NG-1.png\" class=\"attachment-medium size-medium\" alt=\"\" srcset=\"https:\/\/jetav.ro\/wp-content\/uploads\/B737NG-1.png 424w, https:\/\/jetav.ro\/wp-content\/uploads\/B737NG-1-420x420.png 420w, https:\/\/jetav.ro\/wp-content\/uploads\/B737NG-1-12x12.png 12w, https:\/\/jetav.ro\/wp-content\/uploads\/B737NG-1-120x120.png 120w\" sizes=\"auto, (max-width: 424px) 100vw, 424px\" \/><\/a>\n\t\t\t<\/div><\/figure><figure class='gallery-item'>\n\t\t\t<div class='gallery-icon landscape'>\n\t\t\t\t<a href='https:\/\/jetav.ro\/wp-content\/uploads\/B737NG-2.png' title=\"\" data-rl_title=\"\" class=\"rl-gallery-link\" data-rl_caption=\"\" data-rel=\"lightbox-gallery-1\"><img loading=\"lazy\" decoding=\"async\" width=\"424\" height=\"424\" src=\"https:\/\/jetav.ro\/wp-content\/uploads\/B737NG-2.png\" class=\"attachment-medium size-medium\" alt=\"\" srcset=\"https:\/\/jetav.ro\/wp-content\/uploads\/B737NG-2.png 424w, https:\/\/jetav.ro\/wp-content\/uploads\/B737NG-2-420x420.png 420w, https:\/\/jetav.ro\/wp-content\/uploads\/B737NG-2-12x12.png 12w, https:\/\/jetav.ro\/wp-content\/uploads\/B737NG-2-120x120.png 120w\" sizes=\"auto, (max-width: 424px) 100vw, 424px\" \/><\/a>\n\t\t\t<\/div><\/figure><figure class='gallery-item'>\n\t\t\t<div class='gallery-icon landscape'>\n\t\t\t\t<a href='https:\/\/jetav.ro\/wp-content\/uploads\/B737NG-3.png' title=\"\" data-rl_title=\"\" class=\"rl-gallery-link\" data-rl_caption=\"\" data-rel=\"lightbox-gallery-1\"><img loading=\"lazy\" decoding=\"async\" width=\"424\" height=\"424\" src=\"https:\/\/jetav.ro\/wp-content\/uploads\/B737NG-3.png\" class=\"attachment-medium size-medium\" alt=\"\" srcset=\"https:\/\/jetav.ro\/wp-content\/uploads\/B737NG-3.png 424w, https:\/\/jetav.ro\/wp-content\/uploads\/B737NG-3-420x420.png 420w, https:\/\/jetav.ro\/wp-content\/uploads\/B737NG-3-12x12.png 12w, https:\/\/jetav.ro\/wp-content\/uploads\/B737NG-3-120x120.png 120w\" sizes=\"auto, (max-width: 424px) 100vw, 424px\" \/><\/a>\n\t\t\t<\/div><\/figure><figure class='gallery-item'>\n\t\t\t<div class='gallery-icon landscape'>\n\t\t\t\t<a href='https:\/\/jetav.ro\/wp-content\/uploads\/B737NG-4.png' title=\"\" data-rl_title=\"\" class=\"rl-gallery-link\" data-rl_caption=\"\" data-rel=\"lightbox-gallery-1\"><img loading=\"lazy\" decoding=\"async\" width=\"424\" height=\"424\" src=\"https:\/\/jetav.ro\/wp-content\/uploads\/B737NG-4.png\" class=\"attachment-medium size-medium\" alt=\"\" srcset=\"https:\/\/jetav.ro\/wp-content\/uploads\/B737NG-4.png 424w, https:\/\/jetav.ro\/wp-content\/uploads\/B737NG-4-420x420.png 420w, https:\/\/jetav.ro\/wp-content\/uploads\/B737NG-4-12x12.png 12w, https:\/\/jetav.ro\/wp-content\/uploads\/B737NG-4-120x120.png 120w\" sizes=\"auto, (max-width: 424px) 100vw, 424px\" \/><\/a>\n\t\t\t<\/div><\/figure><figure class='gallery-item'>\n\t\t\t<div class='gallery-icon landscape'>\n\t\t\t\t<a href='https:\/\/jetav.ro\/wp-content\/uploads\/B737NG-5.png' title=\"\" data-rl_title=\"\" class=\"rl-gallery-link\" data-rl_caption=\"\" data-rel=\"lightbox-gallery-1\"><img loading=\"lazy\" decoding=\"async\" width=\"424\" height=\"424\" src=\"https:\/\/jetav.ro\/wp-content\/uploads\/B737NG-5.png\" class=\"attachment-medium size-medium\" alt=\"\" srcset=\"https:\/\/jetav.ro\/wp-content\/uploads\/B737NG-5.png 424w, https:\/\/jetav.ro\/wp-content\/uploads\/B737NG-5-420x420.png 420w, https:\/\/jetav.ro\/wp-content\/uploads\/B737NG-5-12x12.png 12w, https:\/\/jetav.ro\/wp-content\/uploads\/B737NG-5-120x120.png 120w\" sizes=\"auto, (max-width: 424px) 100vw, 424px\" \/><\/a>\n\t\t\t<\/div><\/figure><figure class='gallery-item'>\n\t\t\t<div class='gallery-icon landscape'>\n\t\t\t\t<a href='https:\/\/jetav.ro\/wp-content\/uploads\/B737NG-6.png' title=\"\" data-rl_title=\"\" class=\"rl-gallery-link\" data-rl_caption=\"\" data-rel=\"lightbox-gallery-1\"><img loading=\"lazy\" decoding=\"async\" width=\"424\" height=\"424\" src=\"https:\/\/jetav.ro\/wp-content\/uploads\/B737NG-6.png\" class=\"attachment-medium size-medium\" alt=\"\" srcset=\"https:\/\/jetav.ro\/wp-content\/uploads\/B737NG-6.png 424w, https:\/\/jetav.ro\/wp-content\/uploads\/B737NG-6-420x420.png 420w, https:\/\/jetav.ro\/wp-content\/uploads\/B737NG-6-12x12.png 12w, https:\/\/jetav.ro\/wp-content\/uploads\/B737NG-6-120x120.png 120w\" sizes=\"auto, (max-width: 424px) 100vw, 424px\" \/><\/a>\n\t\t\t<\/div><\/figure><figure class='gallery-item'>\n\t\t\t<div class='gallery-icon landscape'>\n\t\t\t\t<a href='https:\/\/jetav.ro\/wp-content\/uploads\/B737NG-7.png' title=\"\" data-rl_title=\"\" class=\"rl-gallery-link\" data-rl_caption=\"\" data-rel=\"lightbox-gallery-1\"><img loading=\"lazy\" decoding=\"async\" width=\"424\" height=\"424\" src=\"https:\/\/jetav.ro\/wp-content\/uploads\/B737NG-7.png\" class=\"attachment-medium size-medium\" alt=\"\" srcset=\"https:\/\/jetav.ro\/wp-content\/uploads\/B737NG-7.png 424w, https:\/\/jetav.ro\/wp-content\/uploads\/B737NG-7-420x420.png 420w, https:\/\/jetav.ro\/wp-content\/uploads\/B737NG-7-12x12.png 12w, https:\/\/jetav.ro\/wp-content\/uploads\/B737NG-7-120x120.png 120w\" sizes=\"auto, (max-width: 424px) 100vw, 424px\" \/><\/a>\n\t\t\t<\/div><\/figure><figure class='gallery-item'>\n\t\t\t<div class='gallery-icon landscape'>\n\t\t\t\t<a href='https:\/\/jetav.ro\/wp-content\/uploads\/B737NG-8.png' title=\"\" data-rl_title=\"\" class=\"rl-gallery-link\" data-rl_caption=\"\" data-rel=\"lightbox-gallery-1\"><img loading=\"lazy\" decoding=\"async\" width=\"424\" height=\"424\" src=\"https:\/\/jetav.ro\/wp-content\/uploads\/B737NG-8.png\" class=\"attachment-medium size-medium\" alt=\"\" srcset=\"https:\/\/jetav.ro\/wp-content\/uploads\/B737NG-8.png 424w, https:\/\/jetav.ro\/wp-content\/uploads\/B737NG-8-420x420.png 420w, https:\/\/jetav.ro\/wp-content\/uploads\/B737NG-8-12x12.png 12w, https:\/\/jetav.ro\/wp-content\/uploads\/B737NG-8-120x120.png 120w\" sizes=\"auto, (max-width: 424px) 100vw, 424px\" \/><\/a>\n\t\t\t<\/div><\/figure><figure class='gallery-item'>\n\t\t\t<div class='gallery-icon landscape'>\n\t\t\t\t<a href='https:\/\/jetav.ro\/wp-content\/uploads\/SEP-1-1.png' title=\"\" data-rl_title=\"\" class=\"rl-gallery-link\" data-rl_caption=\"\" data-rel=\"lightbox-gallery-1\"><img loading=\"lazy\" decoding=\"async\" width=\"424\" height=\"424\" src=\"https:\/\/jetav.ro\/wp-content\/uploads\/SEP-1-1.png\" class=\"attachment-medium size-medium\" alt=\"\" srcset=\"https:\/\/jetav.ro\/wp-content\/uploads\/SEP-1-1.png 424w, https:\/\/jetav.ro\/wp-content\/uploads\/SEP-1-1-420x420.png 420w, https:\/\/jetav.ro\/wp-content\/uploads\/SEP-1-1-12x12.png 12w, https:\/\/jetav.ro\/wp-content\/uploads\/SEP-1-1-120x120.png 120w\" sizes=\"auto, (max-width: 424px) 100vw, 424px\" \/><\/a>\n\t\t\t<\/div><\/figure><figure class='gallery-item'>\n\t\t\t<div class='gallery-icon landscape'>\n\t\t\t\t<a href='https:\/\/jetav.ro\/wp-content\/uploads\/SEP-2-1.png' title=\"\" data-rl_title=\"\" class=\"rl-gallery-link\" data-rl_caption=\"\" data-rel=\"lightbox-gallery-1\"><img loading=\"lazy\" decoding=\"async\" width=\"424\" height=\"424\" src=\"https:\/\/jetav.ro\/wp-content\/uploads\/SEP-2-1.png\" class=\"attachment-medium size-medium\" alt=\"\" srcset=\"https:\/\/jetav.ro\/wp-content\/uploads\/SEP-2-1.png 424w, https:\/\/jetav.ro\/wp-content\/uploads\/SEP-2-1-420x420.png 420w, https:\/\/jetav.ro\/wp-content\/uploads\/SEP-2-1-12x12.png 12w, https:\/\/jetav.ro\/wp-content\/uploads\/SEP-2-1-120x120.png 120w\" sizes=\"auto, (max-width: 424px) 100vw, 424px\" \/><\/a>\n\t\t\t<\/div><\/figure><figure class='gallery-item'>\n\t\t\t<div class='gallery-icon landscape'>\n\t\t\t\t<a href='https:\/\/jetav.ro\/wp-content\/uploads\/SEP-3-1.png' title=\"\" data-rl_title=\"\" class=\"rl-gallery-link\" data-rl_caption=\"\" data-rel=\"lightbox-gallery-1\"><img loading=\"lazy\" decoding=\"async\" width=\"424\" height=\"424\" src=\"https:\/\/jetav.ro\/wp-content\/uploads\/SEP-3-1.png\" class=\"attachment-medium size-medium\" alt=\"\" srcset=\"https:\/\/jetav.ro\/wp-content\/uploads\/SEP-3-1.png 424w, https:\/\/jetav.ro\/wp-content\/uploads\/SEP-3-1-420x420.png 420w, https:\/\/jetav.ro\/wp-content\/uploads\/SEP-3-1-12x12.png 12w, https:\/\/jetav.ro\/wp-content\/uploads\/SEP-3-1-120x120.png 120w\" sizes=\"auto, (max-width: 424px) 100vw, 424px\" \/><\/a>\n\t\t\t<\/div><\/figure><figure class='gallery-item'>\n\t\t\t<div class='gallery-icon landscape'>\n\t\t\t\t<a href='https:\/\/jetav.ro\/wp-content\/uploads\/SEP-4.png' title=\"\" data-rl_title=\"\" class=\"rl-gallery-link\" data-rl_caption=\"\" data-rel=\"lightbox-gallery-1\"><img loading=\"lazy\" decoding=\"async\" width=\"424\" height=\"424\" src=\"https:\/\/jetav.ro\/wp-content\/uploads\/SEP-4.png\" class=\"attachment-medium size-medium\" alt=\"\" srcset=\"https:\/\/jetav.ro\/wp-content\/uploads\/SEP-4.png 424w, https:\/\/jetav.ro\/wp-content\/uploads\/SEP-4-420x420.png 420w, https:\/\/jetav.ro\/wp-content\/uploads\/SEP-4-12x12.png 12w, https:\/\/jetav.ro\/wp-content\/uploads\/SEP-4-120x120.png 120w\" sizes=\"auto, (max-width: 424px) 100vw, 424px\" \/><\/a>\n\t\t\t<\/div><\/figure><figure class='gallery-item'>\n\t\t\t<div class='gallery-icon landscape'>\n\t\t\t\t<a href='https:\/\/jetav.ro\/wp-content\/uploads\/SEP-5.png' title=\"\" data-rl_title=\"\" class=\"rl-gallery-link\" data-rl_caption=\"\" data-rel=\"lightbox-gallery-1\"><img loading=\"lazy\" decoding=\"async\" width=\"424\" height=\"424\" src=\"https:\/\/jetav.ro\/wp-content\/uploads\/SEP-5.png\" class=\"attachment-medium size-medium\" alt=\"\" srcset=\"https:\/\/jetav.ro\/wp-content\/uploads\/SEP-5.png 424w, https:\/\/jetav.ro\/wp-content\/uploads\/SEP-5-420x420.png 420w, https:\/\/jetav.ro\/wp-content\/uploads\/SEP-5-12x12.png 12w, https:\/\/jetav.ro\/wp-content\/uploads\/SEP-5-120x120.png 120w\" sizes=\"auto, (max-width: 424px) 100vw, 424px\" \/><\/a>\n\t\t\t<\/div><\/figure>\n\t\t<\/div>\n\n<\/div>\n<div class=\"container\">\n<h2 class=\"text-center\">What students say about us<\/h2>\n<div data-src=\"https:\/\/cdn.trustindex.io\/loader.js?9087f3729423474ed876936f427\"><\/div>\n<\/div>","protected":false},"excerpt":{"rendered":"<p>Suntem singura \u0218coal\u0103 de Avia\u021bie din Rom\u00e2nia care ofer\u0103 o experien\u021b\u0103 unic\u0103 \u0219i c\u00e2t mai autentic\u0103 zborului: \u00een simulator Airbus A320, Boeing 737NG sau \u00een simulator avion de agrement Single Engine Piston. Astfel ne asigur\u0103m c\u0103 pilo\u021bii \u0219i membrii echipajului pe care \u00eei form\u0103m sunt pe deplin preg\u0103ti\u021bi pentru orice situa\u021bie, iar curio\u0219ii \u0219i pasiona\u021bii [&hellip;]<\/p>\n","protected":false},"author":2,"featured_media":786,"parent":0,"menu_order":0,"comment_status":"closed","ping_status":"closed","template":"page-header.php","meta":{"footnotes":""},"class_list":["post-286","page","type-page","status-publish","has-post-thumbnail","hentry"],"_links":{"self":[{"href":"https:\/\/jetav.ro\/en\/wp-json\/wp\/v2\/pages\/286","targetHints":{"allow":["GET"]}}],"collection":[{"href":"https:\/\/jetav.ro\/en\/wp-json\/wp\/v2\/pages"}],"about":[{"href":"https:\/\/jetav.ro\/en\/wp-json\/wp\/v2\/types\/page"}],"author":[{"embeddable":true,"href":"https:\/\/jetav.ro\/en\/wp-json\/wp\/v2\/users\/2"}],"replies":[{"embeddable":true,"href":"https:\/\/jetav.ro\/en\/wp-json\/wp\/v2\/comments?post=286"}],"version-history":[{"count":17,"href":"https:\/\/jetav.ro\/en\/wp-json\/wp\/v2\/pages\/286\/revisions"}],"predecessor-version":[{"id":4547,"href":"https:\/\/jetav.ro\/en\/wp-json\/wp\/v2\/pages\/286\/revisions\/4547"}],"wp:featuredmedia":[{"embeddable":true,"href":"https:\/\/jetav.ro\/en\/wp-json\/wp\/v2\/media\/786"}],"wp:attachment":[{"href":"https:\/\/jetav.ro\/en\/wp-json\/wp\/v2\/media?parent=286"}],"curies":[{"name":"wp","href":"https:\/\/api.w.org\/{rel}","templated":true}]}}