{"id":2,"date":"2023-03-02T13:47:55","date_gmt":"2023-03-02T13:47:55","guid":{"rendered":"https:\/\/jetav.ro\/?page_id=2"},"modified":"2024-07-22T09:45:39","modified_gmt":"2024-07-22T07:45:39","slug":"about-us","status":"publish","type":"page","link":"https:\/\/jetav.ro\/en\/despre-noi\/","title":{"rendered":"About us"},"content":{"rendered":"<div class=\"container\"><strong>Jetav Flight Academy<\/strong> opened its wings in June 2016 and only brings on board people with extensive aviation experience. Our AACR approved programs are designed to exceed the rigorous safety standards required of today&#039;s cabin crew members to provide the highest standards of customer service.<\/p>\n<div class=\"row-grid grid-m grid-gap columns-4 space-vertical\">\n<div>\n<h1 class=\"no-margin yellow text-center\">533 000<\/h1>\n<h4 class=\"no-margin text-center\">Pilots<\/h4>\n<\/div>\n<div>\n<h1 class=\"no-margin yellow text-center\">584 000<\/h1>\n<h4 class=\"no-margin text-center\">operator<\/h4>\n<\/div>\n<div>\n<h1 class=\"no-margin yellow text-center\">1 200 000<\/h1>\n<h4 class=\"no-margin text-center\">Crew members<\/h4>\n<\/div>\n<div>\n<h1 class=\"no-margin yellow text-center\">20<\/h1>\n<h4 class=\"no-margin text-center\">Years from now<\/h4>\n<\/div>\n<\/div>\n<p>&nbsp;<\/p>\n<section style=\"background-image: url('https:\/\/jetav.ro\/wp-content\/uploads\/02-simulator.png'); background-position: center center; background-size: cover;\">\n<div class=\"bg-gradient h-300 spaced row-flex flex-center\">\n<h3 class=\"white uppercase\">Simulators<\/h3>\n<\/div>\n<\/section>\n<p>&nbsp;<\/p>\n<div class=\"row-grid grid-gap grid-m columns-2\">\n<div>\n<p>&nbsp;<\/p>\n<section style=\"background-image: url('https:\/\/jetav.ro\/wp-content\/uploads\/03-avioane.png'); background-position: center center; background-size: cover;\">\n<div class=\"bg-gradient h-300 spaced row-flex flex-center\">\n<h3 class=\"white uppercase\">aircraft<\/h3>\n<\/div>\n<\/section>\n<p>&nbsp;<\/p>\n<\/div>\n<div>\n<p>&nbsp;<\/p>\n<section style=\"background-image: url('https:\/\/jetav.ro\/wp-content\/uploads\/04-cursuri.png'); background-position: center center; background-size: cover;\">\n<div class=\"bg-gradient h-300 spaced row-flex flex-center\">\n<h3 class=\"white uppercase\">courses<\/h3>\n<\/div>\n<\/section>\n<p>&nbsp;<\/p>\n<\/div>\n<\/div>\n<div class=\"space-vertical-big\">\n<h2 class=\"text-center\">Customer reviews<\/h2>\n<\/div>\n<div data-src=\"https:\/\/cdn.trustindex.io\/loader.js?9087f3729423474ed876936f427\"><\/div>\n<\/div>\n<section class=\"bg-blue\">\n<div class=\"container\">\n<div class=\"row-flex flex-space flex-center-m flex-m spaced\">\n<div>\n<p class=\"white no-margin\">WE ARE HERE TO HELP YOU<\/p>\n<h3 class=\"white no-margin\">Let&#039;s talk about your career in aviation.<\/h3>\n<\/div>\n<div class=\"space-vertical\"><a class=\"btn-out-white\" href=\"https:\/\/jetav.ro\/en\/contact\/\">LET&#039;S TALK<\/a><\/div>\n<\/div>\n<\/div>\n<\/section>","protected":false},"excerpt":{"rendered":"<p>Jetav Flight Academy \u015fi-a deschis aripile \u00een iunie 2016 \u015fi a adus la bord doar oameni cu o experien\u0163\u0103 vast\u0103 \u00een domeniul avia\u0163iei.Programele noastre aprobate AACR sunt concepute pentru a dep\u0103\u0219i standardele riguroase de siguran\u021b\u0103 cerute ast\u0103zi membrilor echipajului de cabin\u0103, pentru a oferi cele mai \u00eenalte standarde de servicii pentru clien\u021bi. 533 000 Pilo\u021bi [&hellip;]<\/p>\n","protected":false},"author":2,"featured_media":572,"parent":0,"menu_order":0,"comment_status":"closed","ping_status":"open","template":"page-despre.php","meta":{"footnotes":""},"class_list":["post-2","page","type-page","status-publish","has-post-thumbnail","hentry"],"_links":{"self":[{"href":"https:\/\/jetav.ro\/en\/wp-json\/wp\/v2\/pages\/2","targetHints":{"allow":["GET"]}}],"collection":[{"href":"https:\/\/jetav.ro\/en\/wp-json\/wp\/v2\/pages"}],"about":[{"href":"https:\/\/jetav.ro\/en\/wp-json\/wp\/v2\/types\/page"}],"author":[{"embeddable":true,"href":"https:\/\/jetav.ro\/en\/wp-json\/wp\/v2\/users\/2"}],"replies":[{"embeddable":true,"href":"https:\/\/jetav.ro\/en\/wp-json\/wp\/v2\/comments?post=2"}],"version-history":[{"count":4,"href":"https:\/\/jetav.ro\/en\/wp-json\/wp\/v2\/pages\/2\/revisions"}],"predecessor-version":[{"id":2459,"href":"https:\/\/jetav.ro\/en\/wp-json\/wp\/v2\/pages\/2\/revisions\/2459"}],"wp:featuredmedia":[{"embeddable":true,"href":"https:\/\/jetav.ro\/en\/wp-json\/wp\/v2\/media\/572"}],"wp:attachment":[{"href":"https:\/\/jetav.ro\/en\/wp-json\/wp\/v2\/media?parent=2"}],"curies":[{"name":"wp","href":"https:\/\/api.w.org\/{rel}","templated":true}]}}