{"id":1713,"date":"2023-12-14T09:42:37","date_gmt":"2023-12-14T09:42:37","guid":{"rendered":"https:\/\/jetav.ro\/?page_id=1713"},"modified":"2026-02-11T23:30:25","modified_gmt":"2026-02-11T21:30:25","slug":"school-to-sep-mep-simulator","status":"publish","type":"page","link":"https:\/\/jetav.ro\/en\/scoala-de-vara-jetav\/scoala-la-simulator-sep-mep\/","title":{"rendered":"Single Engine Piston Simulator Summer School"},"content":{"rendered":"<div class=\"container\">\n<div class=\"row-grid grid-gap grid-m columns-2 space-top\">\n<div><img decoding=\"async\" class=\"aligncenter\" src=\"https:\/\/jetav.ro\/wp-content\/uploads\/Scoala-SEP-1.png\" alt=\"\" \/><\/div>\n<div>\n<h2>Junior Aviators<\/h2>\n<h3 class=\"yellow\">450 \u20ac<\/h3>\n<p>The first flight is never forgotten! At JETAV, little ones have the opportunity to explore the world of aviation in an interactive, educational and very fun way, alongside our team of dedicated pilots and instructors. <\/p>\n<p>Age 8 \u2013 11 years<br \/>\nGroups: 4 people<br \/>\nSimulator: 5 hours<br \/>\nLocation: JETAV Headquarters - Francisc Munteanu Street No. 97, Bucharest<\/p>\n<p>Schedule: 9:00 \u2013 14:00; L \u2013 V<\/p>\n<p><a class=\"btn-gradient\" href=\"https:\/\/wa.me\/40728354448\" target=\"_blank\" rel=\"noopener\"><i class=\"fab fa-whatsapp\"><\/i> Order via Whatsapp!<\/a>\n<\/div>\n<\/div>\n<div class=\"container\">\n<h2 class=\"text-center\">Summer School group calendar, 22 June - 31 August 2026<\/h2>\n<div class=\"row-grid grid-m columns-3\">\n<div class=\"border-blue\">\n<div class=\"bg-dark-blue spaced-s\">\n<h4 class=\"white text-center no-margin\">JUNE<\/h4>\n<\/div>\n<div>\n<p class=\"text-center\">\u2708\ufe0f 22-26.06<\/p>\n<p class=\"text-center\">\u2708\ufe0f 29.06-03.07<\/p>\n<\/div>\n<\/div>\n<div class=\"border-blue\">\n<div class=\"bg-dark-blue spaced-s\">\n<h4 class=\"white text-center no-margin\">JULY<\/h4>\n<\/div>\n<div>\n<p class=\"text-center\">\u2708\ufe0f 06-10.07<\/p>\n<p class=\"text-center\">\u2708\ufe0f 13-17.07<\/p>\n<p class=\"text-center\">\u2708\ufe0f 20-24.07<\/p>\n<p class=\"text-center\">\u2708\ufe0f 27-31.07<\/p>\n<\/div>\n<\/div>\n<div class=\"border-blue\">\n<div class=\"bg-dark-blue spaced-s\">\n<h4 class=\"white text-center no-margin\">AUGUST<\/h4>\n<\/div>\n<div>\n<p class=\"text-center\">\u2708\ufe0f 03-07.08 <\/p>\n<p class=\"text-center\">\u2708\ufe0f 10-14.08 <\/p>\n<p class=\"text-center\">\u2708\ufe0f 17-21.08 <\/p>\n<p class=\"text-center\">\u2708\ufe0f 24-29.08 <\/p>\n<p class=\"text-center\">\u2708\ufe0f 31.08-04.09\n<\/div>\n<\/div>\n<\/div>\n<div class=\"container\">\n<\/p>\n<\/div>\n<div class=\"row-grid grid-gap grid-m columns-2 space-top\">\n<div>\n<h2>Discover the School at the SEP-MEP flight simulator<\/h2>\n<p><strong>Introduction <\/strong><\/p>\n<p>We start by getting to know each other, introducing the JETAV team. Our pilots will tell them about the beginnings of aviation in their own way and show them the cockpit: what the stick and controls do, how the indicators and onboard instruments work, what happens on the control panels. <\/p>\n<p>It&#039;s a moment full of questions, amazement, and smiles, as little aviators feed their curiosity with real information from the cockpit. <\/p>\n<p><strong>In the simulator <\/strong><\/p>\n<p>The adventure continues in the Tecnam SEP-MEP flight simulator, where each child climbs into the cockpit and experiences flight in an exciting and safe way. <\/p>\n<p>We position ourselves at an airport, with a spectacular landscape. The pilots explain the steps of flight preparation, from turning on the engines to taxiing on the runway. The children learn to fly with the help of the instructor, using the real controls of the plane. <\/p>\n<p>Depending on age and pace, each child goes through basic maneuvers such as takeoff, turns, stabilization and of course, landing with a big smile! <\/p>\n<p>And at the end of the program, each participant will have the knowledge to make a complete flight, from the airport gate to landing, having the opportunity to pilot alone, without help, under the careful supervision of the instructor. <\/p>\n<\/div>\n<div><img decoding=\"async\" src=\"https:\/\/jetav.ro\/wp-content\/uploads\/Scoala-SEP-2.png\" alt=\"\" \/><\/div>\n<\/div>\n<\/div>\n<section class=\"bg-blue space-vertical\">\n<div class=\"container\">\n<div class=\"row-flex flex-space flex-center-m flex-m spaced-vertical\">\n<div>\n<h2 class=\"white\">Contact us for details<\/h2>\n<\/div>\n<div class=\"row-flex flex-center\">\n<div><\/div>\n<div>\n<h3 class=\"white\"><small>CALL US<\/small><br \/>\n+40 728 354 448<\/h3>\n<\/div>\n<\/div>\n<\/div>\n<\/div>\n<\/section>\n<div class=\"spaced-vertical\">\n<div class=\"container\">\n<h2 class=\"text-center\">Order an activity for your child<\/h2>\n\n<div class=\"wpcf7 no-js\" id=\"wpcf7-f1751-o1\" lang=\"ro-RO\" dir=\"ltr\" data-wpcf7-id=\"1751\">\n<div class=\"screen-reader-response\"><p role=\"status\" aria-live=\"polite\" aria-atomic=\"true\"><\/p> <ul><\/ul><\/div>\n<form action=\"\/en\/wp-json\/wp\/v2\/pages\/1713#wpcf7-f1751-o1\" method=\"post\" class=\"wpcf7-form init\" aria-label=\"Contact form\" novalidate=\"novalidate\" data-status=\"init\" data-trp-original-action=\"\/en\/wp-json\/wp\/v2\/pages\/1713#wpcf7-f1751-o1\">\n<fieldset class=\"hidden-fields-container\"><input type=\"hidden\" name=\"_wpcf7\" value=\"1751\" \/><input type=\"hidden\" name=\"_wpcf7_version\" value=\"6.1.5\" \/><input type=\"hidden\" name=\"_wpcf7_locale\" value=\"ro_RO\" \/><input type=\"hidden\" name=\"_wpcf7_unit_tag\" value=\"wpcf7-f1751-o1\" \/><input type=\"hidden\" name=\"_wpcf7_container_post\" value=\"0\" \/><input type=\"hidden\" name=\"_wpcf7_posted_data_hash\" value=\"\" \/>\n<\/fieldset>\n<div class=\"row-flex flex-m flex-gap\">\n\t<p><label><span class=\"wpcf7-form-control-wrap\" data-name=\"your-name\"><input size=\"40\" maxlength=\"400\" class=\"wpcf7-form-control wpcf7-text wpcf7-validates-as-required\" autocomplete=\"name\" aria-required=\"true\" aria-invalid=\"false\" placeholder=\"Your Name.\" value=\"\" type=\"text\" name=\"your-name\" \/><\/span> <\/label>\n\t<\/p>\n\t<p><label><span class=\"wpcf7-form-control-wrap\" data-name=\"your-email\"><input size=\"40\" maxlength=\"400\" class=\"wpcf7-form-control wpcf7-email wpcf7-validates-as-required wpcf7-text wpcf7-validates-as-email\" autocomplete=\"email\" aria-required=\"true\" aria-invalid=\"false\" placeholder=\"Email address\" value=\"\" type=\"email\" name=\"your-email\" \/><\/span> <\/label>\n\t<\/p>\n\t<p><label><span class=\"wpcf7-form-control-wrap\" data-name=\"phone\"><input size=\"40\" maxlength=\"400\" class=\"wpcf7-form-control wpcf7-tel wpcf7-text wpcf7-validates-as-tel\" aria-invalid=\"false\" placeholder=\"your mobile\" value=\"\" type=\"tel\" name=\"phone\" \/><\/span> <\/label>\n\t<\/p>\n<\/div>\n<div class=\"row-flex flex-m flex-gap\">\n\t<p><span class=\"wpcf7-form-control-wrap\" data-name=\"your-subject\"><select class=\"wpcf7-form-control wpcf7-select\" aria-invalid=\"false\" name=\"your-subject\"><option value=\"\u0218coala de var\u0103 simulator SEP\">SEP simulator summer school<\/option><\/select><\/span>\n\t<\/p>\n\t<p><span class=\"wpcf7-form-control-wrap\" data-name=\"nr-activitati\"><select class=\"wpcf7-form-control wpcf7-select wpcf7-validates-as-required\" aria-required=\"true\" aria-invalid=\"false\" name=\"nr-activitati\"><option value=\"1 persoan\u0103\">1 person<\/option><option value=\"2 persoane\">2 persons<\/option><option value=\"3 persoane\">3 people<\/option><option value=\"4 persoane\">4 people<\/option><option value=\"5 persoane\">5 people<\/option><\/select><\/span>\n\t<\/p>\n<\/div>\n<p><label><span class=\"wpcf7-form-control-wrap\" data-name=\"your-message\"><textarea cols=\"40\" rows=\"10\" maxlength=\"2000\" class=\"wpcf7-form-control wpcf7-textarea\" aria-invalid=\"false\" placeholder=\"Message\" name=\"your-message\"><\/textarea><\/span> <\/label>\n<\/p>\n<p>\n\n<\/p>\n<p><span class=\"wpcf7-form-control-wrap\" data-name=\"accept-termeni\"><span class=\"wpcf7-form-control wpcf7-acceptance\"><span class=\"wpcf7-list-item\"><label><input type=\"checkbox\" name=\"accept-termeni\" value=\"1\" aria-invalid=\"false\" \/><span class=\"wpcf7-list-item-label\">I accept <a href=\"https:\/\/jetav.ro\/en\/terms-and-conditions\/\">terms and conditions<\/a> Jetav<\/span><\/label><\/span><\/span><\/span>\n<\/p>\n<p><div class=\"cf7-cf-turnstile\" style=\"margin-top: 0px; margin-bottom: -15px;\"> <div id=\"cf-turnstile-cf7-877641887\" class=\"cf-turnstile\" data-callback=\"turnstileCF7Callback\" data-sitekey=\"0x4AAAAAABs2fGidDok13ue4\" data-theme=\"light\" data-language=\"auto\" data-size=\"normal\" data-retry=\"auto\" data-retry-interval=\"1000\" data-refresh-expired=\"auto\" data-refresh-timeout=\"auto\" data-action=\"contact-form-7\" data-appearance=\"always\"><\/div> <style>.wpcf7-submit { pointer-events: none; opacity: 0.5; }<\/style> <script>document.addEventListener(\"DOMContentLoaded\", function() { setTimeout(function(){ var e=document.getElementById(\"cf-turnstile-cf7-877641887\"); if(e&&!e.innerHTML.trim()){turnstile.render(e, {sitekey:\"0x4AAAAAABs2fGidDok13ue4\"});} }, 200); });<\/script> <br class=\"cf-turnstile-br cf-turnstile-br-cf7-877641887\"> <style>#cf-turnstile-cf7-877641887 { margin-left: -15px; }<\/style> <script>document.addEventListener(\"DOMContentLoaded\",function(){document.querySelectorAll('.wpcf7-form').forEach(function(e){e.addEventListener('submit',function(){if(document.getElementById('cf-turnstile-cf7-877641887')){setTimeout(function(){turnstile.reset('#cf-turnstile-cf7-877641887');},1000)}})})});<\/script> <\/div><br\/><input class=\"wpcf7-form-control wpcf7-submit has-spinner\" type=\"submit\" value=\"send\" \/>\n<\/p><div class=\"wpcf7-response-output\" aria-hidden=\"true\"><\/div>\n<input type=\"hidden\" name=\"trp-form-language\" value=\"en\"\/><\/form>\n<\/div>\n\n<\/div>\n<\/div>","protected":false},"excerpt":{"rendered":"<p>Junior Aviators 450 \u20ac Primul zbor nu se uit\u0103 niciodat\u0103! La JETAV, cei mici au ocazia s\u0103 exploreze lumea avia\u021biei \u00eentr-un mod interactiv, educativ \u0219i foarte distractiv, al\u0103turi de echipa noastr\u0103 de pilo\u021bi \u0219i instructori dedica\u021bi. V\u00e2rst\u0103 8 &#8211; 11 ani Grupe: 4 persoane Simulator: 5 ore Loca\u021bie: Sediul JETAV \u2013 Strada Francisc Munteanu Nr. [&hellip;]<\/p>\n","protected":false},"author":2,"featured_media":1714,"parent":1651,"menu_order":0,"comment_status":"closed","ping_status":"closed","template":"page-header.php","meta":{"footnotes":""},"class_list":["post-1713","page","type-page","status-publish","has-post-thumbnail","hentry"],"_links":{"self":[{"href":"https:\/\/jetav.ro\/en\/wp-json\/wp\/v2\/pages\/1713","targetHints":{"allow":["GET"]}}],"collection":[{"href":"https:\/\/jetav.ro\/en\/wp-json\/wp\/v2\/pages"}],"about":[{"href":"https:\/\/jetav.ro\/en\/wp-json\/wp\/v2\/types\/page"}],"author":[{"embeddable":true,"href":"https:\/\/jetav.ro\/en\/wp-json\/wp\/v2\/users\/2"}],"replies":[{"embeddable":true,"href":"https:\/\/jetav.ro\/en\/wp-json\/wp\/v2\/comments?post=1713"}],"version-history":[{"count":13,"href":"https:\/\/jetav.ro\/en\/wp-json\/wp\/v2\/pages\/1713\/revisions"}],"predecessor-version":[{"id":4206,"href":"https:\/\/jetav.ro\/en\/wp-json\/wp\/v2\/pages\/1713\/revisions\/4206"}],"up":[{"embeddable":true,"href":"https:\/\/jetav.ro\/en\/wp-json\/wp\/v2\/pages\/1651"}],"wp:featuredmedia":[{"embeddable":true,"href":"https:\/\/jetav.ro\/en\/wp-json\/wp\/v2\/media\/1714"}],"wp:attachment":[{"href":"https:\/\/jetav.ro\/en\/wp-json\/wp\/v2\/media?parent=1713"}],"curies":[{"name":"wp","href":"https:\/\/api.w.org\/{rel}","templated":true}]}}