{"id":1698,"date":"2023-12-13T15:00:11","date_gmt":"2023-12-13T15:00:11","guid":{"rendered":"https:\/\/jetav.ro\/?page_id=1698"},"modified":"2026-04-06T11:26:09","modified_gmt":"2026-04-06T09:26:09","slug":"school-at-the-aerodrome","status":"publish","type":"page","link":"https:\/\/jetav.ro\/en\/scoala-de-vara-jetav\/scoala-la-aerodrom\/","title":{"rendered":"Summer school at the airfield"},"content":{"rendered":"<div class=\"container\">\n<div class=\"row-grid grid-gap grid-m columns-2 space-top\">\n<div><img decoding=\"async\" class=\"aligncenter\" src=\"https:\/\/jetav.ro\/wp-content\/uploads\/Scoala-aerodrom-1.png\" alt=\"\" \/><\/div>\n<div>\n<h2>Real Pilots<\/h2>\n<h3 class=\"yellow\">700 \u20ac<\/h3>\n<p>Summer school at the airfield means adrenaline, fun and real flying, every day! <\/p>\n<p>Together with our pilots and instructors, children will take off daily, for 5 days, for 30 minutes of real flight aboard one of the aircraft in the JETAV Aviation Academy fleet. Together we learn the basics of aviation \u2013 from simplified, age-appropriate theory to practical experience. It\u2019s the perfect chance to feel what it really means to be a pilot! <\/p>\n<p>Age: 11 \u2013 17 years old<br \/>\nGroups: 4-6 children<br \/>\nActual flight each day: 30 min (for each participant)<br \/>\nLocation: the courses take place at Aerodromul Stejnic <\/p>\n<p>*Departure from JETAV headquarters - Francisc Munteanu Street No. 97, Bucharest<\/p>\n<p>Schedule: 8:00 \u2013 15:00; L\u2013W<\/p>\n<p><a class=\"btn-gradient\" href=\"https:\/\/wa.me\/40728354448\" target=\"_blank\" rel=\"noopener\"><i class=\"fab fa-whatsapp\"><\/i> Order via Whatsapp!<\/a><\/p>\n<\/div>\n<\/div>\n<div class=\"container\">\n<h2 class=\"text-center\">Summer School group calendar, 22 June - 31 August 2026<\/h2>\n<div class=\"row-grid grid-m columns-3\">\n<div class=\"border-blue\">\n<div class=\"bg-dark-blue spaced-s\">\n<h4 class=\"white text-center no-margin\">JUNE<\/h4>\n<\/div>\n<div>\n<p class=\"text-center\">\u2708\ufe0f 22-26.06<\/p>\n<p class=\"text-center\">\u2708\ufe0f 29.06-03.07<\/p>\n<\/div>\n<\/div>\n<div class=\"border-blue\">\n<div class=\"bg-dark-blue spaced-s\">\n<h4 class=\"white text-center no-margin\">JULY<\/h4>\n<\/div>\n<div>\n<p class=\"text-center\">\u2708\ufe0f 06-10.07<\/p>\n<p class=\"text-center\">\u2708\ufe0f 13-17.07<\/p>\n<p class=\"text-center\">\u2708\ufe0f 20-24.07<\/p>\n<p class=\"text-center\">\u2708\ufe0f 27-31.07<\/p>\n<\/div>\n<\/div>\n<div class=\"border-blue\">\n<div class=\"bg-dark-blue spaced-s\">\n<h4 class=\"white text-center no-margin\">AUGUST<\/h4>\n<\/div>\n<div>\n<p class=\"text-center\">\u2708\ufe0f 03-07.08 <\/p>\n<p class=\"text-center\">\u2708\ufe0f 10-14.08 <\/p>\n<p class=\"text-center\">\u2708\ufe0f 17-21.08 <\/p>\n<p class=\"text-center\">\u2708\ufe0f 24-29.08 <\/p>\n<p class=\"text-center\">\u2708\ufe0f 31.08-04.09\n<\/div>\n<\/div>\n<\/div>\n<div class=\"container\">\n<\/p>\n<\/div>\n<div class=\"row-grid grid-gap grid-m columns-2 space-top\">\n<div><strong>To the ground<\/strong><\/p>\n<p>We get to know each other, introduce the JETAV team \u2013 the administrative staff and the pilots responsible for the activities. Every day, the children participate in 2\u20133 hours of theory at their own pace, inspired by the first module of the PPL pilot course \u2013 the first license that pilots can obtain starting at the age of 17. <\/p>\n<p>The instructor will explain what will happen during the flight, talk about the airplane, review an aeronautical map, and present safety rules. Topics covered include: air navigation, radiotelephony and communications, aircraft components, reading aeronautical maps and understanding airspace, and the basics of aviation meteorology. <\/p>\n<p>But we don&#039;t stop there. Children will even have the opportunity to visit the control tower, to see in real time how air traffic is coordinated. <\/p>\n<p>All activities are age-appropriate and delivered in an interactive, friendly and engaging way \u2013 exactly how a first encounter with the fascinating world of aviation should be! <\/p>\n<p><strong>Just before take off <\/strong><\/p>\n<p>The pilot will demonstrate the interior of the aircraft, including the operation of the aircraft door, seat belts and instrument panel.<\/p>\n<p><strong>In the air <\/strong><\/p>\n<p>Each participant lives the authentic experience of flying! The flight lasts 30 minutes per day, for 5 days, aboard one of our school&#039;s aircraft, alongside an instructor pilot. <\/p>\n<p>Children will sit at the helm, learn to follow the on-board instruments \u2013 all in a safe and controlled environment, under the close supervision of a professional. <\/p>\n<p>It is a memorable experience that combines the joy of flying with practical learning, providing confidence, enthusiasm and courage to dream as high as possible!  <\/p>\n<p><strong>Back to the ground <\/strong><\/p>\n<p>More time to ask questions about the flight! Our pilot can&#039;t wait to share more information and answer questions. Then there are 2 hours of theory at the PPL school adapted to the meaning of the little ones.<\/p>\n<p>*Transport from Strejnic Airport back from JETAV headquarters is provided.<\/p>\n<\/div>\n<div><img decoding=\"async\" class=\"aligncenter\" src=\"https:\/\/jetav.ro\/wp-content\/uploads\/Scoala-aerodrom-2.png\" alt=\"\" \/><\/div>\n<\/div>\n<\/div>\n<section class=\"bg-blue space-vertical\">\n<div class=\"container\">\n<div class=\"row-flex flex-space flex-center-m flex-m spaced-vertical\">\n<div>\n<h2 class=\"white\">Contact us for details<\/h2>\n<\/div>\n<div class=\"row-flex flex-center\">\n<div><\/div>\n<div>\n<h3 class=\"white\"><small>CALL US<\/small><br \/>\n+40 728 354 448<\/h3>\n<\/div>\n<\/div>\n<\/div>\n<\/div>\n<\/section>\n<div class=\"spaced-vertical\">\n<div class=\"container\">\n<h2 class=\"text-center\">Order an activity for your child<\/h2>\n\n<div class=\"wpcf7 no-js\" id=\"wpcf7-f1747-o1\" lang=\"ro-RO\" dir=\"ltr\" data-wpcf7-id=\"1747\">\n<div class=\"screen-reader-response\"><p role=\"status\" aria-live=\"polite\" aria-atomic=\"true\"><\/p> <ul><\/ul><\/div>\n<form action=\"\/en\/wp-json\/wp\/v2\/pages\/1698#wpcf7-f1747-o1\" method=\"post\" class=\"wpcf7-form init\" aria-label=\"Contact form\" novalidate=\"novalidate\" data-status=\"init\" data-trp-original-action=\"\/en\/wp-json\/wp\/v2\/pages\/1698#wpcf7-f1747-o1\">\n<fieldset class=\"hidden-fields-container\"><input type=\"hidden\" name=\"_wpcf7\" value=\"1747\" \/><input type=\"hidden\" name=\"_wpcf7_version\" value=\"6.1.5\" \/><input type=\"hidden\" name=\"_wpcf7_locale\" value=\"ro_RO\" \/><input type=\"hidden\" name=\"_wpcf7_unit_tag\" value=\"wpcf7-f1747-o1\" \/><input type=\"hidden\" name=\"_wpcf7_container_post\" value=\"0\" \/><input type=\"hidden\" name=\"_wpcf7_posted_data_hash\" value=\"\" \/>\n<\/fieldset>\n<div class=\"row-flex flex-m flex-gap\">\n\t<p><label><span class=\"wpcf7-form-control-wrap\" data-name=\"your-name\"><input size=\"40\" maxlength=\"400\" class=\"wpcf7-form-control wpcf7-text wpcf7-validates-as-required\" autocomplete=\"name\" aria-required=\"true\" aria-invalid=\"false\" placeholder=\"Your Name.\" value=\"\" type=\"text\" name=\"your-name\" \/><\/span> <\/label>\n\t<\/p>\n\t<p><label><span class=\"wpcf7-form-control-wrap\" data-name=\"your-email\"><input size=\"40\" maxlength=\"400\" class=\"wpcf7-form-control wpcf7-email wpcf7-validates-as-required wpcf7-text wpcf7-validates-as-email\" autocomplete=\"email\" aria-required=\"true\" aria-invalid=\"false\" placeholder=\"Email address\" value=\"\" type=\"email\" name=\"your-email\" \/><\/span> <\/label>\n\t<\/p>\n\t<p><label><span class=\"wpcf7-form-control-wrap\" data-name=\"phone\"><input size=\"40\" maxlength=\"400\" class=\"wpcf7-form-control wpcf7-tel wpcf7-text wpcf7-validates-as-tel\" aria-invalid=\"false\" placeholder=\"your mobile\" value=\"\" type=\"tel\" name=\"phone\" \/><\/span> <\/label>\n\t<\/p>\n<\/div>\n<div class=\"row-flex flex-m flex-gap\">\n\t<p><span class=\"wpcf7-form-control-wrap\" data-name=\"your-subject\"><select class=\"wpcf7-form-control wpcf7-select\" aria-invalid=\"false\" name=\"your-subject\"><option value=\"\u0218coala la Aerodrom\">School at Aerodrom<\/option><\/select><\/span>\n\t<\/p>\n\t<p><span class=\"wpcf7-form-control-wrap\" data-name=\"nr-activitati\"><select class=\"wpcf7-form-control wpcf7-select wpcf7-validates-as-required\" aria-required=\"true\" aria-invalid=\"false\" name=\"nr-activitati\"><option value=\"1 persoan\u0103\">1 person<\/option><option value=\"2 persoane\">2 persons<\/option><option value=\"3 persoane\">3 people<\/option><option value=\"4 persoane\">4 people<\/option><option value=\"5 persoane\">5 people<\/option><\/select><\/span>\n\t<\/p>\n<\/div>\n<p><label><span class=\"wpcf7-form-control-wrap\" data-name=\"your-message\"><textarea cols=\"40\" rows=\"10\" maxlength=\"2000\" class=\"wpcf7-form-control wpcf7-textarea\" aria-invalid=\"false\" placeholder=\"Message\" name=\"your-message\"><\/textarea><\/span> <\/label><br \/>\n<div class=\"cf7-cf-turnstile\" style=\"margin-top: 0px; margin-bottom: -15px;\"> <div id=\"cf-turnstile-cf7-1892739303\" class=\"cf-turnstile\" data-callback=\"turnstileCF7Callback\" data-sitekey=\"0x4AAAAAABs2fGidDok13ue4\" data-theme=\"light\" data-language=\"auto\" data-size=\"normal\" data-retry=\"auto\" data-retry-interval=\"1000\" data-refresh-expired=\"auto\" data-refresh-timeout=\"auto\" data-action=\"contact-form-7\" data-appearance=\"always\"><\/div> <style>.wpcf7-submit { pointer-events: none; opacity: 0.5; }<\/style> <script>document.addEventListener(\"DOMContentLoaded\", function() { setTimeout(function(){ var e=document.getElementById(\"cf-turnstile-cf7-1892739303\"); if(e&&!e.innerHTML.trim()){turnstile.render(e, {sitekey:\"0x4AAAAAABs2fGidDok13ue4\"});} }, 200); });<\/script> <br class=\"cf-turnstile-br cf-turnstile-br-cf7-1892739303\"> <style>#cf-turnstile-cf7-1892739303 { margin-left: -15px; }<\/style> <script>document.addEventListener(\"DOMContentLoaded\",function(){document.querySelectorAll('.wpcf7-form').forEach(function(e){e.addEventListener('submit',function(){if(document.getElementById('cf-turnstile-cf7-1892739303')){setTimeout(function(){turnstile.reset('#cf-turnstile-cf7-1892739303');},1000)}})})});<\/script> <\/div>\n<\/p>\n<p><span class=\"wpcf7-form-control-wrap\" data-name=\"accept-termeni\"><span class=\"wpcf7-form-control wpcf7-acceptance\"><span class=\"wpcf7-list-item\"><label><input type=\"checkbox\" name=\"accept-termeni\" value=\"1\" aria-invalid=\"false\" \/><span class=\"wpcf7-list-item-label\">I accept <a href=\"https:\/\/jetav.ro\/en\/terms-and-conditions\/\">terms and conditions<\/a> Jetav<\/span><\/label><\/span><\/span><\/span>\n<\/p>\n<p><input class=\"wpcf7-form-control wpcf7-submit has-spinner\" type=\"submit\" value=\"send\" \/>\n<\/p><div class=\"wpcf7-response-output\" aria-hidden=\"true\"><\/div>\n<input type=\"hidden\" name=\"trp-form-language\" value=\"en\"\/><\/form>\n<\/div>\n\n<\/div>\n<\/div>","protected":false},"excerpt":{"rendered":"<p>Real Pilots 700 \u20ac \u0218coala de var\u0103 la aerodrom \u00eenseamn\u0103 adrenalin\u0103, distrac\u021bie \u0219i zbor real, \u00een fiecare zi! Al\u0103turi de pilo\u021bii \u0219i instructorii no\u0219tri, copiii vor decola zilnic, timp de 5 zile, pentru 30 de minute de zbor real la bordul uneia dintre aeronavele din flota Academiei de Avia\u021bie JETAV. \u00cenv\u0103\u021b\u0103m \u00eempreun\u0103 bazele avia\u021biei \u2013 [&hellip;]<\/p>\n","protected":false},"author":2,"featured_media":1701,"parent":1651,"menu_order":0,"comment_status":"closed","ping_status":"closed","template":"page-header.php","meta":{"footnotes":""},"class_list":["post-1698","page","type-page","status-publish","has-post-thumbnail","hentry"],"_links":{"self":[{"href":"https:\/\/jetav.ro\/en\/wp-json\/wp\/v2\/pages\/1698","targetHints":{"allow":["GET"]}}],"collection":[{"href":"https:\/\/jetav.ro\/en\/wp-json\/wp\/v2\/pages"}],"about":[{"href":"https:\/\/jetav.ro\/en\/wp-json\/wp\/v2\/types\/page"}],"author":[{"embeddable":true,"href":"https:\/\/jetav.ro\/en\/wp-json\/wp\/v2\/users\/2"}],"replies":[{"embeddable":true,"href":"https:\/\/jetav.ro\/en\/wp-json\/wp\/v2\/comments?post=1698"}],"version-history":[{"count":16,"href":"https:\/\/jetav.ro\/en\/wp-json\/wp\/v2\/pages\/1698\/revisions"}],"predecessor-version":[{"id":5929,"href":"https:\/\/jetav.ro\/en\/wp-json\/wp\/v2\/pages\/1698\/revisions\/5929"}],"up":[{"embeddable":true,"href":"https:\/\/jetav.ro\/en\/wp-json\/wp\/v2\/pages\/1651"}],"wp:featuredmedia":[{"embeddable":true,"href":"https:\/\/jetav.ro\/en\/wp-json\/wp\/v2\/media\/1701"}],"wp:attachment":[{"href":"https:\/\/jetav.ro\/en\/wp-json\/wp\/v2\/media?parent=1698"}],"curies":[{"name":"wp","href":"https:\/\/api.w.org\/{rel}","templated":true}]}}