{"id":1681,"date":"2023-12-12T14:35:37","date_gmt":"2023-12-12T14:35:37","guid":{"rendered":"https:\/\/jetav.ro\/?page_id=1681"},"modified":"2025-09-11T18:37:36","modified_gmt":"2025-09-11T16:37:36","slug":"school-otherwise-jetav","status":"publish","type":"page","link":"https:\/\/jetav.ro\/en\/scoala-altfel-jetav\/","title":{"rendered":"Different school"},"content":{"rendered":"<div class=\"container\">\n<div class=\"row-grid grid-gap grid-m columns-2 space-top\">\n<div><img loading=\"lazy\" decoding=\"async\" class=\"aligncenter size-full wp-image-1690\" src=\"https:\/\/jetav.ro\/wp-content\/uploads\/scoala-altfel-1.jpg\" alt=\"\" width=\"859\" height=\"611\" srcset=\"https:\/\/jetav.ro\/wp-content\/uploads\/scoala-altfel-1.jpg 859w, https:\/\/jetav.ro\/wp-content\/uploads\/scoala-altfel-1-680x484.jpg 680w, https:\/\/jetav.ro\/wp-content\/uploads\/scoala-altfel-1-768x546.jpg 768w, https:\/\/jetav.ro\/wp-content\/uploads\/scoala-altfel-1-18x12.jpg 18w\" sizes=\"auto, (max-width: 859px) 100vw, 859px\" \/><\/div>\n<div>A visit to the Boeing 737NG simulator by JETAV is not only fun, but also the beginning of a passion that can pave the way to an extraordinary future in aviation! <\/p>\n<p>Children have the opportunity to enter the cockpit of a passenger plane, find out what the pilots&#039; &quot;office&quot; looks like and experience the excitement of flight maneuvers from the captain&#039;s seat, alongside our experienced instructors. It is an interactive and educational activity, perfect for kindergarten, primary and secondary school students. <\/p>\n<p>To make the experience accessible to everyone, we have prepared 3 package options. Schedule your group visit now and choose the package that suits you best! <\/p>\n<div class=\"row-grid grid-m columns-3\">\n<div class=\"border-grey\">\n<div class=\"bg-dark-blue spaced-s\">\n<h5 class=\"white text-center no-margin\">group under 10 students<\/h5>\n<\/div>\n<div>\n<h3 class=\"yellow text-center\">120 lei\/student<\/h3>\n<\/div>\n<\/div>\n<div class=\"border-grey\">\n<div class=\"bg-dark-blue spaced-s\">\n<h5 class=\"white text-center no-margin\">group between 10 and 20 students<\/h5>\n<\/div>\n<div>\n<h3 class=\"yellow text-center\">100 lei\/student<\/h3>\n<\/div>\n<\/div>\n<div class=\"border-grey\">\n<div class=\"bg-dark-blue spaced-s\">\n<h5 class=\"white text-center no-margin\">group over 20 students<\/h5>\n<\/div>\n<div>\n<h3 class=\"yellow text-center\">80 lei\/student<\/h3>\n<\/div>\n<\/div>\n<\/div>\n<\/div>\n<p><a class=\"btn-gradient\" href=\"https:\/\/wa.me\/40728354448\" target=\"_blank\" rel=\"noopener\"><i class=\"fab fa-whatsapp\"><\/i> Order via Whatsapp!<\/a>\n<\/div>\n<div class=\"row-grid grid-gap grid-m columns-2 space-top\">\n<div><strong>Packages include: <\/strong><\/p>\n<ul class=\"styled\">\n<li>the complete tour of the JETAV base<\/li>\n<li>presentation in a friendly and playful language of all important aspects of aviation<\/li>\n<li>watching a flight - from takeoff to landing - executed by two pilots in the simulator<\/li>\n<li>games, fun<\/li>\n<li>those waiting for their turn in the simulator will have the opportunity to watch videos and documentaries from the world of aviation.<\/li>\n<\/ul>\n<p>The little ones will be able to discover a new passion, which will increase their creativity and attention, if not a path to a life full of success and unique experiences.<\/p>\n<p>One thing is certain, that the aviation industry is among those of the future, being in continuous development. It is a rich field with countless possibilities.<\/p>\n<p>In addition, a visit to our B 737NG simulator helps prevent future fears of flying. The children are constantly helped and supported by our pilots, who will give them everything they need to feel completely safe.<\/p>\n<\/div>\n<div><img loading=\"lazy\" decoding=\"async\" class=\"aligncenter size-full wp-image-1693\" src=\"https:\/\/jetav.ro\/wp-content\/uploads\/scoala-altfel-2.jpg\" alt=\"\" width=\"615\" height=\"616\" srcset=\"https:\/\/jetav.ro\/wp-content\/uploads\/scoala-altfel-2.jpg 615w, https:\/\/jetav.ro\/wp-content\/uploads\/scoala-altfel-2-420x420.jpg 420w, https:\/\/jetav.ro\/wp-content\/uploads\/scoala-altfel-2-12x12.jpg 12w, https:\/\/jetav.ro\/wp-content\/uploads\/scoala-altfel-2-120x120.jpg 120w\" sizes=\"auto, (max-width: 615px) 100vw, 615px\" \/><\/div>\n<\/div>\n<p>After all, memories are the most important things that no one can take away from us, so it is important to accumulate as many wonderful experiences as possible, whether educationally, socially or emotionally.<\/p>\n<p>Every child deserves to see the world from above and to have support from educators and professionals.<\/p>\n<p>Quickly schedule a session and give your little one a gift of a lifetime! The simulator is in the location: Pipera, Henri Coanda neighborhood.<\/p>\n\n<div class=\"wpcf7 no-js\" id=\"wpcf7-f1695-o1\" lang=\"ro-RO\" dir=\"ltr\" data-wpcf7-id=\"1695\">\n<div class=\"screen-reader-response\"><p role=\"status\" aria-live=\"polite\" aria-atomic=\"true\"><\/p> <ul><\/ul><\/div>\n<form action=\"\/en\/wp-json\/wp\/v2\/pages\/1681#wpcf7-f1695-o1\" method=\"post\" class=\"wpcf7-form init\" aria-label=\"Contact form\" novalidate=\"novalidate\" data-status=\"init\" data-trp-original-action=\"\/en\/wp-json\/wp\/v2\/pages\/1681#wpcf7-f1695-o1\">\n<fieldset class=\"hidden-fields-container\"><input type=\"hidden\" name=\"_wpcf7\" value=\"1695\" \/><input type=\"hidden\" name=\"_wpcf7_version\" value=\"6.1.5\" \/><input type=\"hidden\" name=\"_wpcf7_locale\" value=\"ro_RO\" \/><input type=\"hidden\" name=\"_wpcf7_unit_tag\" value=\"wpcf7-f1695-o1\" \/><input type=\"hidden\" name=\"_wpcf7_container_post\" value=\"0\" \/><input type=\"hidden\" name=\"_wpcf7_posted_data_hash\" value=\"\" \/>\n<\/fieldset>\n<div class=\"row-flex flex-m flex-gap\">\n\t<p><label><span class=\"wpcf7-form-control-wrap\" data-name=\"your-name\"><input size=\"40\" maxlength=\"400\" class=\"wpcf7-form-control wpcf7-text wpcf7-validates-as-required\" autocomplete=\"name\" aria-required=\"true\" aria-invalid=\"false\" placeholder=\"Your Name.\" value=\"\" type=\"text\" name=\"your-name\" \/><\/span> <\/label>\n\t<\/p>\n\t<p><label><span class=\"wpcf7-form-control-wrap\" data-name=\"phone\"><input size=\"40\" maxlength=\"400\" class=\"wpcf7-form-control wpcf7-tel wpcf7-text wpcf7-validates-as-tel\" aria-invalid=\"false\" placeholder=\"your mobile\" value=\"\" type=\"tel\" name=\"phone\" \/><\/span> <\/label>\n\t<\/p>\n<\/div>\n<div class=\"row-flex flex-m flex-gap\">\n\t<p><label><span class=\"wpcf7-form-control-wrap\" data-name=\"your-email\"><input size=\"40\" maxlength=\"400\" class=\"wpcf7-form-control wpcf7-email wpcf7-validates-as-required wpcf7-text wpcf7-validates-as-email\" autocomplete=\"email\" aria-required=\"true\" aria-invalid=\"false\" placeholder=\"Email address\" value=\"\" type=\"email\" name=\"your-email\" \/><\/span> <\/label>\n\t<\/p>\n\t<p><span class=\"wpcf7-form-control-wrap\" data-name=\"your-subject\"><select class=\"wpcf7-form-control wpcf7-select\" aria-invalid=\"false\" name=\"your-subject\"><option value=\"grup sub 10 elevi\">group under 10 students<\/option><option value=\"grup \u00eentre 10 \u0219i 20 elevi\">group between 10 and 20 students<\/option><option value=\"grup peste 20 elevi\">group over 20 students<\/option><\/select><\/span>\n\t<\/p>\n<\/div>\n<p><label><span class=\"wpcf7-form-control-wrap\" data-name=\"your-message\"><textarea cols=\"40\" rows=\"10\" maxlength=\"2000\" class=\"wpcf7-form-control wpcf7-textarea\" aria-invalid=\"false\" placeholder=\"Message\" name=\"your-message\"><\/textarea><\/span> <\/label><br \/>\n<div class=\"cf7-cf-turnstile\" style=\"margin-top: 0px; margin-bottom: -15px;\"> <div id=\"cf-turnstile-cf7-1937452582\" class=\"cf-turnstile\" data-callback=\"turnstileCF7Callback\" data-sitekey=\"0x4AAAAAABs2fGidDok13ue4\" data-theme=\"light\" data-language=\"auto\" data-size=\"normal\" data-retry=\"auto\" data-retry-interval=\"1000\" data-refresh-expired=\"auto\" data-action=\"contact-form-7\" data-appearance=\"always\"><\/div> <style>.wpcf7-submit { pointer-events: none; opacity: 0.5; }<\/style> <script>document.addEventListener(\"DOMContentLoaded\", function() { setTimeout(function(){ var e=document.getElementById(\"cf-turnstile-cf7-1937452582\"); e&&!e.innerHTML.trim()&&(turnstile.remove(\"#cf-turnstile-cf7-1937452582\"), turnstile.render(\"#cf-turnstile-cf7-1937452582\", {sitekey:\"0x4AAAAAABs2fGidDok13ue4\"})); }, 100); });<\/script> <br class=\"cf-turnstile-br cf-turnstile-br-cf7-1937452582\"> <style>#cf-turnstile-cf7-1937452582 { margin-left: -15px; }<\/style> <script>document.addEventListener(\"DOMContentLoaded\",function(){document.querySelectorAll('.wpcf7-form').forEach(function(e){e.addEventListener('submit',function(){if(document.getElementById('cf-turnstile-cf7-1937452582')){setTimeout(function(){turnstile.reset('#cf-turnstile-cf7-1937452582');},1000)}})})});<\/script> <\/div>\n<\/p>\n<p><span class=\"wpcf7-form-control-wrap\" data-name=\"accept-termeni\"><span class=\"wpcf7-form-control wpcf7-acceptance\"><span class=\"wpcf7-list-item\"><label><input type=\"checkbox\" name=\"accept-termeni\" value=\"1\" aria-invalid=\"false\" \/><span class=\"wpcf7-list-item-label\">I accept <a href=\"https:\/\/jetav.ro\/en\/terms-and-conditions\/\">terms and conditions<\/a> Jetav<\/span><\/label><\/span><\/span><\/span>\n<\/p>\n<p><input class=\"wpcf7-form-control wpcf7-submit has-spinner\" type=\"submit\" value=\"send\" \/>\n<\/p><div class=\"wpcf7-response-output\" aria-hidden=\"true\"><\/div>\n<input type=\"hidden\" name=\"trp-form-language\" value=\"en\"\/><\/form>\n<\/div>\n\n<\/div>","protected":false},"excerpt":{"rendered":"<p>O vizit\u0103 la simulatorul Boeing 737NG by JETAV nu \u00eenseamn\u0103 doar distrac\u021bie, ci \u0219i \u00eenceputul unei pasiuni care poate deschide drumul spre un viitor extraordinar \u00een avia\u021bie! Copiii au ocazia s\u0103 intre \u00een cabina de pilotaj a unui avion de pasageri, s\u0103 afle cum arat\u0103 \u201ebiroul\u201d pilo\u021bilor \u0219i s\u0103 tr\u0103iasc\u0103 emo\u021bia manevrelor de zbor din [&hellip;]<\/p>\n","protected":false},"author":2,"featured_media":1686,"parent":0,"menu_order":0,"comment_status":"closed","ping_status":"closed","template":"page-header.php","meta":{"footnotes":""},"class_list":["post-1681","page","type-page","status-publish","has-post-thumbnail","hentry"],"_links":{"self":[{"href":"https:\/\/jetav.ro\/en\/wp-json\/wp\/v2\/pages\/1681","targetHints":{"allow":["GET"]}}],"collection":[{"href":"https:\/\/jetav.ro\/en\/wp-json\/wp\/v2\/pages"}],"about":[{"href":"https:\/\/jetav.ro\/en\/wp-json\/wp\/v2\/types\/page"}],"author":[{"embeddable":true,"href":"https:\/\/jetav.ro\/en\/wp-json\/wp\/v2\/users\/2"}],"replies":[{"embeddable":true,"href":"https:\/\/jetav.ro\/en\/wp-json\/wp\/v2\/comments?post=1681"}],"version-history":[{"count":16,"href":"https:\/\/jetav.ro\/en\/wp-json\/wp\/v2\/pages\/1681\/revisions"}],"predecessor-version":[{"id":4805,"href":"https:\/\/jetav.ro\/en\/wp-json\/wp\/v2\/pages\/1681\/revisions\/4805"}],"wp:featuredmedia":[{"embeddable":true,"href":"https:\/\/jetav.ro\/en\/wp-json\/wp\/v2\/media\/1686"}],"wp:attachment":[{"href":"https:\/\/jetav.ro\/en\/wp-json\/wp\/v2\/media?parent=1681"}],"curies":[{"name":"wp","href":"https:\/\/api.w.org\/{rel}","templated":true}]}}