{"id":1651,"date":"2023-12-12T10:20:21","date_gmt":"2023-12-12T10:20:21","guid":{"rendered":"https:\/\/jetav.ro\/?page_id=1651"},"modified":"2026-04-06T11:25:28","modified_gmt":"2026-04-06T09:25:28","slug":"jetav-summer-school","status":"publish","type":"page","link":"https:\/\/jetav.ro\/en\/scoala-de-vara-jetav\/","title":{"rendered":"Summer school"},"content":{"rendered":"<div><img loading=\"lazy\" decoding=\"async\" class=\"aligncenter size-full wp-image-1674\" src=\"https:\/\/jetav.ro\/wp-content\/uploads\/Banner_ScoalaSimulator_Website.jpg\" alt=\"\" width=\"1680\" height=\"496\" srcset=\"https:\/\/jetav.ro\/wp-content\/uploads\/Banner_ScoalaSimulator_Website.jpg 1680w, https:\/\/jetav.ro\/wp-content\/uploads\/Banner_ScoalaSimulator_Website-680x201.jpg 680w, https:\/\/jetav.ro\/wp-content\/uploads\/Banner_ScoalaSimulator_Website-1024x302.jpg 1024w, https:\/\/jetav.ro\/wp-content\/uploads\/Banner_ScoalaSimulator_Website-768x227.jpg 768w, https:\/\/jetav.ro\/wp-content\/uploads\/Banner_ScoalaSimulator_Website-1536x453.jpg 1536w, https:\/\/jetav.ro\/wp-content\/uploads\/Banner_ScoalaSimulator_Website-18x5.jpg 18w\" sizes=\"auto, (max-width: 1680px) 100vw, 1680px\" \/><\/div>\n<div class=\"container\">\n<h1>Summer school<\/h1>\n<p>We are the only Aviation Academy in Romania that wants to introduce children to the world of aviation to discover the beauty of the pilot&#039;s profession. Thus, we have created 2 different programs, through which young people will be able to get in touch with the airplanes with which pilots begin their career training or learn how to fly a Boeing 737 or Airbus A320, like airline pilots.<\/p>\n<p>The programs are built on the simplified structure of courses for pilots and combine over 25 hours, theory with practice - 5 hours each day, from Monday to Friday. Young aviators discover and experience the basics of core subjects such as principles of flight, aircraft knowledge, meteorology, navigation and communication alongside active professionals in the field.<\/p>\n<p>If your child also dreams of a successful career or you want to give him an unforgettable experience, the JETAV Summer School is the perfect opportunity for the summer vacation!<\/p>\n<p>During the summer vacation, there is no time to waste sitting at home, it is time to explore and have fun with other flight enthusiasts, learning new things every day that can lay the foundation for a beautiful future. Choose from the 2 programs depending on the age of the child: School at Strejnic Aerodrome (Real pilots) and School at JETAV flight simulators (Junior Aviators and Young Aviators).\n<\/p><\/div>\n<div class=\"container\">\n<div class=\"feat-courses\">\n<article>\n<div class=\"row-grid grid-gap grid-m columns-5-1-1\">\n<div>\n<header class=\"entry-header\">\n<h2 class=\"entry-title\">School at Aerodrom<\/h2>\n<\/header>\n<\/div>\n<div>\n<h2 class=\"yellow\">700 \u20ac<\/h2>\n<\/div>\n<div>\n<p><a class=\"btn-blue register\" href=\"https:\/\/jetav.ro\/en\/jetav-summer-school\/school-at-the-aerodrome\/\">Find out details<\/a><\/p>\n<\/div>\n<\/div>\n<div class=\"row-grid grid-gap grid-m columns-2-1\">\n<div class=\"entry-content\">\n<p>At JETAV, summer takes wings! The summer school held at the Strejnic airfield is the place where adrenaline, fun and education come together perfectly. Under the guidance of our professional pilots and instructors, children live the real experience of flying. <\/p>\n<p>For 5 days, participants aged 11-17 will fly for 30 minutes every day at the helm of an aircraft from the JETAV fleet. It is more than a holiday activity, it is a fascinating introduction to the world of aviation! <\/p>\n<p>Give your child a memorable summer, full of discoveries and flight! <\/p>\n<\/div>\n<div><img decoding=\"async\" src=\"https:\/\/jetav.ro\/wp-content\/uploads\/Scoala-la-Aerodromul-Strejnic.png\" alt=\"School at Aerodrom\" \/><\/div>\n<\/div>\n<\/article>\n<article>\n<div class=\"row-grid grid-gap grid-m columns-5-1-1\">\n<div>\n<header class=\"entry-header\">\n<h2 class=\"entry-title\">Flight simulator school Boeing 737 or Airbus 32<\/h2>\n<\/header>\n<\/div>\n<div>\n<h2 class=\"yellow\">500 \u20ac<\/h2>\n<\/div>\n<div>\n<p><a class=\"btn-blue register\" href=\"https:\/\/jetav.ro\/en\/jetav-summer-school\/school-to-boeing-simulator\/\">Find out details<\/a><\/p>\n<\/div>\n<\/div>\n<div class=\"row-grid grid-gap grid-m columns-2-1\">\n<div class=\"entry-content\">\n<p>At the JETAV Summer School, your child enters the cockpit and experiences flying on the most widely used commercial aircraft in the world: the Boeing 737 or the Airbus 320. It is an opportunity for children and teenagers between the ages of 12 and 16 to take their first step into the cockpit, feel the thrill of flying at the controls, and learn to control an airplane just like the pros. <\/p>\n<p>School at the JETAV Aviation Academy simulators is the beginning of a passion and maybe even the beginning of a career in aviation! <\/p>\n<\/div>\n<div><img decoding=\"async\" src=\"https:\/\/jetav.ro\/wp-content\/uploads\/Scoala-la-simulator-Boeing-737.png\" alt=\"Boeing 737 simulator school\" \/><\/div>\n<\/div>\n<\/article>\n<article>\n<div class=\"row-grid grid-gap grid-m columns-5-1-1\">\n<div>\n<header class=\"entry-header\">\n<h2 class=\"entry-title\">School at the Tecnam SEP-MEP flight simulator<\/h2>\n<\/header>\n<\/div>\n<div>\n<h2 class=\"yellow\">450 \u20ac<\/h2>\n<\/div>\n<div>\n<p><a class=\"btn-blue register\" href=\"https:\/\/jetav.ro\/en\/jetav-summer-school\/scoala-la-simulator-single-engine-piston\/\">Find out details<\/a><\/p>\n<\/div>\n<\/div>\n<div class=\"row-grid grid-gap grid-m columns-2-1\">\n<div class=\"entry-content\">\n<p>At JETAV, we transform children&#039;s curiosity into discovery and authentic joy. In the Tecnam SEP-MEP flight simulator, children between the ages of 8 and 11 become pilots for 5 days and learn, through play and exploration, what it means to fly. <\/p>\n<p>Each child takes a seat at the controls and experiences the sensation of controlling an airplane, guided step by step by our pilot instructors, in a friendly and age-appropriate environment. <\/p>\n<p>More than just a fun activity, summer school is an experience that can ignite a lifelong passion!\n<\/p><\/div>\n<div><img decoding=\"async\" src=\"https:\/\/jetav.ro\/wp-content\/uploads\/Scoala-la-simulator-SEP.png\" alt=\"SEP simulator school\" \/><\/div>\n<\/div>\n<\/article>\n<\/div>\n<\/div>\n<div class=\"container\">\n<h2 class=\"text-center\">Summer School group calendar, 22 June - 31 August 2026<\/h2>\n<div class=\"row-grid grid-m columns-3\">\n<div class=\"border-blue\">\n<div class=\"bg-dark-blue spaced-s\">\n<h4 class=\"white text-center no-margin\">JUNE<\/h4>\n<\/div>\n<div>\n<p class=\"yellow text-center\">\u2708\ufe0f 22-26.06<\/p>\n<p class=\"yellow text-center\">\u2708\ufe0f 29.06-03.07<\/p>\n<\/div>\n<\/div>\n<div class=\"border-blue\">\n<div class=\"bg-dark-blue spaced-s\">\n<h4 class=\"white text-center no-margin\">JULY<\/h4>\n<\/div>\n<div>\n<p class=\"text-center\">\u2708\ufe0f 06-10.07<\/p>\n<p class=\"text-center\">\u2708\ufe0f 13-17.07<\/p>\n<p class=\"text-center\">\u2708\ufe0f 20-24.07<\/p>\n<p class=\"text-center\">\u2708\ufe0f 27-31.07<\/p>\n<\/div>\n<\/div>\n<div class=\"border-blue\">\n<div class=\"bg-dark-blue spaced-s\">\n<h4 class=\"white text-center no-margin\">AUGUST<\/h4>\n<\/div>\n<div>\n<p class=\"text-center\">\u2708\ufe0f 03-07.08 <\/p>\n<p class=\"text-center\">\u2708\ufe0f 10-14.08 <\/p>\n<p class=\"text-center\">\u2708\ufe0f 17-21.08 <\/p>\n<p class=\"text-center\">\u2708\ufe0f 24-29.08 <\/p>\n<p class=\"text-center\">\u2708\ufe0f 31.08-04.09\n<\/div>\n<\/div>\n<\/div>\n<div class=\"container\">\n<\/p>\n<\/div>\n<section class=\"bg-blue space-vertical\">\n<div class=\"container\">\n<div class=\"row-flex flex-space flex-center-m flex-m spaced-vertical\">\n<div>\n<h2 class=\"white\">Contact us for details<\/h2>\n<\/div>\n<div class=\"row-flex flex-center\">\n<div><\/div>\n<div>\n<h3 class=\"white\"><small>CALL US<\/small><br \/>\n+40 728 354 448<\/h3>\n<\/div>\n<\/div>\n<\/div>\n<\/div>\n<\/section>\n<div class=\"spaced-vertical\">\n<div class=\"container\">\n<h2 class=\"text-center\">Order an activity for your child<\/h2>\n\n<div class=\"wpcf7 no-js\" id=\"wpcf7-f1744-o1\" lang=\"ro-RO\" dir=\"ltr\" data-wpcf7-id=\"1744\">\n<div class=\"screen-reader-response\"><p role=\"status\" aria-live=\"polite\" aria-atomic=\"true\"><\/p> <ul><\/ul><\/div>\n<form action=\"\/en\/wp-json\/wp\/v2\/pages\/1651#wpcf7-f1744-o1\" method=\"post\" class=\"wpcf7-form init\" aria-label=\"Contact form\" novalidate=\"novalidate\" data-status=\"init\" data-trp-original-action=\"\/en\/wp-json\/wp\/v2\/pages\/1651#wpcf7-f1744-o1\">\n<fieldset class=\"hidden-fields-container\"><input type=\"hidden\" name=\"_wpcf7\" value=\"1744\" \/><input type=\"hidden\" name=\"_wpcf7_version\" value=\"6.1.5\" \/><input type=\"hidden\" name=\"_wpcf7_locale\" value=\"ro_RO\" \/><input type=\"hidden\" name=\"_wpcf7_unit_tag\" value=\"wpcf7-f1744-o1\" \/><input type=\"hidden\" name=\"_wpcf7_container_post\" value=\"0\" \/><input type=\"hidden\" name=\"_wpcf7_posted_data_hash\" value=\"\" \/>\n<\/fieldset>\n<div class=\"row-flex flex-m flex-gap\">\n\t<p><label><span class=\"wpcf7-form-control-wrap\" data-name=\"your-name\"><input size=\"40\" maxlength=\"400\" class=\"wpcf7-form-control wpcf7-text wpcf7-validates-as-required\" autocomplete=\"name\" aria-required=\"true\" aria-invalid=\"false\" placeholder=\"Your Name.\" value=\"\" type=\"text\" name=\"your-name\" \/><\/span> <\/label>\n\t<\/p>\n\t<p><label><span class=\"wpcf7-form-control-wrap\" data-name=\"your-email\"><input size=\"40\" maxlength=\"400\" class=\"wpcf7-form-control wpcf7-email wpcf7-validates-as-required wpcf7-text wpcf7-validates-as-email\" autocomplete=\"email\" aria-required=\"true\" aria-invalid=\"false\" placeholder=\"Email address\" value=\"\" type=\"email\" name=\"your-email\" \/><\/span> <\/label>\n\t<\/p>\n\t<p><label><span class=\"wpcf7-form-control-wrap\" data-name=\"phone\"><input size=\"40\" maxlength=\"400\" class=\"wpcf7-form-control wpcf7-tel wpcf7-text wpcf7-validates-as-tel\" aria-invalid=\"false\" placeholder=\"your mobile\" value=\"\" type=\"tel\" name=\"phone\" \/><\/span> <\/label>\n\t<\/p>\n<\/div>\n<div class=\"row-flex flex-m flex-gap\">\n\t<p><span class=\"wpcf7-form-control-wrap\" data-name=\"your-subject\"><select class=\"wpcf7-form-control wpcf7-select\" aria-invalid=\"false\" name=\"your-subject\"><option value=\"\u0218coala la Aerodrom\">School at Aerodrom<\/option><option value=\"\u0218coala la simulator Boeing 737\">Boeing 737 simulator school<\/option><option value=\"\u0218coala la simulator SEP\">SEP simulator school<\/option><option value=\"\u0218coala la simulator Airbus A320\">Airbus A320 simulator school<\/option><\/select><\/span>\n\t<\/p>\n\t<p><span class=\"wpcf7-form-control-wrap\" data-name=\"nr-activitati\"><select class=\"wpcf7-form-control wpcf7-select wpcf7-validates-as-required\" aria-required=\"true\" aria-invalid=\"false\" name=\"nr-activitati\"><option value=\"1 persoan\u0103\">1 person<\/option><option value=\"2 persoane\">2 persons<\/option><option value=\"3 persoane\">3 people<\/option><option value=\"4 persoane\">4 people<\/option><option value=\"5 persoane\">5 people<\/option><\/select><\/span>\n\t<\/p>\n<\/div>\n<p><label><span class=\"wpcf7-form-control-wrap\" data-name=\"your-message\"><textarea cols=\"40\" rows=\"10\" maxlength=\"2000\" class=\"wpcf7-form-control wpcf7-textarea\" aria-invalid=\"false\" placeholder=\"Message\" name=\"your-message\"><\/textarea><\/span> <\/label><br \/>\n<div class=\"cf7-cf-turnstile\" style=\"margin-top: 0px; margin-bottom: -15px;\"> <div id=\"cf-turnstile-cf7-3452872857\" class=\"cf-turnstile\" data-callback=\"turnstileCF7Callback\" data-sitekey=\"0x4AAAAAABs2fGidDok13ue4\" data-theme=\"light\" data-language=\"auto\" data-size=\"normal\" data-retry=\"auto\" data-retry-interval=\"1000\" data-refresh-expired=\"auto\" data-refresh-timeout=\"auto\" data-action=\"contact-form-7\" data-appearance=\"always\"><\/div> <style>.wpcf7-submit { pointer-events: none; opacity: 0.5; }<\/style> <script>document.addEventListener(\"DOMContentLoaded\", function() { setTimeout(function(){ var e=document.getElementById(\"cf-turnstile-cf7-3452872857\"); if(e&&!e.innerHTML.trim()){turnstile.render(e, {sitekey:\"0x4AAAAAABs2fGidDok13ue4\"});} }, 200); });<\/script> <br class=\"cf-turnstile-br cf-turnstile-br-cf7-3452872857\"> <style>#cf-turnstile-cf7-3452872857 { margin-left: -15px; }<\/style> <script>document.addEventListener(\"DOMContentLoaded\",function(){document.querySelectorAll('.wpcf7-form').forEach(function(e){e.addEventListener('submit',function(){if(document.getElementById('cf-turnstile-cf7-3452872857')){setTimeout(function(){turnstile.reset('#cf-turnstile-cf7-3452872857');},1000)}})})});<\/script> <\/div>\n<\/p>\n<p><span class=\"wpcf7-form-control-wrap\" data-name=\"accept-termeni\"><span class=\"wpcf7-form-control wpcf7-acceptance\"><span class=\"wpcf7-list-item\"><label><input type=\"checkbox\" name=\"accept-termeni\" value=\"1\" aria-invalid=\"false\" \/><span class=\"wpcf7-list-item-label\">I accept <a href=\"https:\/\/jetav.ro\/en\/terms-and-conditions\/\">terms and conditions<\/a> Jetav<\/span><\/label><\/span><\/span><\/span>\n<\/p>\n<p><input class=\"wpcf7-form-control wpcf7-submit has-spinner\" type=\"submit\" value=\"send\" \/>\n<\/p><div class=\"wpcf7-response-output\" aria-hidden=\"true\"><\/div>\n<input type=\"hidden\" name=\"trp-form-language\" value=\"en\"\/><\/form>\n<\/div>\n\n<\/div>\n<\/div>","protected":false},"excerpt":{"rendered":"<p>\u0218coala de Var\u0103 Suntem singura Academie de Avia\u021bie din Rom\u00e2nia care dore\u0219te s\u0103 introduc\u0103 copiii \u00een lumea avia\u021biei pentru a descoperi frumuse\u021bea meseriei de pilot. Astfel am creat 2 programe diferite, prin care tinerii vor putea s\u0103 ia contact cu avioanele cu care \u00ee\u0219i \u00eencep preg\u0103tirea pilo\u021bii \u00een carier\u0103 sau s\u0103 \u00eenve\u021be cum se piloteaz\u0103 [&hellip;]<\/p>\n","protected":false},"author":2,"featured_media":0,"parent":0,"menu_order":0,"comment_status":"closed","ping_status":"closed","template":"page-wide.php","meta":{"footnotes":""},"class_list":["post-1651","page","type-page","status-publish","hentry"],"_links":{"self":[{"href":"https:\/\/jetav.ro\/en\/wp-json\/wp\/v2\/pages\/1651","targetHints":{"allow":["GET"]}}],"collection":[{"href":"https:\/\/jetav.ro\/en\/wp-json\/wp\/v2\/pages"}],"about":[{"href":"https:\/\/jetav.ro\/en\/wp-json\/wp\/v2\/types\/page"}],"author":[{"embeddable":true,"href":"https:\/\/jetav.ro\/en\/wp-json\/wp\/v2\/users\/2"}],"replies":[{"embeddable":true,"href":"https:\/\/jetav.ro\/en\/wp-json\/wp\/v2\/comments?post=1651"}],"version-history":[{"count":29,"href":"https:\/\/jetav.ro\/en\/wp-json\/wp\/v2\/pages\/1651\/revisions"}],"predecessor-version":[{"id":5927,"href":"https:\/\/jetav.ro\/en\/wp-json\/wp\/v2\/pages\/1651\/revisions\/5927"}],"wp:attachment":[{"href":"https:\/\/jetav.ro\/en\/wp-json\/wp\/v2\/media?parent=1651"}],"curies":[{"name":"wp","href":"https:\/\/api.w.org\/{rel}","templated":true}]}}