{"id":1513,"date":"2023-11-23T13:46:01","date_gmt":"2023-11-23T13:46:01","guid":{"rendered":"https:\/\/jetav.ro\/?page_id=1513"},"modified":"2025-01-10T17:04:37","modified_gmt":"2025-01-10T15:04:37","slug":"introductory-flight","status":"publish","type":"page","link":"https:\/\/jetav.ro\/en\/zbor-introductiv\/","title":{"rendered":"Introductory flight"},"content":{"rendered":"<div class=\"container\">\n<div class=\"row-grid grid-gap grid-m columns-2 space-top\">\n<div><img loading=\"lazy\" decoding=\"async\" class=\"aligncenter size-full wp-image-1825\" src=\"https:\/\/jetav.ro\/wp-content\/uploads\/1.png\" alt=\"\" width=\"859\" height=\"611\" srcset=\"https:\/\/jetav.ro\/wp-content\/uploads\/1.png 859w, https:\/\/jetav.ro\/wp-content\/uploads\/1-680x484.png 680w, https:\/\/jetav.ro\/wp-content\/uploads\/1-768x546.png 768w, https:\/\/jetav.ro\/wp-content\/uploads\/1-18x12.png 18w\" sizes=\"auto, (max-width: 859px) 100vw, 859px\" \/><\/div>\n<div>\n<h1>Introductory flight<\/h1>\n<h3 class=\"yellow\">190 - 230 Euros<\/h3>\n<p>We invite you to a day full of adrenaline and fun! Enjoy fairytale views or give an inspiring gift that won&#039;t soon be forgotten!<\/p>\n<p><a class=\"btn-gradient\" href=\"#register\">Order now<\/a><\/p>\n<p><a class=\"btn-gradient\" href=\"https:\/\/wa.me\/40728354448\" target=\"_blank\" rel=\"noopener\"><i class=\"fab fa-whatsapp\"><\/i> Order via Whatsapp!<\/a><\/p>\n<\/div>\n<\/div>\n<div class=\"row-grid grid-gap grid-m columns-2 space-top\">\n<div>\n<p><strong>Activity 1 \u2013 Welcome drink coffee\/tea<\/strong><\/p>\n<ul>\n<li>We&#039;re getting to know each other<\/li>\n<li>Presentation of the JETAV team - administrative staff and pilot responsible for flight activity<\/li>\n<li>Presentation of security and safety rules<\/li>\n<\/ul>\n<p><strong>Activity 2 \u2013 Individual briefing<\/strong><\/p>\n<ul>\n<li>Presentation of Strejnic airfield and JETAV school training facilities (hangar\/briefing room\/VIP lounge\/flight preparation procedure)<\/li>\n<li>Presentation of safety zones<\/li>\n<li>Guided visit to the hangar<\/li>\n<li>Flight preparation<\/li>\n<li>Aircraft description \u2013 control surfaces and flight instruments<\/li>\n<li>Brief history of aviation and model aircraft<\/li>\n<\/ul>\n<p><strong>Activity 3 \u2013 Individual introductory flight \u2013 1 hour <\/strong><\/p>\n<ul>\n<li>Real flight with a pilot in one of the areas of the Strejnicu airfield or another route<\/li>\n<li>Explanations \u2013 effects on orders<\/li>\n<li>Identification of on-board equipment and instruments<\/li>\n<li>Touch and go landing<\/li>\n<li>Landing with &quot;full stop&quot;<\/li>\n<\/ul>\n<p><strong>Activity 4 \u2013 Joint debriefing<\/strong><\/p>\n<ul>\n<li>We answer aviation questions and curiosities<\/li>\n<li>Presentation of aviation school courses and modules for private pilots-PPL and commercial pilots-CPL<\/li>\n<li>Group and individual photos<\/li>\n<\/ul>\n<p>* 2-seater or 4-seater planes available. The 4-seater can fly a maximum of 3 people within the limit of 240 kg.<\/p>\n<\/div>\n<div><img loading=\"lazy\" decoding=\"async\" class=\"aligncenter size-full wp-image-1826\" src=\"https:\/\/jetav.ro\/wp-content\/uploads\/jetav-website-second-pic-page-1.png\" alt=\"\" width=\"615\" height=\"616\" srcset=\"https:\/\/jetav.ro\/wp-content\/uploads\/jetav-website-second-pic-page-1.png 615w, https:\/\/jetav.ro\/wp-content\/uploads\/jetav-website-second-pic-page-1-420x420.png 420w, https:\/\/jetav.ro\/wp-content\/uploads\/jetav-website-second-pic-page-1-12x12.png 12w, https:\/\/jetav.ro\/wp-content\/uploads\/jetav-website-second-pic-page-1-120x120.png 120w\" sizes=\"auto, (max-width: 615px) 100vw, 615px\" \/><\/div>\n<\/div>\n<\/div>\n<section class=\"bg-blue\">\n<div class=\"container\">\n<div class=\"row-flex flex-space flex-center-m flex-m\">\n<div>\n<h2 class=\"white no-margin\">Contact us for details<\/h2>\n<\/div>\n<div class=\"space-vertical row-flex flex-center\">\n<div>\n<h3 class=\"white\">CALL US<br \/>\n+40728 354 448<\/h3>\n<\/div>\n<\/div>\n<\/div>\n<\/div>\n<\/section>\n<section id=\"register\" class=\"spaced-vertical\">\n<div class=\"container\">\n<h2>Order the voucher<\/h2>\n\n<div class=\"wpcf7 no-js\" id=\"wpcf7-f1638-o1\" lang=\"ro-RO\" dir=\"ltr\" data-wpcf7-id=\"1638\">\n<div class=\"screen-reader-response\"><p role=\"status\" aria-live=\"polite\" aria-atomic=\"true\"><\/p> <ul><\/ul><\/div>\n<form action=\"\/en\/wp-json\/wp\/v2\/pages\/1513#wpcf7-f1638-o1\" method=\"post\" class=\"wpcf7-form init\" aria-label=\"Contact form\" novalidate=\"novalidate\" data-status=\"init\" data-trp-original-action=\"\/en\/wp-json\/wp\/v2\/pages\/1513#wpcf7-f1638-o1\">\n<fieldset class=\"hidden-fields-container\"><input type=\"hidden\" name=\"_wpcf7\" value=\"1638\" \/><input type=\"hidden\" name=\"_wpcf7_version\" value=\"6.1.5\" \/><input type=\"hidden\" name=\"_wpcf7_locale\" value=\"ro_RO\" \/><input type=\"hidden\" name=\"_wpcf7_unit_tag\" value=\"wpcf7-f1638-o1\" \/><input type=\"hidden\" name=\"_wpcf7_container_post\" value=\"0\" \/><input type=\"hidden\" name=\"_wpcf7_posted_data_hash\" value=\"\" \/>\n<\/fieldset>\n<div class=\"row-flex flex-m flex-gap\">\n\t<p><label><span class=\"wpcf7-form-control-wrap\" data-name=\"your-name\"><input size=\"40\" maxlength=\"400\" class=\"wpcf7-form-control wpcf7-text wpcf7-validates-as-required\" autocomplete=\"name\" aria-required=\"true\" aria-invalid=\"false\" placeholder=\"Your Name.\" value=\"\" type=\"text\" name=\"your-name\" \/><\/span> <\/label>\n\t<\/p>\n\t<p><label><span class=\"wpcf7-form-control-wrap\" data-name=\"phone\"><input size=\"40\" maxlength=\"400\" class=\"wpcf7-form-control wpcf7-tel wpcf7-text wpcf7-validates-as-tel\" aria-invalid=\"false\" placeholder=\"your mobile\" value=\"\" type=\"tel\" name=\"phone\" \/><\/span> <\/label>\n\t<\/p>\n\t<p><label><span class=\"wpcf7-form-control-wrap\" data-name=\"your-email\"><input size=\"40\" maxlength=\"400\" class=\"wpcf7-form-control wpcf7-email wpcf7-validates-as-required wpcf7-text wpcf7-validates-as-email\" autocomplete=\"email\" aria-required=\"true\" aria-invalid=\"false\" placeholder=\"Email address\" value=\"\" type=\"email\" name=\"your-email\" \/><\/span> <\/label>\n\t<\/p>\n<\/div>\n<p><span class=\"wpcf7-form-control-wrap\" data-name=\"your-subject\"><select class=\"wpcf7-form-control wpcf7-select\" aria-invalid=\"false\" name=\"your-subject\"><option value=\"Zbor introductiv\">Introductory flight<\/option><\/select><\/span>\n<\/p>\n<p><label><span class=\"wpcf7-form-control-wrap\" data-name=\"your-message\"><textarea cols=\"40\" rows=\"10\" maxlength=\"2000\" class=\"wpcf7-form-control wpcf7-textarea\" aria-invalid=\"false\" placeholder=\"Message\" name=\"your-message\"><\/textarea><\/span> <\/label><br \/>\n<div class=\"cf7-cf-turnstile\" style=\"margin-top: 0px; margin-bottom: -15px;\"> <div id=\"cf-turnstile-cf7-1721506231\" class=\"cf-turnstile\" data-callback=\"turnstileCF7Callback\" data-sitekey=\"0x4AAAAAABs2fGidDok13ue4\" data-theme=\"light\" data-language=\"auto\" data-size=\"normal\" data-retry=\"auto\" data-retry-interval=\"1000\" data-refresh-expired=\"auto\" data-action=\"contact-form-7\" data-appearance=\"always\"><\/div> <style>.wpcf7-submit { pointer-events: none; opacity: 0.5; }<\/style> <script>document.addEventListener(\"DOMContentLoaded\", function() { setTimeout(function(){ var e=document.getElementById(\"cf-turnstile-cf7-1721506231\"); e&&!e.innerHTML.trim()&&(turnstile.remove(\"#cf-turnstile-cf7-1721506231\"), turnstile.render(\"#cf-turnstile-cf7-1721506231\", {sitekey:\"0x4AAAAAABs2fGidDok13ue4\"})); }, 100); });<\/script> <br class=\"cf-turnstile-br cf-turnstile-br-cf7-1721506231\"> <style>#cf-turnstile-cf7-1721506231 { margin-left: -15px; }<\/style> <script>document.addEventListener(\"DOMContentLoaded\",function(){document.querySelectorAll('.wpcf7-form').forEach(function(e){e.addEventListener('submit',function(){if(document.getElementById('cf-turnstile-cf7-1721506231')){setTimeout(function(){turnstile.reset('#cf-turnstile-cf7-1721506231');},1000)}})})});<\/script> <\/div>\n<\/p>\n<p><span class=\"wpcf7-form-control-wrap\" data-name=\"accept-termeni\"><span class=\"wpcf7-form-control wpcf7-acceptance\"><span class=\"wpcf7-list-item\"><label><input type=\"checkbox\" name=\"accept-termeni\" value=\"1\" aria-invalid=\"false\" \/><span class=\"wpcf7-list-item-label\">I accept <a href=\"https:\/\/jetav.ro\/en\/terms-and-conditions\/\">terms and conditions<\/a> Jetav<\/span><\/label><\/span><\/span><\/span>\n<\/p>\n<p><input class=\"wpcf7-form-control wpcf7-submit has-spinner\" type=\"submit\" value=\"send\" \/>\n<\/p><div class=\"wpcf7-response-output\" aria-hidden=\"true\"><\/div>\n<input type=\"hidden\" name=\"trp-form-language\" value=\"en\"\/><\/form>\n<\/div>\n\n<\/div>\n<\/section>\n<div class=\"container\">\n<div id='gallery-1' class='gallery galleryid-1513 gallery-columns-4 gallery-size-medium'><figure class='gallery-item'>\n\t\t\t<div class='gallery-icon landscape'>\n\t\t\t\t<a href=\"https:\/\/jetav.ro\/wp-content\/uploads\/19.png\" title=\"\" data-rl_title=\"\" class=\"rl-gallery-link\" data-rl_caption=\"\" data-rel=\"lightbox-gallery-1\" data-rl_><img loading=\"lazy\" decoding=\"async\" width=\"424\" height=\"424\" src=\"https:\/\/jetav.ro\/wp-content\/uploads\/19.png\" class=\"attachment-medium size-medium\" alt=\"\" srcset=\"https:\/\/jetav.ro\/wp-content\/uploads\/19.png 424w, https:\/\/jetav.ro\/wp-content\/uploads\/19-420x420.png 420w, https:\/\/jetav.ro\/wp-content\/uploads\/19-12x12.png 12w, https:\/\/jetav.ro\/wp-content\/uploads\/19-120x120.png 120w\" sizes=\"auto, (max-width: 424px) 100vw, 424px\" \/><\/a>\n\t\t\t<\/div><\/figure><figure class='gallery-item'>\n\t\t\t<div class='gallery-icon landscape'>\n\t\t\t\t<a href=\"https:\/\/jetav.ro\/wp-content\/uploads\/20.png\" title=\"\" data-rl_title=\"\" class=\"rl-gallery-link\" data-rl_caption=\"\" data-rel=\"lightbox-gallery-1\" data-rl_><img loading=\"lazy\" decoding=\"async\" width=\"424\" height=\"424\" src=\"https:\/\/jetav.ro\/wp-content\/uploads\/20.png\" class=\"attachment-medium size-medium\" alt=\"\" srcset=\"https:\/\/jetav.ro\/wp-content\/uploads\/20.png 424w, https:\/\/jetav.ro\/wp-content\/uploads\/20-420x420.png 420w, https:\/\/jetav.ro\/wp-content\/uploads\/20-12x12.png 12w, https:\/\/jetav.ro\/wp-content\/uploads\/20-120x120.png 120w\" sizes=\"auto, (max-width: 424px) 100vw, 424px\" \/><\/a>\n\t\t\t<\/div><\/figure><figure class='gallery-item'>\n\t\t\t<div class='gallery-icon landscape'>\n\t\t\t\t<a href=\"https:\/\/jetav.ro\/wp-content\/uploads\/21.png\" title=\"\" data-rl_title=\"\" class=\"rl-gallery-link\" data-rl_caption=\"\" data-rel=\"lightbox-gallery-1\" data-rl_><img loading=\"lazy\" decoding=\"async\" width=\"424\" height=\"424\" src=\"https:\/\/jetav.ro\/wp-content\/uploads\/21.png\" class=\"attachment-medium size-medium\" alt=\"\" srcset=\"https:\/\/jetav.ro\/wp-content\/uploads\/21.png 424w, https:\/\/jetav.ro\/wp-content\/uploads\/21-420x420.png 420w, https:\/\/jetav.ro\/wp-content\/uploads\/21-12x12.png 12w, https:\/\/jetav.ro\/wp-content\/uploads\/21-120x120.png 120w\" sizes=\"auto, (max-width: 424px) 100vw, 424px\" \/><\/a>\n\t\t\t<\/div><\/figure><figure class='gallery-item'>\n\t\t\t<div class='gallery-icon landscape'>\n\t\t\t\t<a href=\"https:\/\/jetav.ro\/wp-content\/uploads\/22.png\" title=\"\" data-rl_title=\"\" class=\"rl-gallery-link\" data-rl_caption=\"\" data-rel=\"lightbox-gallery-1\" data-rl_><img loading=\"lazy\" decoding=\"async\" width=\"424\" height=\"424\" src=\"https:\/\/jetav.ro\/wp-content\/uploads\/22.png\" class=\"attachment-medium size-medium\" alt=\"\" srcset=\"https:\/\/jetav.ro\/wp-content\/uploads\/22.png 424w, https:\/\/jetav.ro\/wp-content\/uploads\/22-420x420.png 420w, https:\/\/jetav.ro\/wp-content\/uploads\/22-12x12.png 12w, https:\/\/jetav.ro\/wp-content\/uploads\/22-120x120.png 120w\" sizes=\"auto, (max-width: 424px) 100vw, 424px\" \/><\/a>\n\t\t\t<\/div><\/figure><figure class='gallery-item'>\n\t\t\t<div class='gallery-icon landscape'>\n\t\t\t\t<a href=\"https:\/\/jetav.ro\/wp-content\/uploads\/23.png\" title=\"\" data-rl_title=\"\" class=\"rl-gallery-link\" data-rl_caption=\"\" data-rel=\"lightbox-gallery-1\" data-rl_><img loading=\"lazy\" decoding=\"async\" width=\"424\" height=\"424\" src=\"https:\/\/jetav.ro\/wp-content\/uploads\/23.png\" class=\"attachment-medium size-medium\" alt=\"\" srcset=\"https:\/\/jetav.ro\/wp-content\/uploads\/23.png 424w, https:\/\/jetav.ro\/wp-content\/uploads\/23-420x420.png 420w, https:\/\/jetav.ro\/wp-content\/uploads\/23-12x12.png 12w, https:\/\/jetav.ro\/wp-content\/uploads\/23-120x120.png 120w\" sizes=\"auto, (max-width: 424px) 100vw, 424px\" \/><\/a>\n\t\t\t<\/div><\/figure>\n\t\t<\/div>\n\n<\/div>","protected":false},"excerpt":{"rendered":"<p>Zbor introductiv 190 &#8211; 230 Euro Te invit\u0103m la o zi plin\u0103 de adrenalin\u0103 \u0219i distrac\u021bie! Bucur\u0103-te de priveli\u0219ti de poveste sau ofer\u0103 un cadou inspirat ce nu va fi uitat cur\u00e2nd! Comand\u0103 acum Comand\u0103 prin Whatsapp! Activitate 1 &#8211; Welcome drink coffee\/tea Facem cuno\u0219tin\u021b\u0103 Prezentarea echipei JETAV- personal administrativ \u0219i pilot resposabil activitate zbor [&hellip;]<\/p>\n","protected":false},"author":2,"featured_media":1824,"parent":0,"menu_order":0,"comment_status":"closed","ping_status":"closed","template":"page-header.php","meta":{"footnotes":""},"class_list":["post-1513","page","type-page","status-publish","has-post-thumbnail","hentry"],"_links":{"self":[{"href":"https:\/\/jetav.ro\/en\/wp-json\/wp\/v2\/pages\/1513","targetHints":{"allow":["GET"]}}],"collection":[{"href":"https:\/\/jetav.ro\/en\/wp-json\/wp\/v2\/pages"}],"about":[{"href":"https:\/\/jetav.ro\/en\/wp-json\/wp\/v2\/types\/page"}],"author":[{"embeddable":true,"href":"https:\/\/jetav.ro\/en\/wp-json\/wp\/v2\/users\/2"}],"replies":[{"embeddable":true,"href":"https:\/\/jetav.ro\/en\/wp-json\/wp\/v2\/comments?post=1513"}],"version-history":[{"count":18,"href":"https:\/\/jetav.ro\/en\/wp-json\/wp\/v2\/pages\/1513\/revisions"}],"predecessor-version":[{"id":3398,"href":"https:\/\/jetav.ro\/en\/wp-json\/wp\/v2\/pages\/1513\/revisions\/3398"}],"wp:featuredmedia":[{"embeddable":true,"href":"https:\/\/jetav.ro\/en\/wp-json\/wp\/v2\/media\/1824"}],"wp:attachment":[{"href":"https:\/\/jetav.ro\/en\/wp-json\/wp\/v2\/media?parent=1513"}],"curies":[{"name":"wp","href":"https:\/\/api.w.org\/{rel}","templated":true}]}}