{"id":1309,"date":"2023-11-18T08:57:08","date_gmt":"2023-11-18T08:57:08","guid":{"rendered":"https:\/\/jetav.ro\/?page_id=1309"},"modified":"2025-01-10T18:05:39","modified_gmt":"2025-01-10T16:05:39","slug":"pilots-training-courses","status":"publish","type":"page","link":"https:\/\/jetav.ro\/en\/cursuri\/cursuri-perfectionare-piloti\/","title":{"rendered":"Advanced courses"},"content":{"rendered":"<div class=\"container\">\n<p>Even the best need a little help to reach their full potential! We can prepare you to excel in English, to ace job interviews at major airlines, or to specialize on the Boeing 737NG\/A320.<\/p>\n<div class=\"feat-courses\">\n<article>\n<div class=\"row-grid grid-gap grid-m columns-6-1\">\n<div>\n<header class=\"entry-header\">\n<h2 class=\"entry-title\">Preparing pilots for the interview<\/h2>\n<\/header>\n<\/div>\n<div>\n<p><a class=\"btn-blue register\" href=\"#register\">REGISTER<\/a><\/p>\n<\/div>\n<\/div>\n<div class=\"row-grid grid-gap grid-m columns-2-1\">\n<div class=\"entry-content\">\n<p>Are you preparing to become an airline pilot, are you a pilot and want to apply to an airline operator or specialize in another type of aircraft? Train in our flight simulators with experienced instructors (TRI\/TRE) to easily master standard operating procedures, flying the aircraft for abnormal, normal and emergency situations.<\/p>\n<\/div>\n<div><img loading=\"lazy\" decoding=\"async\" src=\"https:\/\/jetav.ro\/wp-content\/uploads\/type-rating.png\" width=\"413\" height=\"256\" \/><\/div>\n<\/div>\n<\/article>\n<article>\n<div class=\"row-grid grid-gap grid-m columns-6-1\">\n<div>\n<header class=\"entry-header\">\n<h2 class=\"entry-title\">LPC<\/h2>\n<\/header>\n<\/div>\n<div>\n<p><a class=\"btn-blue register\" href=\"#register\">REGISTER<\/a><\/p>\n<\/div>\n<\/div>\n<div class=\"row-grid grid-gap grid-m columns-2-1\">\n<div class=\"entry-content\">\n<p>The LPC (License Proficiency Check) preparation is essential for maintaining your pilot&#039;s license and for validating your always up-to-date knowledge. This checking process focuses on the pilot&#039;s skills in making accurate and safe landings in a variety of conditions.<\/p>\n<\/div>\n<div><img loading=\"lazy\" decoding=\"async\" src=\"https:\/\/jetav.ro\/wp-content\/uploads\/LPC-2.png\" width=\"413\" height=\"256\" \/><\/div>\n<\/div>\n<\/article>\n<article>\n<div class=\"row-grid grid-gap grid-m columns-6-1\">\n<div>\n<header class=\"entry-header\">\n<h2 class=\"entry-title\">LPC\/OPC<\/h2>\n<\/header>\n<\/div>\n<div>\n<p><a class=\"btn-blue register\" href=\"#register\">REGISTER<\/a><\/p>\n<\/div>\n<\/div>\n<div class=\"row-grid grid-gap grid-m columns-2-1\">\n<div class=\"entry-content\">\n<p>LPC (License Proficiency Check) and OPC (Operator Proficiency Check) are mandatory periodic assessments for airline crew members. The Aviation School JETAV Flight Academy offers consultancy in order to train crews and maintain both theoretical and practical training for air operators.<\/p>\n<\/div>\n<div><img loading=\"lazy\" decoding=\"async\" src=\"https:\/\/jetav.ro\/wp-content\/uploads\/LPC-OPC.png\" width=\"413\" height=\"256\" \/><\/div>\n<\/div>\n<\/article>\n<article>\n<div class=\"row-grid grid-gap grid-m columns-6-1\">\n<div>\n<header class=\"entry-header\">\n<h2 class=\"entry-title\">English for flight attendants<\/h2>\n<\/header>\n<\/div>\n<div>\n<p><a class=\"btn-blue register\" href=\"#register\">REGISTER<\/a><\/p>\n<\/div>\n<\/div>\n<div class=\"row-grid grid-gap grid-m columns-2-1\">\n<div class=\"entry-content\">\n<p>The English course is aimed at people who are preparing to become flight attendants and are about to take the job interview at the airline they want. If you&#039;re struggling or need help becoming conversationally fluent, we can help you master aviation-specific vocabulary and succeed.<\/p>\n<\/div>\n<div><img loading=\"lazy\" decoding=\"async\" src=\"https:\/\/jetav.ro\/wp-content\/uploads\/English-for-cabin-crew.jpg\" width=\"413\" height=\"256\" \/><\/div>\n<\/div>\n<\/article>\n<article>\n<div class=\"row-grid grid-gap grid-m columns-6-1\">\n<div>\n<header class=\"entry-header\">\n<h2 class=\"entry-title\">Preparing flight attendants for the interview<\/h2>\n<\/header>\n<\/div>\n<div>\n<p><a class=\"btn-blue register\" href=\"#register\">REGISTER<\/a><\/p>\n<\/div>\n<\/div>\n<div class=\"row-grid grid-gap grid-m columns-2-1\">\n<div class=\"entry-content\">\n<p>Each airline has its own requirements that you must meet if you want to wear a certain uniform. By following this course, we will prepare you to be able to deal brilliantly with all the situations you will encounter in the interview tests, you will learn what you should not do and how to present yourself in front of the recruiters.<\/p>\n<p><a class=\"btn-blue register\" href=\"https:\/\/wa.me\/40790693159\" target=\"_blank\" rel=\"noopener\"><i class=\"fab fa-whatsapp\"><\/i> Find out details via Whatsapp!<\/a><\/p>\n<\/div>\n<div><img loading=\"lazy\" decoding=\"async\" src=\"https:\/\/jetav.ro\/wp-content\/uploads\/Pregatire-pentru-interviu-cabin-crew.jpg\" width=\"413\" height=\"256\" \/><\/div>\n<\/div>\n<\/article>\n<\/div>\n<\/div>\n<section class=\"bg-blue\">\n<div class=\"container\">\n<div class=\"spaced-vertical\">\n<h2 class=\"white no-margin\">Register for the desired course by filling out the form<\/h2>\n<\/div>\n<\/div>\n<\/section>\n<section>\n<div class=\"container\">\n<h2>What students say about us<\/h2>\n<div data-src=\"https:\/\/cdn.trustindex.io\/loader.js?9087f3729423474ed876936f427\"><\/div>\n<\/div>\n<\/section>\n<section id=\"register\">\n<div class=\"container\">\n<div class=\"spaced-vertical\">\n<h2>Sign up for the course<\/h2>\n\n<div class=\"wpcf7 no-js\" id=\"wpcf7-f926-o1\" lang=\"ro-RO\" dir=\"ltr\" data-wpcf7-id=\"926\">\n<div class=\"screen-reader-response\"><p role=\"status\" aria-live=\"polite\" aria-atomic=\"true\"><\/p> <ul><\/ul><\/div>\n<form action=\"\/en\/wp-json\/wp\/v2\/pages\/1309#wpcf7-f926-o1\" method=\"post\" class=\"wpcf7-form init\" aria-label=\"Contact form\" novalidate=\"novalidate\" data-status=\"init\" data-trp-original-action=\"\/en\/wp-json\/wp\/v2\/pages\/1309#wpcf7-f926-o1\">\n<fieldset class=\"hidden-fields-container\"><input type=\"hidden\" name=\"_wpcf7\" value=\"926\" \/><input type=\"hidden\" name=\"_wpcf7_version\" value=\"6.1.5\" \/><input type=\"hidden\" name=\"_wpcf7_locale\" value=\"ro_RO\" \/><input type=\"hidden\" name=\"_wpcf7_unit_tag\" value=\"wpcf7-f926-o1\" \/><input type=\"hidden\" name=\"_wpcf7_container_post\" value=\"0\" \/><input type=\"hidden\" name=\"_wpcf7_posted_data_hash\" value=\"\" \/>\n<\/fieldset>\n<div class=\"row-flex flex-m flex-gap\">\n\t<p><label><span class=\"wpcf7-form-control-wrap\" data-name=\"your-name\"><input size=\"40\" maxlength=\"400\" class=\"wpcf7-form-control wpcf7-text wpcf7-validates-as-required\" autocomplete=\"name\" aria-required=\"true\" aria-invalid=\"false\" placeholder=\"Your Name.\" value=\"\" type=\"text\" name=\"your-name\" \/><\/span> <\/label>\n\t<\/p>\n\t<p><label><span class=\"wpcf7-form-control-wrap\" data-name=\"phone\"><input size=\"40\" maxlength=\"400\" class=\"wpcf7-form-control wpcf7-tel wpcf7-text wpcf7-validates-as-tel\" aria-invalid=\"false\" placeholder=\"your mobile\" value=\"\" type=\"tel\" name=\"phone\" \/><\/span> <\/label>\n\t<\/p>\n<\/div>\n<div class=\"row-flex flex-m flex-gap\">\n\t<p><label><span class=\"wpcf7-form-control-wrap\" data-name=\"your-email\"><input size=\"40\" maxlength=\"400\" class=\"wpcf7-form-control wpcf7-email wpcf7-validates-as-required wpcf7-text wpcf7-validates-as-email\" autocomplete=\"email\" aria-required=\"true\" aria-invalid=\"false\" placeholder=\"Email address\" value=\"\" type=\"email\" name=\"your-email\" \/><\/span> <\/label>\n\t<\/p>\n\t<p><span class=\"wpcf7-form-control-wrap\" data-name=\"your-subject\"><select class=\"wpcf7-form-control wpcf7-select\" aria-invalid=\"false\" name=\"your-subject\"><option value=\"Preg\u0103tirea pilo\u021bilor pentru interviu\">Preparing pilots for the interview<\/option><option value=\"LPC\">LPC<\/option><option value=\"LPC\/OPC\">LPC\/OPC<\/option><option value=\"Limba englez\u0103 pentru \u00eenso\u021bitori de bord\">English for flight attendants<\/option><option value=\"Preg\u0103tire pentru interviu cabin crew\">Cabin crew interview preparation<\/option><\/select><\/span>\n\t<\/p>\n<\/div>\n<p><label><span class=\"wpcf7-form-control-wrap\" data-name=\"your-message\"><textarea cols=\"40\" rows=\"10\" maxlength=\"2000\" class=\"wpcf7-form-control wpcf7-textarea\" aria-invalid=\"false\" placeholder=\"Message\" name=\"your-message\"><\/textarea><\/span> <\/label><br \/>\n<div class=\"cf7-cf-turnstile\" style=\"margin-top: 0px; margin-bottom: -15px;\"> <div id=\"cf-turnstile-cf7-680936255\" class=\"cf-turnstile\" data-callback=\"turnstileCF7Callback\" data-sitekey=\"0x4AAAAAABs2fGidDok13ue4\" data-theme=\"light\" data-language=\"auto\" data-size=\"normal\" data-retry=\"auto\" data-retry-interval=\"1000\" data-refresh-expired=\"auto\" data-refresh-timeout=\"auto\" data-action=\"contact-form-7\" data-appearance=\"always\"><\/div> <style>.wpcf7-submit { pointer-events: none; opacity: 0.5; }<\/style> <script>document.addEventListener(\"DOMContentLoaded\", function() { setTimeout(function(){ var e=document.getElementById(\"cf-turnstile-cf7-680936255\"); if(e&&!e.innerHTML.trim()){turnstile.render(e, {sitekey:\"0x4AAAAAABs2fGidDok13ue4\"});} }, 200); });<\/script> <br class=\"cf-turnstile-br cf-turnstile-br-cf7-680936255\"> <style>#cf-turnstile-cf7-680936255 { margin-left: -15px; }<\/style> <script>document.addEventListener(\"DOMContentLoaded\",function(){document.querySelectorAll('.wpcf7-form').forEach(function(e){e.addEventListener('submit',function(){if(document.getElementById('cf-turnstile-cf7-680936255')){setTimeout(function(){turnstile.reset('#cf-turnstile-cf7-680936255');},1000)}})})});<\/script> <\/div>\n<\/p>\n<p><span class=\"wpcf7-form-control-wrap\" data-name=\"accept-termeni\"><span class=\"wpcf7-form-control wpcf7-acceptance\"><span class=\"wpcf7-list-item\"><label><input type=\"checkbox\" name=\"accept-termeni\" value=\"1\" aria-invalid=\"false\" \/><span class=\"wpcf7-list-item-label\">I accept <a href=\"https:\/\/jetav.ro\/en\/terms-and-conditions\/\">terms and conditions<\/a> Jetav<\/span><\/label><\/span><\/span><\/span>\n<\/p>\n<p><input class=\"wpcf7-form-control wpcf7-submit has-spinner\" type=\"submit\" value=\"send\" \/>\n<\/p><div class=\"wpcf7-response-output\" aria-hidden=\"true\"><\/div>\n<input type=\"hidden\" name=\"trp-form-language\" value=\"en\"\/><\/form>\n<\/div>\n\n<\/div>\n<\/div>\n<\/section>","protected":false},"excerpt":{"rendered":"<p>Chiar \u0219i cei mai buni au nevoie de pu\u021bin ajutor pentru a ajunge la poten\u021bial maxim! Te putem preg\u0103ti s\u0103 te descurci excelent la limba englez\u0103, s\u0103 iei cu brio interviurile pentru angajarea la marile companiile aeriene sau s\u0103 te specializezi pe Boeing 737NG\/A320. Preg\u0103tirea pilo\u021bilor pentru interviu \u00censcrie-te Te preg\u0103te\u0219ti s\u0103 devii pilot de [&hellip;]<\/p>\n","protected":false},"author":2,"featured_media":737,"parent":32,"menu_order":0,"comment_status":"closed","ping_status":"closed","template":"page-header.php","meta":{"footnotes":""},"class_list":["post-1309","page","type-page","status-publish","has-post-thumbnail","hentry"],"_links":{"self":[{"href":"https:\/\/jetav.ro\/en\/wp-json\/wp\/v2\/pages\/1309","targetHints":{"allow":["GET"]}}],"collection":[{"href":"https:\/\/jetav.ro\/en\/wp-json\/wp\/v2\/pages"}],"about":[{"href":"https:\/\/jetav.ro\/en\/wp-json\/wp\/v2\/types\/page"}],"author":[{"embeddable":true,"href":"https:\/\/jetav.ro\/en\/wp-json\/wp\/v2\/users\/2"}],"replies":[{"embeddable":true,"href":"https:\/\/jetav.ro\/en\/wp-json\/wp\/v2\/comments?post=1309"}],"version-history":[{"count":9,"href":"https:\/\/jetav.ro\/en\/wp-json\/wp\/v2\/pages\/1309\/revisions"}],"predecessor-version":[{"id":3439,"href":"https:\/\/jetav.ro\/en\/wp-json\/wp\/v2\/pages\/1309\/revisions\/3439"}],"up":[{"embeddable":true,"href":"https:\/\/jetav.ro\/en\/wp-json\/wp\/v2\/pages\/32"}],"wp:featuredmedia":[{"embeddable":true,"href":"https:\/\/jetav.ro\/en\/wp-json\/wp\/v2\/media\/737"}],"wp:attachment":[{"href":"https:\/\/jetav.ro\/en\/wp-json\/wp\/v2\/media?parent=1309"}],"curies":[{"name":"wp","href":"https:\/\/api.w.org\/{rel}","templated":true}]}}