{"id":12,"date":"2023-03-13T12:06:12","date_gmt":"2023-03-13T12:06:12","guid":{"rendered":"https:\/\/jetav.ro\/?page_id=12"},"modified":"2025-08-14T18:44:00","modified_gmt":"2025-08-14T16:44:00","slug":"home","status":"publish","type":"page","link":"https:\/\/jetav.ro\/en\/","title":{"rendered":"Home"},"content":{"rendered":"<section class=\"bg-dark-blue\">\n<div class=\"container\">\n<div class=\"row-flex flex-around flex-m\">\n<div><a href=\"https:\/\/jetav.ro\/en\/courses\/flight-attendant-courses\/\"><img loading=\"lazy\" decoding=\"async\" class=\"aligncenter size-full wp-image-171\" src=\"https:\/\/jetav.ro\/wp-content\/uploads\/stewardeza-icon.png\" alt=\"\" width=\"88\" height=\"88\" srcset=\"https:\/\/jetav.ro\/wp-content\/uploads\/stewardeza-icon.png 88w, https:\/\/jetav.ro\/wp-content\/uploads\/stewardeza-icon-12x12.png 12w\" sizes=\"auto, (max-width: 88px) 100vw, 88px\" \/><\/a><\/p>\n<h3 class=\"white no-margin-top text-center\">Flight attendant courses<\/h3>\n<\/div>\n<div><a href=\"https:\/\/jetav.ro\/en\/category\/pilot-courses\/\"><img loading=\"lazy\" decoding=\"async\" class=\"aligncenter size-full wp-image-169\" src=\"https:\/\/jetav.ro\/wp-content\/uploads\/pilot-icon.png\" alt=\"\" width=\"88\" height=\"88\" srcset=\"https:\/\/jetav.ro\/wp-content\/uploads\/pilot-icon.png 88w, https:\/\/jetav.ro\/wp-content\/uploads\/pilot-icon-12x12.png 12w\" sizes=\"auto, (max-width: 88px) 100vw, 88px\" \/><\/a><\/p>\n<h3 class=\"white no-margin-top text-center\">Pilot school<\/h3>\n<\/div>\n<div><a href=\"https:\/\/jetav.ro\/en\/flight-simulators\/\"><img loading=\"lazy\" decoding=\"async\" class=\"aligncenter size-full wp-image-170\" src=\"https:\/\/jetav.ro\/wp-content\/uploads\/plane-icon.png\" alt=\"\" width=\"88\" height=\"88\" srcset=\"https:\/\/jetav.ro\/wp-content\/uploads\/plane-icon.png 88w, https:\/\/jetav.ro\/wp-content\/uploads\/plane-icon-12x12.png 12w\" sizes=\"auto, (max-width: 88px) 100vw, 88px\" \/><\/a><\/p>\n<h3 class=\"white no-margin-top text-center\">Flight simulators<\/h3>\n<\/div>\n<\/div>\n<\/div>\n<p><!--\/container--><\/p>\n<\/section>\n<div class=\"container\">\n<h2 class=\"text-center space-vertical\">Jetav courses<\/h2>\n<div class=\"row-grid grid-gap grid-m columns-2\">\n<section style=\"background-image: url('https:\/\/jetav.ro\/wp-content\/uploads\/01-stweardese.png'); background-position: center center; background-size: cover;\">\n<div class=\"bg-gradient h-300 spaced row-flex flex-center\">\n<a href=\"https:\/\/jetav.ro\/en\/jetav-flight-attendant-school\/\"><\/p>\n<h3 class=\"white\">Flight Attendant School<\/h3>\n<p><\/a>\n<\/div>\n<\/section>\n<section style=\"background-image: url('https:\/\/jetav.ro\/wp-content\/uploads\/02-curs-piloti.png'); background-position: center center; background-size: cover;\">\n<div class=\"bg-gradient h-300 spaced row-flex flex-center\">\n<a href=\"https:\/\/jetav.ro\/en\/category\/pilot-courses\/\"><\/p>\n<h3 class=\"white\">Pilot School<\/h3>\n<p><\/a>\n<\/div>\n<\/section>\n<section style=\"background-image: url('https:\/\/jetav.ro\/wp-content\/uploads\/03-simulator.png'); background-position: center center; background-size: cover;\">\n<div class=\"bg-gradient h-300 spaced row-flex flex-center\">\n<a href=\"https:\/\/jetav.ro\/en\/flight-simulators\/\"><\/p>\n<h3 class=\"white\">Flight simulators<\/h3>\n<p><\/a>\n<\/div>\n<\/section>\n<section style=\"background-image: url('https:\/\/jetav.ro\/wp-content\/uploads\/04-agrement.png'); background-position: center center; background-size: cover;\">\n<div class=\"bg-gradient h-300 spaced row-flex flex-center\">\n<a href=\"https:\/\/jetav.ro\/en\/activitiesagrement\/\"><\/p>\n<h3 class=\"white\">Leisure activities<\/h3>\n<p><\/a>\n<\/div>\n<\/section>\n<p>&nbsp;\n<\/p><\/div>\n<\/div>\n<p><!--\/container--><\/p>\n<div class=\"container\">\n<div class=\"row-grid grid-gap grid-m columns-2 space-vertical-big\">\n<div>\n<h2>Why is the Flight Attendant course for you?<\/h2>\n<ul class=\"styled\">\n<li>You start a career in aviation right away, even if you have no experience.<\/li>\n<li>You get the internationally recognized EASA certificate at the end of the course.<\/li>\n<li>You have a guaranteed job within the partnerships we have with the major airlines.<\/li>\n<li>Learn from experienced lecturers active within airlines.<\/li>\n<li>We offer advantageous payment solutions.<\/li>\n<li>You can opt for accommodation - on request.<\/li>\n<li>We prepare you for the job interview.<\/li>\n<li>The courses are accredited and can be done in class or online.<\/li>\n<\/ul>\n<p><a class=\"btn-out\" href=\"https:\/\/jetav.ro\/en\/jetav-flight-attendant-school\/\">Sign up now<\/a><\/p>\n<\/div>\n<div><img loading=\"lazy\" decoding=\"async\" class=\"aligncenter size-full wp-image-781\" src=\"https:\/\/jetav.ro\/wp-content\/uploads\/06-academia.png\" alt=\"\" width=\"552\" height=\"552\" srcset=\"https:\/\/jetav.ro\/wp-content\/uploads\/06-academia.png 552w, https:\/\/jetav.ro\/wp-content\/uploads\/06-academia-420x420.png 420w, https:\/\/jetav.ro\/wp-content\/uploads\/06-academia-12x12.png 12w, https:\/\/jetav.ro\/wp-content\/uploads\/06-academia-120x120.png 120w\" sizes=\"auto, (max-width: 552px) 100vw, 552px\" \/><\/div>\n<\/div>\n<\/div>\n<p><!--\/container--><\/p>\n<section class=\"bg-blue\">\n<div class=\"container\">\n<div class=\"row-grid grid-m grid-gap columns-4\">\n<div>\n<p><img loading=\"lazy\" decoding=\"async\" class=\"aligncenter\" src=\"https:\/\/jetav.ro\/wp-content\/uploads\/a.png\" alt=\"\" width=\"88\" height=\"88\" \/><\/p>\n<h3 class=\"white no-margin-top text-center\">Modular courses<br \/>\nand flexible<\/h3>\n<\/div>\n<div>\n<p><img loading=\"lazy\" decoding=\"async\" class=\"aligncenter\" src=\"https:\/\/jetav.ro\/wp-content\/uploads\/b.png\" alt=\"\" width=\"88\" height=\"88\" \/><\/p>\n<h3 class=\"white no-margin-top text-center\">Online courses<br \/>\nare approved<\/h3>\n<\/div>\n<div>\n<p><img loading=\"lazy\" decoding=\"async\" class=\"aligncenter\" src=\"https:\/\/jetav.ro\/wp-content\/uploads\/c.png\" alt=\"\" width=\"88\" height=\"88\" \/><\/p>\n<h3 class=\"white no-margin-top text-center\">Lecturers with<br \/>\nvast experience<\/h3>\n<\/div>\n<div>\n<p><img loading=\"lazy\" decoding=\"async\" class=\"aligncenter\" src=\"https:\/\/jetav.ro\/wp-content\/uploads\/d.png\" alt=\"\" width=\"88\" height=\"88\" \/><\/p>\n<h3 class=\"white no-margin-top text-center\">Job<br \/>\nSECURE<\/h3>\n<\/div>\n<\/div>\n<\/div>\n<p><!--\/container--><\/p>\n<\/section>\n<div class=\"container\">\n<div class=\"row-grid grid-m grid-gap columns-4 space-vertical\">\n<div>\n<h1 class=\"no-margin yellow text-center\">533 000<\/h1>\n<h4 class=\"no-margin text-center\">Pilots<\/h4>\n<\/div>\n<div>\n<h1 class=\"no-margin yellow text-center\">584 000<\/h1>\n<h4 class=\"no-margin text-center\">operator<\/h4>\n<\/div>\n<div>\n<h1 class=\"no-margin yellow text-center\">1 200 000<\/h1>\n<h4 class=\"no-margin text-center\">Cabin crew members<\/h4>\n<\/div>\n<div>\n<h1 class=\"no-margin yellow text-center\">20<\/h1>\n<h4 class=\"no-margin text-center\">Years from now<\/h4>\n<\/div>\n<\/div>\n<\/div>\n<p><!--\/container--><\/p>\n<section class=\"bg-grey\">\n<div class=\"container\">\n<div class=\"row-grid grid-gap grid-m columns-2 spaced-vertical-big\">\n<div><img loading=\"lazy\" decoding=\"async\" class=\"aligncenter size-full wp-image-780\" src=\"https:\/\/jetav.ro\/wp-content\/uploads\/05-pilot.png\" alt=\"\" width=\"552\" height=\"552\" srcset=\"https:\/\/jetav.ro\/wp-content\/uploads\/05-pilot.png 552w, https:\/\/jetav.ro\/wp-content\/uploads\/05-pilot-420x420.png 420w, https:\/\/jetav.ro\/wp-content\/uploads\/05-pilot-12x12.png 12w, https:\/\/jetav.ro\/wp-content\/uploads\/05-pilot-120x120.png 120w\" sizes=\"auto, (max-width: 552px) 100vw, 552px\" \/><\/div>\n<div>\n<h2>Why choose pilot courses?<\/h2>\n<ul class=\"styled\">\n<li>Courses are modular with flexible classroom or online learning schedule.<\/li>\n<li>You have the online study platform Infowerk and distance learning.<\/li>\n<li>We offer flexible payment methods and accommodation on request.<\/li>\n<li>Learn from experienced instructors active at major airlines.<\/li>\n<li>You have 5 modern certified aircraft with maintenance and CAMO.<\/li>\n<li>Training in school flight simulators: IR-SEP C172 and B 7373NG.<\/li>\n<li>Multiple bases: Aerodrom Strejnic and secondary bases in B\u0103neasa, Clinceni, Sibiu, Timi\u0219oara.<\/li>\n<\/ul>\n<p><a class=\"btn-out\" href=\"https:\/\/jetav.ro\/en\/category\/pilot-courses\/\">I want to become a pilot<\/a><\/p>\n<\/div>\n<\/div>\n<\/div>\n<p><!--\/container--><\/p>\n<\/section>\n<section class=\"space-vertical-big\">\n<div class=\"container\">\n<h2 class=\"text-center\">WHAT CUSTOMERS SAY ABOUT US<\/h2>\n<div data-src=\"https:\/\/cdn.trustindex.io\/loader.js?9087f3729423474ed876936f427\"><\/div>\n<\/div>\n<\/section>\n<section class=\"space-vertical-big\">\n<div class=\"container\">\n<div class=\"container-s\">\n<h2>Frequent questions<\/h2>\n<div class=\"faq\">\n<div class=\"faq_question\">What minimum education do I need to have to be a flight attendant?<\/div>\n<div class=\"faq_answer_container\">\n<div class=\"faq_answer\">You can register with the 12th grade diploma. Baccalaureate or higher education is an advantage but not mandatory and required by all airlines.<\/div>\n<\/div>\n<\/div>\n<div class=\"faq\">\n<div class=\"faq_question\">At what age can my career in aviation start?<\/div>\n<div class=\"faq_answer_container\">\n<div class=\"faq_answer\">Cabin crew members can start their career from the age of 18, after completing our 3-week course and obtaining their EASA international certificate. To obtain a private pilot&#039;s license with which you can fly light aircraft for personal purposes, you must be at least 17 years old.<\/div>\n<\/div>\n<\/div>\n<div class=\"faq\">\n<div class=\"faq_question\">Is it necessary to know a foreign language?<\/div>\n<div class=\"faq_answer_container\">\n<div class=\"faq_answer\">Having knowledge of the English language at an intermediate level - conversational is mandatory in this field. We can help you prepare overtime so you can succeed.<\/div>\n<\/div>\n<\/div>\n<div class=\"faq\">\n<div class=\"faq_question\">Do I have to have experience to be a flight attendant?<\/div>\n<div class=\"faq_answer_container\">\n<div class=\"faq_answer\">Aviation experience is not required, but Public Relations is a strong plus. In the Cabin Crew by JETAV course you will receive all the information you need. Our passionate teachers will guide you every step of the way for you to have a successful career.<\/div>\n<\/div>\n<\/div>\n<div class=\"faq\">\n<div class=\"faq_question\">Do I have to be presentable to sign up?<\/div>\n<div class=\"faq_answer_container\">\n<div class=\"faq_answer\">Certainly not! During the training courses you will learn how to be charismatic and how to present yourself.<\/div>\n<\/div>\n<\/div>\n<\/div>\n<p><!--\/container--><\/p>\n<\/div>\n<\/section>\n<section class=\"bg-blue\">\n<div class=\"container\">\n<div class=\"row-flex flex-space flex-center-m flex-m spaced\">\n<div>\n<p class=\"white no-margin\">WE ARE HERE TO HELP YOU<\/p>\n<h3 class=\"white no-margin\">Let&#039;s talk about your career in aviation.<\/h3>\n<\/div>\n<div class=\"space-vertical\"><a class=\"btn-out-white\" href=\"https:\/\/jetav.ro\/en\/contact\/\">LET&#039;S TALK<\/a><\/div>\n<\/div>\n<p><!--\/container--><\/p>\n<\/div>\n<\/section>","protected":false},"excerpt":{"rendered":"<p>Cursuri \u00eenso\u021bitori de bord \u0218coala de pilo\u021bi Simulatoare de zbor Cursurile Jetav \u0218coala de \u00eenso\u021bitori de bord \u0218coala de Pilo\u0163i Simulatoare de zbor Activit\u0103\u021bi agrement &nbsp; De ce este cursul de \u00censo\u021bitori de bord pentru tine? \u00cencepi o carier\u0103 \u00een avia\u021bie imediat, chiar dac\u0103 nu ai experien\u021b\u0103. Ob\u021bii atestatul EASA recunoscut interna\u021bional la finalizare cursului. [&hellip;]<\/p>\n","protected":false},"author":2,"featured_media":2455,"parent":0,"menu_order":0,"comment_status":"closed","ping_status":"closed","template":"page-acasa.php","meta":{"footnotes":""},"class_list":["post-12","page","type-page","status-publish","has-post-thumbnail","hentry"],"_links":{"self":[{"href":"https:\/\/jetav.ro\/en\/wp-json\/wp\/v2\/pages\/12","targetHints":{"allow":["GET"]}}],"collection":[{"href":"https:\/\/jetav.ro\/en\/wp-json\/wp\/v2\/pages"}],"about":[{"href":"https:\/\/jetav.ro\/en\/wp-json\/wp\/v2\/types\/page"}],"author":[{"embeddable":true,"href":"https:\/\/jetav.ro\/en\/wp-json\/wp\/v2\/users\/2"}],"replies":[{"embeddable":true,"href":"https:\/\/jetav.ro\/en\/wp-json\/wp\/v2\/comments?post=12"}],"version-history":[{"count":21,"href":"https:\/\/jetav.ro\/en\/wp-json\/wp\/v2\/pages\/12\/revisions"}],"predecessor-version":[{"id":3225,"href":"https:\/\/jetav.ro\/en\/wp-json\/wp\/v2\/pages\/12\/revisions\/3225"}],"wp:featuredmedia":[{"embeddable":true,"href":"https:\/\/jetav.ro\/en\/wp-json\/wp\/v2\/media\/2455"}],"wp:attachment":[{"href":"https:\/\/jetav.ro\/en\/wp-json\/wp\/v2\/media?parent=12"}],"curies":[{"name":"wp","href":"https:\/\/api.w.org\/{rel}","templated":true}]}}