{"id":1188,"date":"2023-11-07T08:44:11","date_gmt":"2023-11-07T08:44:11","guid":{"rendered":"https:\/\/jetav.ro\/?page_id=1188"},"modified":"2026-02-27T17:57:36","modified_gmt":"2026-02-27T15:57:36","slug":"jetav-flight-attendant-school","status":"publish","type":"page","link":"https:\/\/jetav.ro\/en\/scoala-pentru-insotitori-de-bord-jetav\/","title":{"rendered":"School for flight attendants JETAV"},"content":{"rendered":"<div class=\"container\">\n<p><img loading=\"lazy\" decoding=\"async\" class=\"aligncenter size-full wp-image-1849\" src=\"https:\/\/jetav.ro\/wp-content\/uploads\/JETAV_website_Cursuri-cabin-crew-2026.png\" alt=\"\" width=\"1280\" height=\"614\" \/><\/p>\n<\/div>\n<div class=\"container\">\n<div class=\"row-grid grid-gap grid-m columns-2\">\n<div>\n<h2>Choose travel as a lifestyle!<\/h2>\n<p><strong>We help you spread your wings to a career full of adventure and satisfaction.<\/strong><\/p>\n<p>Have you recently graduated from high school and are wondering what your next step is? We offer you the unique opportunity to prepare for one of the most fascinating careers. Whether you dream of flying to exotic destinations or being part of a dynamic and passionate team, JETAV is the place where your dreams come true.<\/p>\n<p>In just 3 weeks of training, you&#039;ll gain all the knowledge and skills you need to excel as a flight attendant. Our course is designed to prepare you for both the challenges of flying and the job interview, so you have all the odds on your side.<\/p>\n<p>Be among the first to sign up for our next group of trainees and you will have free accommodation for the duration of the training. We take care of all the details so you can focus on your goal.<\/p>\n<p>We welcome you to join our community of future flight attendants, where the passion for flying and the desire to excel meet. Register now and take the first step towards a successful and rewarding career!<\/p>\n<p>What are you waiting for? Fly to your dreams with JETAV Flight Academy!<\/p>\n<p><a class=\"btn-blue register\" style=\"float: unset;\" href=\"https:\/\/wa.me\/40724518407\" target=\"_blank\" rel=\"noopener\"><i class=\"fab fa-whatsapp\"><\/i> Find out details via Whatsapp!<\/a><\/p>\n<\/div>\n<div id=\"register\">\n<div class=\"spaced-s border-blue\">\n<h3 class=\"text-center\">Come to the JETAV courses!<\/h3>\n\n<div class=\"wpcf7 no-js\" id=\"wpcf7-f1424-o1\" lang=\"ro-RO\" dir=\"ltr\" data-wpcf7-id=\"1424\">\n<div class=\"screen-reader-response\"><p role=\"status\" aria-live=\"polite\" aria-atomic=\"true\"><\/p> <ul><\/ul><\/div>\n<form action=\"\/en\/wp-json\/wp\/v2\/pages\/1188#wpcf7-f1424-o1\" method=\"post\" class=\"wpcf7-form init\" aria-label=\"Contact form\" novalidate=\"novalidate\" data-status=\"init\" data-trp-original-action=\"\/en\/wp-json\/wp\/v2\/pages\/1188#wpcf7-f1424-o1\">\n<fieldset class=\"hidden-fields-container\"><input type=\"hidden\" name=\"_wpcf7\" value=\"1424\" \/><input type=\"hidden\" name=\"_wpcf7_version\" value=\"6.1.5\" \/><input type=\"hidden\" name=\"_wpcf7_locale\" value=\"ro_RO\" \/><input type=\"hidden\" name=\"_wpcf7_unit_tag\" value=\"wpcf7-f1424-o1\" \/><input type=\"hidden\" name=\"_wpcf7_container_post\" value=\"0\" \/><input type=\"hidden\" name=\"_wpcf7_posted_data_hash\" value=\"\" \/>\n<\/fieldset>\n<div class=\"row-flex flex-m flex-gap\">\n\t<p><label><span class=\"wpcf7-form-control-wrap\" data-name=\"your-name\"><input size=\"40\" maxlength=\"400\" class=\"wpcf7-form-control wpcf7-text wpcf7-validates-as-required\" autocomplete=\"name\" aria-required=\"true\" aria-invalid=\"false\" placeholder=\"Your Name.\" value=\"\" type=\"text\" name=\"your-name\" \/><\/span> <\/label>\n\t<\/p>\n\t<p><label><span class=\"wpcf7-form-control-wrap\" data-name=\"phone\"><input size=\"40\" maxlength=\"400\" class=\"wpcf7-form-control wpcf7-tel wpcf7-text wpcf7-validates-as-tel\" aria-invalid=\"false\" placeholder=\"your mobile\" value=\"\" type=\"tel\" name=\"phone\" \/><\/span> <\/label>\n\t<\/p>\n<\/div>\n<div class=\"row-flex flex-m flex-gap\">\n\t<p><label><span class=\"wpcf7-form-control-wrap\" data-name=\"your-email\"><input size=\"40\" maxlength=\"400\" class=\"wpcf7-form-control wpcf7-email wpcf7-validates-as-required wpcf7-text wpcf7-validates-as-email\" autocomplete=\"email\" aria-required=\"true\" aria-invalid=\"false\" placeholder=\"Email address\" value=\"\" type=\"email\" name=\"your-email\" \/><\/span> <\/label>\n\t<\/p>\n\t<p><label><span class=\"wpcf7-form-control-wrap\" data-name=\"your-subject\"><input size=\"40\" maxlength=\"400\" class=\"wpcf7-form-control wpcf7-text wpcf7-validates-as-required\" aria-required=\"true\" aria-invalid=\"false\" placeholder=\"Topic\" value=\"\" type=\"text\" name=\"your-subject\" \/><\/span> <\/label>\n\t<\/p>\n<\/div>\n<p><label><span class=\"wpcf7-form-control-wrap\" data-name=\"your-message\"><textarea cols=\"40\" rows=\"10\" maxlength=\"2000\" class=\"wpcf7-form-control wpcf7-textarea\" aria-invalid=\"false\" placeholder=\"Message\" name=\"your-message\"><\/textarea><\/span> <\/label><br \/>\n<div class=\"cf7-cf-turnstile\" style=\"margin-top: 0px; margin-bottom: -15px;\"> <div id=\"cf-turnstile-cf7-1901021370\" class=\"cf-turnstile\" data-callback=\"turnstileCF7Callback\" data-sitekey=\"0x4AAAAAABs2fGidDok13ue4\" data-theme=\"light\" data-language=\"auto\" data-size=\"normal\" data-retry=\"auto\" data-retry-interval=\"1000\" data-refresh-expired=\"auto\" data-action=\"contact-form-7\" data-appearance=\"always\"><\/div> <style>.wpcf7-submit { pointer-events: none; opacity: 0.5; }<\/style> <script>document.addEventListener(\"DOMContentLoaded\", function() { setTimeout(function(){ var e=document.getElementById(\"cf-turnstile-cf7-1901021370\"); e&&!e.innerHTML.trim()&&(turnstile.remove(\"#cf-turnstile-cf7-1901021370\"), turnstile.render(\"#cf-turnstile-cf7-1901021370\", {sitekey:\"0x4AAAAAABs2fGidDok13ue4\"})); }, 100); });<\/script> <br class=\"cf-turnstile-br cf-turnstile-br-cf7-1901021370\"> <style>#cf-turnstile-cf7-1901021370 { margin-left: -15px; }<\/style> <script>document.addEventListener(\"DOMContentLoaded\",function(){document.querySelectorAll('.wpcf7-form').forEach(function(e){e.addEventListener('submit',function(){if(document.getElementById('cf-turnstile-cf7-1901021370')){setTimeout(function(){turnstile.reset('#cf-turnstile-cf7-1901021370');},1000)}})})});<\/script> <\/div>\n<\/p>\n<p><span class=\"wpcf7-form-control-wrap\" data-name=\"accept-termeni\"><span class=\"wpcf7-form-control wpcf7-acceptance\"><span class=\"wpcf7-list-item\"><label><input type=\"checkbox\" name=\"accept-termeni\" value=\"1\" aria-invalid=\"false\" \/><span class=\"wpcf7-list-item-label\">I accept <a href=\"https:\/\/jetav.ro\/en\/terms-and-conditions\/\">terms and conditions<\/a> Jetav<\/span><\/label><\/span><\/span><\/span>\n<\/p>\n<p><input class=\"wpcf7-form-control wpcf7-submit has-spinner\" type=\"submit\" value=\"send\" \/>\n<\/p><div class=\"wpcf7-response-output\" aria-hidden=\"true\"><\/div>\n<input type=\"hidden\" name=\"trp-form-language\" value=\"en\"\/><\/form>\n<\/div>\n\n<\/div>\n<\/div>\n<\/div>\n<\/div>\n<p>&nbsp;<\/p>\n<section class=\"bg-blue\">\n<div class=\"container\">\n<div class=\"row-flex flex-space flex-center-m flex-m spaced-vertical\">\n<div>\n<h2 class=\"white\">Contact us for details<\/h2>\n<\/div>\n<div class=\"row-flex flex-center\">\n<div><\/div>\n<div>\n<h3 class=\"white\"><small>CALL US<\/small><br \/>\n+4 031 433 84 18<\/h3>\n<\/div>\n<\/div>\n<\/div>\n<\/div>\n<\/section>\n<p>&nbsp;<\/p>\n<div class=\"row-flex flex-middle\">\n<div>\n<h3>We are your partners on the road to success<\/h3>\n<ul class=\"styled\">\n<li>The course lasts 3 weeks<\/li>\n<li>You have an INSURED job*<\/li>\n<li>We offer luxury accommodation on request*<\/li>\n<li>We have simulator of Boeing 737 and Airbus A320<\/li>\n<li>We guide you step by step towards employment with the airline of your choice<\/li>\n<\/ul>\n<\/div>\n<\/div>\n<div class=\"container\">\n<div class=\"row-grid grid-gap grid-m grid-center columns-2 space-vertical\">\n<div><img loading=\"lazy\" decoding=\"async\" class=\"aligncenter\" src=\"https:\/\/jetav.ro\/wp-content\/uploads\/stewardesse-1.png\" alt=\"\" width=\"536\" height=\"536\" \/><\/div>\n<div>\n<h3>Why choose the flight attendant job?<\/h3>\n<ul class=\"styled\">\n<li>A dream job awaits you after completing 12th grade<\/li>\n<li>You travel to places you&#039;ve only dreamed of<\/li>\n<li>Every flight is a unique experience<\/li>\n<li>You meet new people and cultures<\/li>\n<li>You discover yourself<\/li>\n<\/ul>\n<\/div>\n<\/div>\n<\/div>\n<div class=\"container\">\n<div class=\"row-grid grid-gap grid-m grid-center columns-2 space-vertical\">\n<div>\n<h3>Why choose JETAV Academy?<\/h3>\n<ul class=\"styled\">\n<li>INSURED WORKPLACE** within the unique partnership with companies from Romania and Europe<\/li>\n<li>Internationally recognized and appreciated EASA license<\/li>\n<li>Lecturers with vast EXPERIENCE and ACTIVITIES within Romanian airlines<\/li>\n<li>INTERVIEW preparation course for AIRLINE companies<\/li>\n<li>PHOTO Session \u2013 photos for the interview<\/li>\n<li>Preparation of CV compatible with the requirements of the Airline Companies<\/li>\n<\/ul>\n<\/div>\n<div><img loading=\"lazy\" decoding=\"async\" class=\"aligncenter\" src=\"https:\/\/jetav.ro\/wp-content\/uploads\/stewardesse-2.png\" alt=\"\" width=\"536\" height=\"536\" \/><\/div>\n<\/div>\n<\/div>\n<section class=\"bg-grey spaced\">\n<div class=\"container\">\n<h2 class=\"text-center\">How easy is it to sign up and what do you need?<\/h2>\n<p class=\"text-center\">12th grade diploma or Baccalaureate Diploma<\/p>\n<p class=\"text-center\">English language, medium-conversational level<\/p>\n<p class=\"text-center\">The minimum age to take the EASA exam is 18 years<\/p>\n<p class=\"text-center\"><a class=\"btn\" href=\"#register\">Sign up now<\/a><\/p>\n<\/div>\n<\/section>\n<div class=\"container\">\n<h2 class=\"text-center\">Your investment<\/h2>\n<section class=\"price-table\">\n<div class=\"price-content\">\n<h4 class=\"no-margin white\"><strong>PROMO PRICE<\/strong><\/h4>\n<h1 class=\"no-margin yellow\"><strong>1350\u20ac<\/strong><\/h1>\n<p class=\"no-margin\"><small>Full payment<\/small><\/p>\n<\/div>\n<div class=\"price-content\">\n<h4 class=\"no-margin white\"><strong>PROMO PRICE<\/strong><\/h4>\n<h1 class=\"no-margin yellow\"><strong>1200\u20ac<\/strong><\/h1>\n<p class=\"no-margin\"><small>Orientation experience<\/small><\/p>\n<\/div>\n<\/section>\n<\/div>\n<div class=\"container\">\n<h2>You benefit FREE from:<\/h2>\n<div class=\"row-grid grid-gap grid-m columns-2\">\n<div>\n<ul class=\"styled\">\n<li>Customer Service (learn the etiquette and manners of a top flight attendant)<\/li>\n<li>Grooming (We help you become the best version of you and look flawless)<\/li>\n<li>How to Introduce Yourself (Introductory Interview Course and Best Practices)<\/li>\n<li>Preparing a CV<\/li>\n<li>Free accommodation if you are not from Bucharest<\/li>\n<\/ul>\n<\/div>\n<div>\n<ul class=\"styled\">\n<li>Photo\/video session during the course<\/li>\n<li>Access to the JETAV jobs and information platform<\/li>\n<li>Access to all existing equipment in a passenger aircraft<\/li>\n<\/ul>\n<\/div>\n<\/div>\n<\/div>\n<div class=\"container\">\n<div class=\"row-grid grid-gap grid-m columns-2\">\n<div>\n<h2>They are not included<\/h2>\n<ul class=\"styled\">\n<li>Medical certification 400 lei<\/li>\n<li>Survival training \u20ac180 (practical test)<\/li>\n<\/ul>\n<\/div>\n<div>\n<h2>BONUS<\/h2>\n<ul class=\"styled\">\n<li>Visit active pilots \/ flight attendants in top companies during the course!<\/li>\n<\/ul>\n<\/div>\n<\/div>\n<\/div>\n<section class=\"bg-dark-blue\">\n<div class=\"container\">\n<div class=\"row-flex flex-space flex-center-m flex-m spaced-vertical\">\n<div>\n<h2 class=\"white\">Enjoy a career at the top<\/h2>\n<\/div>\n<div><a class=\"btn-yellow\" href=\"#register\">SIGN UP NOW<\/a><\/div>\n<\/div>\n<\/div>\n<\/section>\n<div class=\"container\">\n<h2 class=\"text-center\">Our instructors<\/h2>\n<p class=\"text-center\">The students&#039; teachers are aviation instructors with over 20 years of experience!<\/p>\n<\/div>\n<div class=\"container\">\n<section class=\"team\">\n<div class=\"team-post-entry\">\n<p><img decoding=\"async\" src=\"https:\/\/jetav.ro\/wp-content\/uploads\/Cristina-Jurca.png\" alt=\"\" \/><\/p>\n<div class=\"team-content\">\n<header class=\"entry-header\">\n<h2>Cristina Jurca<\/h2>\n<\/header>\n<div class=\"entry-content\"><small>Teaches: Job Interview Preparation <\/small><\/div>\n<\/div>\n<\/div>\n<div class=\"team-post-entry\">\n<p><img decoding=\"async\" src=\"https:\/\/jetav.ro\/wp-content\/uploads\/Daniel-Raducu.png\" alt=\"\" \/><\/p>\n<div class=\"team-content\">\n<header class=\"entry-header\">\n<h2>Daniel Raducu<\/h2>\n<\/header>\n<div class=\"entry-content\"><small>Teaches: Theory of Flight<\/small><\/div>\n<\/div>\n<\/div>\n<div class=\"team-post-entry\">\n<p><img decoding=\"async\" src=\"https:\/\/jetav.ro\/wp-content\/uploads\/Cristina-Cazan.png\" alt=\"\" \/><\/p>\n<div class=\"team-content\">\n<header class=\"entry-header\">\n<h2>Cristina Cazan<\/h2>\n<\/header>\n<div class=\"entry-content\"><small>Teaches: English Communication <\/small><\/div>\n<\/div>\n<\/div>\n<div class=\"team-post-entry\">\n<p><img decoding=\"async\" src=\"https:\/\/jetav.ro\/wp-content\/uploads\/team-placeholder.png\" alt=\"\" \/><\/p>\n<div class=\"team-content\">\n<header class=\"entry-header\">\n<h2>Adriana Ionita<\/h2>\n<\/header>\n<div class=\"entry-content\"><small>Teaches: Legislation and Regulations<\/small><\/div>\n<\/div>\n<\/div>\n<div class=\"team-post-entry\">\n<p><img decoding=\"async\" src=\"https:\/\/jetav.ro\/wp-content\/uploads\/team-placeholder.png\" alt=\"\" \/><\/p>\n<div class=\"team-content\">\n<header class=\"entry-header\">\n<h2>Marinita Dan<\/h2>\n<\/header>\n<div class=\"entry-content\"><small>Teaches: Aeronautical Security<\/small><\/div>\n<\/div>\n<\/div>\n<div class=\"team-post-entry\">\n<p><img decoding=\"async\" src=\"https:\/\/jetav.ro\/wp-content\/uploads\/team-placeholder.png\" alt=\"\" \/><\/p>\n<div class=\"team-content\">\n<header class=\"entry-header\">\n<h2>Anne-Marie Ionita<\/h2>\n<\/header>\n<div class=\"entry-content\"><small>Teaches: Aviation Emergency Procedures<\/small><\/div>\n<\/div>\n<\/div>\n<div class=\"team-post-entry\">\n<p><img decoding=\"async\" src=\"https:\/\/jetav.ro\/wp-content\/uploads\/team-placeholder.png\" alt=\"\" \/><\/p>\n<div class=\"team-content\">\n<header class=\"entry-header\">\n<h2>Dr. Costea Florea<\/h2>\n<\/header>\n<div class=\"entry-content\"><small>Teaches: Medicine<\/small><\/div>\n<\/div>\n<\/div>\n<div class=\"team-post-entry\">\n<p><img decoding=\"async\" src=\"https:\/\/jetav.ro\/wp-content\/uploads\/team-placeholder.png\" alt=\"\" \/><\/p>\n<div class=\"team-content\">\n<header class=\"entry-header\">\n<h2>Adriana Ionita<\/h2>\n<\/header>\n<div class=\"entry-content\"><small>Teaches: Crew Resource Management<\/small><\/div>\n<\/div>\n<\/div>\n<\/section>\n<\/div>\n<div class=\"container\">\n<h2 class=\"text-center\">What students say about us<\/h2>\n<div data-src=\"https:\/\/cdn.trustindex.io\/loader.js?9087f3729423474ed876936f427\"><\/div>\n<\/div>\n<div class=\"container\">\n<h2>Our students<\/h2>\n<div id='gallery-1' class='gallery galleryid-1188 gallery-columns-3 gallery-size-thumbnail'><figure class='gallery-item'>\n\t\t\t<div class='gallery-icon landscape'>\n\t\t\t\t<a href=\"https:\/\/jetav.ro\/wp-content\/uploads\/Cursantii-nostri-3.png\" title=\"\" data-rl_title=\"\" class=\"rl-gallery-link\" data-rl_caption=\"\" data-rel=\"lightbox-gallery-1\" data-rl_><img loading=\"lazy\" decoding=\"async\" width=\"420\" height=\"420\" src=\"https:\/\/jetav.ro\/wp-content\/uploads\/Cursantii-nostri-3-420x420.png\" class=\"attachment-thumbnail size-thumbnail\" alt=\"\" srcset=\"https:\/\/jetav.ro\/wp-content\/uploads\/Cursantii-nostri-3-420x420.png 420w, https:\/\/jetav.ro\/wp-content\/uploads\/Cursantii-nostri-3-12x12.png 12w, https:\/\/jetav.ro\/wp-content\/uploads\/Cursantii-nostri-3-120x120.png 120w, https:\/\/jetav.ro\/wp-content\/uploads\/Cursantii-nostri-3.png 424w\" sizes=\"auto, (max-width: 420px) 100vw, 420px\" \/><\/a>\n\t\t\t<\/div><\/figure><figure class='gallery-item'>\n\t\t\t<div class='gallery-icon landscape'>\n\t\t\t\t<a href=\"https:\/\/jetav.ro\/wp-content\/uploads\/Cursantii-nostri-2.png\" title=\"\" data-rl_title=\"\" class=\"rl-gallery-link\" data-rl_caption=\"\" data-rel=\"lightbox-gallery-1\" data-rl_><img loading=\"lazy\" decoding=\"async\" width=\"420\" height=\"420\" src=\"https:\/\/jetav.ro\/wp-content\/uploads\/Cursantii-nostri-2-420x420.png\" class=\"attachment-thumbnail size-thumbnail\" alt=\"\" srcset=\"https:\/\/jetav.ro\/wp-content\/uploads\/Cursantii-nostri-2-420x420.png 420w, https:\/\/jetav.ro\/wp-content\/uploads\/Cursantii-nostri-2-12x12.png 12w, https:\/\/jetav.ro\/wp-content\/uploads\/Cursantii-nostri-2-120x120.png 120w, https:\/\/jetav.ro\/wp-content\/uploads\/Cursantii-nostri-2.png 424w\" sizes=\"auto, (max-width: 420px) 100vw, 420px\" \/><\/a>\n\t\t\t<\/div><\/figure><figure class='gallery-item'>\n\t\t\t<div class='gallery-icon landscape'>\n\t\t\t\t<a href=\"https:\/\/jetav.ro\/wp-content\/uploads\/Cursantii-nostri-1.png\" title=\"\" data-rl_title=\"\" class=\"rl-gallery-link\" data-rl_caption=\"\" data-rel=\"lightbox-gallery-1\" data-rl_><img loading=\"lazy\" decoding=\"async\" width=\"420\" height=\"420\" src=\"https:\/\/jetav.ro\/wp-content\/uploads\/Cursantii-nostri-1-420x420.png\" class=\"attachment-thumbnail size-thumbnail\" alt=\"\" srcset=\"https:\/\/jetav.ro\/wp-content\/uploads\/Cursantii-nostri-1-420x420.png 420w, https:\/\/jetav.ro\/wp-content\/uploads\/Cursantii-nostri-1-12x12.png 12w, https:\/\/jetav.ro\/wp-content\/uploads\/Cursantii-nostri-1-120x120.png 120w, https:\/\/jetav.ro\/wp-content\/uploads\/Cursantii-nostri-1.png 424w\" sizes=\"auto, (max-width: 420px) 100vw, 420px\" \/><\/a>\n\t\t\t<\/div><\/figure>\n\t\t<\/div>\n\n<\/div>","protected":false},"excerpt":{"rendered":"<p>Alege c\u0103l\u0103toria ca stil de via\u0163\u0103! Te ajut\u0103m s\u0103 \u00ee\u021bi deschizi aripile c\u0103tre o carier\u0103 plin\u0103 de aventur\u0103 \u0219i satisfac\u021bii. Ai absolvit recent liceu \u0219i te \u00eentrebi care este urm\u0103torul pas? \u00ce\u021bi oferim ocazia unic\u0103 de a te preg\u0103ti pentru una dintre cele mai fascinante cariere. Fie c\u0103 visezi s\u0103 zbori spre destina\u021bii exotice sau [&hellip;]<\/p>\n","protected":false},"author":2,"featured_media":1333,"parent":0,"menu_order":0,"comment_status":"closed","ping_status":"closed","template":"page-header.php","meta":{"footnotes":""},"class_list":["post-1188","page","type-page","status-publish","has-post-thumbnail","hentry"],"_links":{"self":[{"href":"https:\/\/jetav.ro\/en\/wp-json\/wp\/v2\/pages\/1188","targetHints":{"allow":["GET"]}}],"collection":[{"href":"https:\/\/jetav.ro\/en\/wp-json\/wp\/v2\/pages"}],"about":[{"href":"https:\/\/jetav.ro\/en\/wp-json\/wp\/v2\/types\/page"}],"author":[{"embeddable":true,"href":"https:\/\/jetav.ro\/en\/wp-json\/wp\/v2\/users\/2"}],"replies":[{"embeddable":true,"href":"https:\/\/jetav.ro\/en\/wp-json\/wp\/v2\/comments?post=1188"}],"version-history":[{"count":53,"href":"https:\/\/jetav.ro\/en\/wp-json\/wp\/v2\/pages\/1188\/revisions"}],"predecessor-version":[{"id":5737,"href":"https:\/\/jetav.ro\/en\/wp-json\/wp\/v2\/pages\/1188\/revisions\/5737"}],"wp:featuredmedia":[{"embeddable":true,"href":"https:\/\/jetav.ro\/en\/wp-json\/wp\/v2\/media\/1333"}],"wp:attachment":[{"href":"https:\/\/jetav.ro\/en\/wp-json\/wp\/v2\/media?parent=1188"}],"curies":[{"name":"wp","href":"https:\/\/api.w.org\/{rel}","templated":true}]}}